{"id":76,"date":"2019-11-21T21:51:49","date_gmt":"2019-11-21T21:51:49","guid":{"rendered":"http:\/\/travelchair.de\/?page_id=76"},"modified":"2020-03-13T20:43:58","modified_gmt":"2020-03-13T20:43:58","slug":"planung-und-vorbereitung","status":"publish","type":"page","link":"https:\/\/travelchair.de\/?page_id=76","title":{"rendered":"Planung und Vorbereitung"},"content":{"rendered":"<h1><strong>Infos sammeln<\/strong><\/h1>\n<h4>Lekt\u00fcre<\/h4>\n<p>Zwei Reisef\u00fchrer, die wir ausgiebig studieren.<\/p>\n<p><img loading=\"lazy\" decoding=\"async\" class=\"alignnone size-medium wp-image-326\" src=\"http:\/\/travelchair.de\/wp-content\/uploads\/2020\/03\/20200228_221351-300x225.jpg\" alt=\"\" width=\"300\" height=\"225\" srcset=\"https:\/\/travelchair.de\/wp-content\/uploads\/2020\/03\/20200228_221351-300x225.jpg 300w, https:\/\/travelchair.de\/wp-content\/uploads\/2020\/03\/20200228_221351-768x576.jpg 768w, https:\/\/travelchair.de\/wp-content\/uploads\/2020\/03\/20200228_221351.jpg 800w\" sizes=\"auto, (max-width: 300px) 100vw, 300px\" \/><\/p>\n<p><img loading=\"lazy\" decoding=\"async\" class=\"alignnone size-medium wp-image-327\" src=\"http:\/\/travelchair.de\/wp-content\/uploads\/2020\/03\/20200228_221435-225x300.jpg\" alt=\"\" width=\"225\" height=\"300\" srcset=\"https:\/\/travelchair.de\/wp-content\/uploads\/2020\/03\/20200228_221435-225x300.jpg 225w, https:\/\/travelchair.de\/wp-content\/uploads\/2020\/03\/20200228_221435.jpg 450w\" sizes=\"auto, (max-width: 225px) 100vw, 225px\" \/><\/p>\n<p>&nbsp;<\/p>\n<h4>APPs<\/h4>\n<p>camping.info<\/p>\n<p>vedur<\/p>\n<p>Nordic Navi<\/p>\n<p>TravAble<\/p>\n<p>ReykjavikCity<\/p>\n<p>Icelandic Dictionary<\/p>\n<p>&nbsp;<\/p>\n<h4>Navigation<\/h4>\n<p>Garmin DriveSmart 61<\/p>\n<p>&nbsp;<\/p>\n<h4>N\u00fctzliche Links<\/h4>\n<h4>Maskottchen &#8222;Teod\u00f6ttir und J\u00f6rgend\u00f6ttir&#8220;<\/h4>\n<p><img loading=\"lazy\" decoding=\"async\" class=\"alignnone size-medium wp-image-417\" src=\"http:\/\/travelchair.de\/wp-content\/uploads\/2020\/03\/IMG-20200313-WA0009-225x300.jpg\" alt=\"\" width=\"225\" height=\"300\" srcset=\"https:\/\/travelchair.de\/wp-content\/uploads\/2020\/03\/IMG-20200313-WA0009-225x300.jpg 225w, https:\/\/travelchair.de\/wp-content\/uploads\/2020\/03\/IMG-20200313-WA0009.jpg 450w\" sizes=\"auto, (max-width: 225px) 100vw, 225px\" \/><\/p>\n<p>Da bei der Wohnmobilreservierung versehentlich &#8222;two seat and sheep places&#8220; gew\u00fcnscht wurden und McRent uns diese nicht zur Verf\u00fcgung stellen konnten, war Eigeninitiative gefragt. Diese beiden Schafe freuen sich schon wie Bolle auf unsere Tour &#8211; und stubenrein sind sie auch (selbst gefilzt unter Mitwirkung von<a href=\"http:\/\/www.filzfrieda.de\"> www.filzfrieda.de<\/a>).<\/p>\n<div class=\"pvc_clear\"><\/div>\n<p id=\"pvc_stats_76\" class=\"pvc_stats all  \" data-element-id=\"76\" style=\"\"><i class=\"pvc-stats-icon medium\" aria-hidden=\"true\"><svg aria-hidden=\"true\" focusable=\"false\" data-prefix=\"far\" data-icon=\"chart-bar\" role=\"img\" xmlns=\"http:\/\/www.w3.org\/2000\/svg\" viewBox=\"0 0 512 512\" class=\"svg-inline--fa fa-chart-bar fa-w-16 fa-2x\"><path fill=\"currentColor\" d=\"M396.8 352h22.4c6.4 0 12.8-6.4 12.8-12.8V108.8c0-6.4-6.4-12.8-12.8-12.8h-22.4c-6.4 0-12.8 6.4-12.8 12.8v230.4c0 6.4 6.4 12.8 12.8 12.8zm-192 0h22.4c6.4 0 12.8-6.4 12.8-12.8V140.8c0-6.4-6.4-12.8-12.8-12.8h-22.4c-6.4 0-12.8 6.4-12.8 12.8v198.4c0 6.4 6.4 12.8 12.8 12.8zm96 0h22.4c6.4 0 12.8-6.4 12.8-12.8V204.8c0-6.4-6.4-12.8-12.8-12.8h-22.4c-6.4 0-12.8 6.4-12.8 12.8v134.4c0 6.4 6.4 12.8 12.8 12.8zM496 400H48V80c0-8.84-7.16-16-16-16H16C7.16 64 0 71.16 0 80v336c0 17.67 14.33 32 32 32h464c8.84 0 16-7.16 16-16v-16c0-8.84-7.16-16-16-16zm-387.2-48h22.4c6.4 0 12.8-6.4 12.8-12.8v-70.4c0-6.4-6.4-12.8-12.8-12.8h-22.4c-6.4 0-12.8 6.4-12.8 12.8v70.4c0 6.4 6.4 12.8 12.8 12.8z\" class=\"\"><\/path><\/svg><\/i> <img loading=\"lazy\" decoding=\"async\" width=\"16\" height=\"16\" alt=\"Loading\" src=\"https:\/\/travelchair.de\/wp-content\/plugins\/page-views-count\/ajax-loader-2x.gif\" border=0 \/><\/p>\n<div class=\"pvc_clear\"><\/div>\n","protected":false},"excerpt":{"rendered":"<p>Infos sammeln Lekt\u00fcre Zwei Reisef\u00fchrer, die wir ausgiebig studieren. &nbsp; APPs camping.info vedur Nordic Navi TravAble ReykjavikCity Icelandic Dictionary &nbsp; Navigation Garmin DriveSmart 61 &nbsp; N\u00fctzliche Links Maskottchen &#8222;Teod\u00f6ttir und J\u00f6rgend\u00f6ttir&#8220; Da bei der Wohnmobilreservierung versehentlich &#8222;two seat and sheep places&#8220; gew\u00fcnscht wurden und McRent uns diese nicht zur Verf\u00fcgung stellen konnten, war Eigeninitiative gefragt. &hellip; <a href=\"https:\/\/travelchair.de\/?page_id=76\" class=\"more-link\"><span class=\"screen-reader-text\">Planung und Vorbereitung<\/span> weiterlesen <span class=\"meta-nav\">&rarr;<\/span><\/a><\/p>\n<div class=\"pvc_clear\"><\/div>\n<p id=\"pvc_stats_76\" class=\"pvc_stats all  \" data-element-id=\"76\" style=\"\"><i class=\"pvc-stats-icon medium\" aria-hidden=\"true\"><svg aria-hidden=\"true\" focusable=\"false\" data-prefix=\"far\" data-icon=\"chart-bar\" role=\"img\" xmlns=\"http:\/\/www.w3.org\/2000\/svg\" viewBox=\"0 0 512 512\" class=\"svg-inline--fa fa-chart-bar fa-w-16 fa-2x\"><path fill=\"currentColor\" d=\"M396.8 352h22.4c6.4 0 12.8-6.4 12.8-12.8V108.8c0-6.4-6.4-12.8-12.8-12.8h-22.4c-6.4 0-12.8 6.4-12.8 12.8v230.4c0 6.4 6.4 12.8 12.8 12.8zm-192 0h22.4c6.4 0 12.8-6.4 12.8-12.8V140.8c0-6.4-6.4-12.8-12.8-12.8h-22.4c-6.4 0-12.8 6.4-12.8 12.8v198.4c0 6.4 6.4 12.8 12.8 12.8zm96 0h22.4c6.4 0 12.8-6.4 12.8-12.8V204.8c0-6.4-6.4-12.8-12.8-12.8h-22.4c-6.4 0-12.8 6.4-12.8 12.8v134.4c0 6.4 6.4 12.8 12.8 12.8zM496 400H48V80c0-8.84-7.16-16-16-16H16C7.16 64 0 71.16 0 80v336c0 17.67 14.33 32 32 32h464c8.84 0 16-7.16 16-16v-16c0-8.84-7.16-16-16-16zm-387.2-48h22.4c6.4 0 12.8-6.4 12.8-12.8v-70.4c0-6.4-6.4-12.8-12.8-12.8h-22.4c-6.4 0-12.8 6.4-12.8 12.8v70.4c0 6.4 6.4 12.8 12.8 12.8z\" class=\"\"><\/path><\/svg><\/i> <img loading=\"lazy\" decoding=\"async\" width=\"16\" height=\"16\" alt=\"Loading\" src=\"https:\/\/travelchair.de\/wp-content\/plugins\/page-views-count\/ajax-loader-2x.gif\" border=0 \/><\/p>\n<div class=\"pvc_clear\"><\/div>\n","protected":false},"author":1,"featured_media":424,"parent":0,"menu_order":0,"comment_status":"closed","ping_status":"closed","template":"","meta":{"footnotes":""},"class_list":["post-76","page","type-page","status-publish","has-post-thumbnail","hentry"],"a3_pvc":{"activated":true,"total_views":251,"today_views":1},"_links":{"self":[{"href":"https:\/\/travelchair.de\/index.php?rest_route=\/wp\/v2\/pages\/76","targetHints":{"allow":["GET"]}}],"collection":[{"href":"https:\/\/travelchair.de\/index.php?rest_route=\/wp\/v2\/pages"}],"about":[{"href":"https:\/\/travelchair.de\/index.php?rest_route=\/wp\/v2\/types\/page"}],"author":[{"embeddable":true,"href":"https:\/\/travelchair.de\/index.php?rest_route=\/wp\/v2\/users\/1"}],"replies":[{"embeddable":true,"href":"https:\/\/travelchair.de\/index.php?rest_route=%2Fwp%2Fv2%2Fcomments&post=76"}],"version-history":[{"count":9,"href":"https:\/\/travelchair.de\/index.php?rest_route=\/wp\/v2\/pages\/76\/revisions"}],"predecessor-version":[{"id":418,"href":"https:\/\/travelchair.de\/index.php?rest_route=\/wp\/v2\/pages\/76\/revisions\/418"}],"wp:featuredmedia":[{"embeddable":true,"href":"https:\/\/travelchair.de\/index.php?rest_route=\/wp\/v2\/media\/424"}],"wp:attachment":[{"href":"https:\/\/travelchair.de\/index.php?rest_route=%2Fwp%2Fv2%2Fmedia&parent=76"}],"curies":[{"name":"wp","href":"https:\/\/api.w.org\/{rel}","templated":true}]}}