{"id":73,"date":"2019-11-21T21:49:13","date_gmt":"2019-11-21T21:49:13","guid":{"rendered":"http:\/\/travelchair.de\/?page_id=73"},"modified":"2020-03-07T22:19:32","modified_gmt":"2020-03-07T22:19:32","slug":"baumwipfelpfad","status":"publish","type":"page","link":"https:\/\/travelchair.de\/?page_id=73","title":{"rendered":"Baumwipfelpfad\/ Wildpark"},"content":{"rendered":"<p>WERBUNG, DA NENNUNG!<\/p>\n<p>&nbsp;<\/p>\n<h1><strong>Heide Himmel &#8211; Baumwipfelpfad Nindorf<\/strong><\/h1>\n<p>Der noch recht neue Baumwipfelpfad bei Nindorf liegt direkt neben dem Wildpark.<\/p>\n<p>Ge\u00f6ffnet von 10 &#8211; 18 Uhr, Eintritt ab 9 \u20ac pro Person, Begleitpersonen zahlen keinen Eintritt. Es gibt Familienkarten und Kombitickets Heide Himmel\/Wildpark. Hunde d\u00fcrfen nicht auf den Steg, im Eingangsbereich kann man kleine Hunde-Appartements mieten.<\/p>\n<p>Der Pfad ist barrierefrei und leicht ansteigend. Ein 700 m langer Holzsteg in bis zu 22 m H\u00f6he f\u00fchrt bis zu einem\u00a0 45 m hohen Aussichtsturm, von wo man aus einen weiten Blick \u00fcber die L\u00fcneburger Heide bis zum Hamburger Hafen hat. Ein Aufzug ist vorhanden.<\/p>\n<p>Entlang des Stegs sind diverse Informationstafeln f\u00fcr Jung und Alt, die viel Wissenswertes \u00fcber Flora und Fauna der Region zeigen.<\/p>\n<p>Der Pfad f\u00fchrt zu einem Teil \u00fcber den benachbarten Wildpark, so dass man zum Beispiel die W\u00f6lfe von oben beobachten kann.<\/p>\n<p>Vom Turm aus gelangt man wieder zum Ein-\/Ausgang, mit Kiosk und einem barrierefreien WC, oder man kann durch einen Nebeingang direkt zum Wildpark wechseln. Man kann nat\u00fcrlich auch den Steg wieder hinunterrollen, macht allerdings nur Spa\u00df, wenn er nicht zu voll ist.<\/p>\n<p>&nbsp;<\/p>\n<p>&nbsp;<\/p>\n<p><img loading=\"lazy\" decoding=\"async\" class=\"alignnone size-medium wp-image-98\" src=\"http:\/\/travelchair.de\/wp-content\/uploads\/2020\/01\/20191013_110323-300x225.jpg\" alt=\"\" width=\"300\" height=\"225\" srcset=\"https:\/\/travelchair.de\/wp-content\/uploads\/2020\/01\/20191013_110323-300x225.jpg 300w, https:\/\/travelchair.de\/wp-content\/uploads\/2020\/01\/20191013_110323-768x576.jpg 768w, https:\/\/travelchair.de\/wp-content\/uploads\/2020\/01\/20191013_110323.jpg 800w\" sizes=\"auto, (max-width: 300px) 100vw, 300px\" \/><\/p>\n<p><img loading=\"lazy\" decoding=\"async\" class=\"alignnone size-medium wp-image-97\" src=\"http:\/\/travelchair.de\/wp-content\/uploads\/2020\/01\/20191013_105953-225x300.jpg\" alt=\"\" width=\"225\" height=\"300\" srcset=\"https:\/\/travelchair.de\/wp-content\/uploads\/2020\/01\/20191013_105953-225x300.jpg 225w, https:\/\/travelchair.de\/wp-content\/uploads\/2020\/01\/20191013_105953.jpg 450w\" sizes=\"auto, (max-width: 225px) 100vw, 225px\" \/> <img loading=\"lazy\" decoding=\"async\" class=\"alignnone size-medium wp-image-99\" src=\"http:\/\/travelchair.de\/wp-content\/uploads\/2020\/01\/20191013_113118-225x300.jpg\" alt=\"\" width=\"225\" height=\"300\" srcset=\"https:\/\/travelchair.de\/wp-content\/uploads\/2020\/01\/20191013_113118-225x300.jpg 225w, https:\/\/travelchair.de\/wp-content\/uploads\/2020\/01\/20191013_113118.jpg 450w\" sizes=\"auto, (max-width: 225px) 100vw, 225px\" \/><\/p>\n<p><img loading=\"lazy\" decoding=\"async\" class=\"alignnone size-medium wp-image-116\" src=\"http:\/\/travelchair.de\/wp-content\/uploads\/2020\/01\/20191013_105208-300x102.jpg\" alt=\"\" width=\"300\" height=\"102\" srcset=\"https:\/\/travelchair.de\/wp-content\/uploads\/2020\/01\/20191013_105208-300x102.jpg 300w, https:\/\/travelchair.de\/wp-content\/uploads\/2020\/01\/20191013_105208-768x262.jpg 768w, https:\/\/travelchair.de\/wp-content\/uploads\/2020\/01\/20191013_105208.jpg 800w\" sizes=\"auto, (max-width: 300px) 100vw, 300px\" \/><\/p>\n<p><img loading=\"lazy\" decoding=\"async\" class=\"alignnone size-medium wp-image-117\" src=\"http:\/\/travelchair.de\/wp-content\/uploads\/2020\/01\/20191013_110543-300x159.jpg\" alt=\"\" width=\"300\" height=\"159\" srcset=\"https:\/\/travelchair.de\/wp-content\/uploads\/2020\/01\/20191013_110543-300x159.jpg 300w, https:\/\/travelchair.de\/wp-content\/uploads\/2020\/01\/20191013_110543-768x407.jpg 768w, https:\/\/travelchair.de\/wp-content\/uploads\/2020\/01\/20191013_110543.jpg 800w\" sizes=\"auto, (max-width: 300px) 100vw, 300px\" \/><\/p>\n<p><img loading=\"lazy\" decoding=\"async\" class=\"alignnone size-medium wp-image-118\" src=\"http:\/\/travelchair.de\/wp-content\/uploads\/2020\/01\/IMG-20191014-WA0006-225x300.jpg\" alt=\"\" width=\"225\" height=\"300\" srcset=\"https:\/\/travelchair.de\/wp-content\/uploads\/2020\/01\/IMG-20191014-WA0006-225x300.jpg 225w, https:\/\/travelchair.de\/wp-content\/uploads\/2020\/01\/IMG-20191014-WA0006.jpg 450w\" sizes=\"auto, (max-width: 225px) 100vw, 225px\" \/><\/p>\n<p><a href=\"https:\/\/heide-himmel.de\/\">https:\/\/heide-himmel.de\/<\/a><\/p>\n<p>&nbsp;<\/p>\n<p>&nbsp;<\/p>\n<h1><strong>Wildpark L\u00fcneburger Heide<\/strong><\/h1>\n<p>Ganzj\u00e4hrig ge\u00f6ffnet von 9.30 &#8211; 16.30 h (1.11. &#8211; 28.2.) bzw. 8 &#8211; 19 h\u00a0\u00a0\u00a0\u00a0\u00a0\u00a0 ( 1.3. &#8211; 31.10.), Eintritt ab 12 \u20ac. Hunde d\u00fcrfen angeleint mit in den Park.<\/p>\n<p>Der Park beheimatet \u00fcber 1200 Tiere, einheimische sowie auch exotische. Das Gel\u00e4nde ist weitl\u00e4ufig und auch sehr h\u00fcgelig, mit einigen steilen Passagen. Bei N\u00e4sse sind manche Wege matschig und rutschig. Im Park verteilt sind Restaurants, Kioske, Spielpl\u00e4tze und WCs, zum Teil barrierefrei.<\/p>\n<p>An Automaten kann man kleine Portionen Tierfutter kaufen, f\u00fcr meinen Geschmack etwas zu viel, da manche Tiere nur noch auf die Futterstellen starren. Es gibt ein gro\u00dfes Gehege mit freilaufendem Dammwild und einen kleineren Streichelzoo am Haupteingang. Sehr interessant ist die Flugshow mit Raubv\u00f6geln und Eulen.<\/p>\n<p><img loading=\"lazy\" decoding=\"async\" class=\"alignnone size-medium wp-image-109\" src=\"http:\/\/travelchair.de\/wp-content\/uploads\/2020\/01\/20191013_114333-225x300.jpg\" alt=\"\" width=\"225\" height=\"300\" srcset=\"https:\/\/travelchair.de\/wp-content\/uploads\/2020\/01\/20191013_114333-225x300.jpg 225w, https:\/\/travelchair.de\/wp-content\/uploads\/2020\/01\/20191013_114333.jpg 450w\" sizes=\"auto, (max-width: 225px) 100vw, 225px\" \/><\/p>\n<p><img loading=\"lazy\" decoding=\"async\" class=\"alignnone size-medium wp-image-110\" src=\"http:\/\/travelchair.de\/wp-content\/uploads\/2020\/01\/20191013_115330-300x225.jpg\" alt=\"\" width=\"300\" height=\"225\" srcset=\"https:\/\/travelchair.de\/wp-content\/uploads\/2020\/01\/20191013_115330-300x225.jpg 300w, https:\/\/travelchair.de\/wp-content\/uploads\/2020\/01\/20191013_115330-768x576.jpg 768w, https:\/\/travelchair.de\/wp-content\/uploads\/2020\/01\/20191013_115330.jpg 800w\" sizes=\"auto, (max-width: 300px) 100vw, 300px\" \/><\/p>\n<p><img loading=\"lazy\" decoding=\"async\" class=\"alignnone size-medium wp-image-111\" src=\"http:\/\/travelchair.de\/wp-content\/uploads\/2020\/01\/20191013_154506-225x300.jpg\" alt=\"\" width=\"225\" height=\"300\" srcset=\"https:\/\/travelchair.de\/wp-content\/uploads\/2020\/01\/20191013_154506-225x300.jpg 225w, https:\/\/travelchair.de\/wp-content\/uploads\/2020\/01\/20191013_154506.jpg 450w\" sizes=\"auto, (max-width: 225px) 100vw, 225px\" \/><\/p>\n<p><img loading=\"lazy\" decoding=\"async\" class=\"alignnone size-medium wp-image-112\" src=\"http:\/\/travelchair.de\/wp-content\/uploads\/2020\/01\/20191013_232344-300x270.jpg\" alt=\"\" width=\"300\" height=\"270\" srcset=\"https:\/\/travelchair.de\/wp-content\/uploads\/2020\/01\/20191013_232344-300x270.jpg 300w, https:\/\/travelchair.de\/wp-content\/uploads\/2020\/01\/20191013_232344.jpg 667w\" sizes=\"auto, (max-width: 300px) 100vw, 300px\" \/><\/p>\n<p><img loading=\"lazy\" decoding=\"async\" class=\"alignnone size-medium wp-image-113\" src=\"http:\/\/travelchair.de\/wp-content\/uploads\/2020\/01\/IMG-20191013-WA0016-225x300.jpg\" alt=\"\" width=\"225\" height=\"300\" srcset=\"https:\/\/travelchair.de\/wp-content\/uploads\/2020\/01\/IMG-20191013-WA0016-225x300.jpg 225w, https:\/\/travelchair.de\/wp-content\/uploads\/2020\/01\/IMG-20191013-WA0016.jpg 450w\" sizes=\"auto, (max-width: 225px) 100vw, 225px\" \/><\/p>\n<p><img loading=\"lazy\" decoding=\"async\" class=\"alignnone size-medium wp-image-114\" src=\"http:\/\/travelchair.de\/wp-content\/uploads\/2020\/01\/IMG-20191014-WA0004-300x225.jpg\" alt=\"\" width=\"300\" height=\"225\" srcset=\"https:\/\/travelchair.de\/wp-content\/uploads\/2020\/01\/IMG-20191014-WA0004-300x225.jpg 300w, https:\/\/travelchair.de\/wp-content\/uploads\/2020\/01\/IMG-20191014-WA0004-768x576.jpg 768w, https:\/\/travelchair.de\/wp-content\/uploads\/2020\/01\/IMG-20191014-WA0004.jpg 800w\" sizes=\"auto, (max-width: 300px) 100vw, 300px\" \/><\/p>\n<p><a href=\"https:\/\/wild-park.de\/\">https:\/\/wild-park.de\/<\/a><\/p>\n<p>09.2019<\/p>\n<div class=\"pvc_clear\"><\/div>\n<p id=\"pvc_stats_73\" class=\"pvc_stats all  \" data-element-id=\"73\" style=\"\"><i class=\"pvc-stats-icon medium\" aria-hidden=\"true\"><svg aria-hidden=\"true\" focusable=\"false\" data-prefix=\"far\" data-icon=\"chart-bar\" role=\"img\" xmlns=\"http:\/\/www.w3.org\/2000\/svg\" viewBox=\"0 0 512 512\" class=\"svg-inline--fa fa-chart-bar fa-w-16 fa-2x\"><path fill=\"currentColor\" d=\"M396.8 352h22.4c6.4 0 12.8-6.4 12.8-12.8V108.8c0-6.4-6.4-12.8-12.8-12.8h-22.4c-6.4 0-12.8 6.4-12.8 12.8v230.4c0 6.4 6.4 12.8 12.8 12.8zm-192 0h22.4c6.4 0 12.8-6.4 12.8-12.8V140.8c0-6.4-6.4-12.8-12.8-12.8h-22.4c-6.4 0-12.8 6.4-12.8 12.8v198.4c0 6.4 6.4 12.8 12.8 12.8zm96 0h22.4c6.4 0 12.8-6.4 12.8-12.8V204.8c0-6.4-6.4-12.8-12.8-12.8h-22.4c-6.4 0-12.8 6.4-12.8 12.8v134.4c0 6.4 6.4 12.8 12.8 12.8zM496 400H48V80c0-8.84-7.16-16-16-16H16C7.16 64 0 71.16 0 80v336c0 17.67 14.33 32 32 32h464c8.84 0 16-7.16 16-16v-16c0-8.84-7.16-16-16-16zm-387.2-48h22.4c6.4 0 12.8-6.4 12.8-12.8v-70.4c0-6.4-6.4-12.8-12.8-12.8h-22.4c-6.4 0-12.8 6.4-12.8 12.8v70.4c0 6.4 6.4 12.8 12.8 12.8z\" class=\"\"><\/path><\/svg><\/i> <img loading=\"lazy\" decoding=\"async\" width=\"16\" height=\"16\" alt=\"Loading\" src=\"https:\/\/travelchair.de\/wp-content\/plugins\/page-views-count\/ajax-loader-2x.gif\" border=0 \/><\/p>\n<div class=\"pvc_clear\"><\/div>\n","protected":false},"excerpt":{"rendered":"<p>WERBUNG, DA NENNUNG! &nbsp; Heide Himmel &#8211; Baumwipfelpfad Nindorf Der noch recht neue Baumwipfelpfad bei Nindorf liegt direkt neben dem Wildpark. Ge\u00f6ffnet von 10 &#8211; 18 Uhr, Eintritt ab 9 \u20ac pro Person, Begleitpersonen zahlen keinen Eintritt. Es gibt Familienkarten und Kombitickets Heide Himmel\/Wildpark. Hunde d\u00fcrfen nicht auf den Steg, im Eingangsbereich kann man kleine &hellip; <a href=\"https:\/\/travelchair.de\/?page_id=73\" class=\"more-link\"><span class=\"screen-reader-text\">Baumwipfelpfad\/ Wildpark<\/span> weiterlesen <span class=\"meta-nav\">&rarr;<\/span><\/a><\/p>\n<div class=\"pvc_clear\"><\/div>\n<p id=\"pvc_stats_73\" class=\"pvc_stats all  \" data-element-id=\"73\" style=\"\"><i class=\"pvc-stats-icon medium\" aria-hidden=\"true\"><svg aria-hidden=\"true\" focusable=\"false\" data-prefix=\"far\" data-icon=\"chart-bar\" role=\"img\" xmlns=\"http:\/\/www.w3.org\/2000\/svg\" viewBox=\"0 0 512 512\" class=\"svg-inline--fa fa-chart-bar fa-w-16 fa-2x\"><path fill=\"currentColor\" d=\"M396.8 352h22.4c6.4 0 12.8-6.4 12.8-12.8V108.8c0-6.4-6.4-12.8-12.8-12.8h-22.4c-6.4 0-12.8 6.4-12.8 12.8v230.4c0 6.4 6.4 12.8 12.8 12.8zm-192 0h22.4c6.4 0 12.8-6.4 12.8-12.8V140.8c0-6.4-6.4-12.8-12.8-12.8h-22.4c-6.4 0-12.8 6.4-12.8 12.8v198.4c0 6.4 6.4 12.8 12.8 12.8zm96 0h22.4c6.4 0 12.8-6.4 12.8-12.8V204.8c0-6.4-6.4-12.8-12.8-12.8h-22.4c-6.4 0-12.8 6.4-12.8 12.8v134.4c0 6.4 6.4 12.8 12.8 12.8zM496 400H48V80c0-8.84-7.16-16-16-16H16C7.16 64 0 71.16 0 80v336c0 17.67 14.33 32 32 32h464c8.84 0 16-7.16 16-16v-16c0-8.84-7.16-16-16-16zm-387.2-48h22.4c6.4 0 12.8-6.4 12.8-12.8v-70.4c0-6.4-6.4-12.8-12.8-12.8h-22.4c-6.4 0-12.8 6.4-12.8 12.8v70.4c0 6.4 6.4 12.8 12.8 12.8z\" class=\"\"><\/path><\/svg><\/i> <img loading=\"lazy\" decoding=\"async\" width=\"16\" height=\"16\" alt=\"Loading\" src=\"https:\/\/travelchair.de\/wp-content\/plugins\/page-views-count\/ajax-loader-2x.gif\" border=0 \/><\/p>\n<div class=\"pvc_clear\"><\/div>\n","protected":false},"author":1,"featured_media":120,"parent":0,"menu_order":0,"comment_status":"closed","ping_status":"closed","template":"","meta":{"footnotes":""},"class_list":["post-73","page","type-page","status-publish","has-post-thumbnail","hentry"],"a3_pvc":{"activated":true,"total_views":267,"today_views":0},"_links":{"self":[{"href":"https:\/\/travelchair.de\/index.php?rest_route=\/wp\/v2\/pages\/73","targetHints":{"allow":["GET"]}}],"collection":[{"href":"https:\/\/travelchair.de\/index.php?rest_route=\/wp\/v2\/pages"}],"about":[{"href":"https:\/\/travelchair.de\/index.php?rest_route=\/wp\/v2\/types\/page"}],"author":[{"embeddable":true,"href":"https:\/\/travelchair.de\/index.php?rest_route=\/wp\/v2\/users\/1"}],"replies":[{"embeddable":true,"href":"https:\/\/travelchair.de\/index.php?rest_route=%2Fwp%2Fv2%2Fcomments&post=73"}],"version-history":[{"count":13,"href":"https:\/\/travelchair.de\/index.php?rest_route=\/wp\/v2\/pages\/73\/revisions"}],"predecessor-version":[{"id":387,"href":"https:\/\/travelchair.de\/index.php?rest_route=\/wp\/v2\/pages\/73\/revisions\/387"}],"wp:featuredmedia":[{"embeddable":true,"href":"https:\/\/travelchair.de\/index.php?rest_route=\/wp\/v2\/media\/120"}],"wp:attachment":[{"href":"https:\/\/travelchair.de\/index.php?rest_route=%2Fwp%2Fv2%2Fmedia&parent=73"}],"curies":[{"name":"wp","href":"https:\/\/api.w.org\/{rel}","templated":true}]}}