{"id":719,"date":"2022-04-05T14:49:02","date_gmt":"2022-04-05T14:49:02","guid":{"rendered":"http:\/\/travelchair.de\/?page_id=719"},"modified":"2022-04-05T15:50:54","modified_gmt":"2022-04-05T15:50:54","slug":"ruegen","status":"publish","type":"page","link":"https:\/\/travelchair.de\/?page_id=719","title":{"rendered":"R\u00fcgen"},"content":{"rendered":"<p>Fahrt und Ankunft<\/p>\n<p>Am 5.9.2020 geht es auf zur Ostseeinsel R\u00fcgen.<\/p>\n<p>Unser Fuhrpark im Auto&#8230;<img decoding=\"async\" class=\"i09qtzwb n7fi1qx3 datstx6m pmk7jnqg j9ispegn kr520xx4 k4urcfbm\" src=\"https:\/\/scontent-dus1-1.xx.fbcdn.net\/v\/t1.6435-9\/118884909_3146239958807116_2505030225716041918_n.jpg?stp=dst-jpg_s600x600&amp;_nc_cat=103&amp;ccb=1-5&amp;_nc_sid=8bfeb9&amp;_nc_ohc=l1QkQGGqiYEAX8h5Vb1&amp;_nc_ht=scontent-dus1-1.xx&amp;oh=00_AT9y2U-qKwfFhhBD0lrFTgW-RC5VaCtBp63Qpm2xHf_cmg&amp;oe=6270E5F3\" alt=\"\" \/><\/p>\n<p>&#8230; und dahinter.<\/p>\n<p><img decoding=\"async\" class=\"i09qtzwb n7fi1qx3 datstx6m pmk7jnqg j9ispegn kr520xx4 k4urcfbm\" src=\"https:\/\/scontent-dus1-1.xx.fbcdn.net\/v\/t1.6435-9\/118915643_3146240085473770_4922373971131469656_n.jpg?stp=dst-jpg_s600x600&amp;_nc_cat=102&amp;ccb=1-5&amp;_nc_sid=8bfeb9&amp;_nc_ohc=BE1xU-31vZwAX8aiqee&amp;tn=NljeUkKh11C5oHKp&amp;_nc_ht=scontent-dus1-1.xx&amp;oh=00_AT_Z84KP8KYgrGencWr03rUA4WRQ-CCRZbBSKA2DvO9eXg&amp;oe=626FFD38\" alt=\"\" \/><\/p>\n<p>Erster Zwischenstopp bei lieben Freunden in Bremen.<\/p>\n<p>Zweiter Stopp Landhaus Mienenb\u00fcttel, Wulmstorf<\/p>\n<p>Barrierefrei, aber mit Kopfsteinpflaster im Hof<\/p>\n<p><img decoding=\"async\" class=\"i09qtzwb n7fi1qx3 datstx6m pmk7jnqg j9ispegn kr520xx4 k4urcfbm\" src=\"https:\/\/scontent-dus1-1.xx.fbcdn.net\/v\/t1.6435-9\/118911565_3146257875471991_1212321739758566031_n.jpg?stp=dst-jpg_s600x600&amp;_nc_cat=105&amp;ccb=1-5&amp;_nc_sid=8bfeb9&amp;_nc_ohc=Qq4svgRmMLoAX8h7uXy&amp;_nc_ht=scontent-dus1-1.xx&amp;oh=00_AT_8zQj7hC-K1-7JOsrJ5MFUJvLMDxHxiixF2eMO0cCokA&amp;oe=62731AFB\" alt=\"\" \/><\/p>\n<p><img decoding=\"async\" class=\"i09qtzwb n7fi1qx3 datstx6m pmk7jnqg j9ispegn kr520xx4 k4urcfbm\" src=\"https:\/\/scontent-dus1-1.xx.fbcdn.net\/v\/t1.6435-9\/118876981_3146257948805317_1367994367343887987_n.jpg?stp=dst-jpg_s600x600&amp;_nc_cat=109&amp;ccb=1-5&amp;_nc_sid=8bfeb9&amp;_nc_ohc=Nc4tmp5vSGkAX_Lt_UI&amp;_nc_ht=scontent-dus1-1.xx&amp;oh=00_AT8vznEW63RAdfwUiFzm213XJuP_Qc3UDUgiVzxUtAYxRg&amp;oe=62712EE8\" alt=\"\" \/><\/p>\n<p><span class=\"d2edcug0 hpfvmrgz qv66sw1b c1et5uql lr9zc1uh a8c37x1j fe6kdd0r mau55g9w c8b282yb keod5gw0 nxhoafnm aigsh9s9 d3f4x2em iv3no6db jq4qci2q a3bd9o3v b1v8xokw oo9gr5id hzawbc8m\" dir=\"auto\">Zwischenstopp 3. Ein kurzer Schlenker Richtung Reha-Klinik Soltau.<\/span><\/p>\n<p><span class=\"d2edcug0 hpfvmrgz qv66sw1b c1et5uql lr9zc1uh a8c37x1j fe6kdd0r mau55g9w c8b282yb keod5gw0 nxhoafnm aigsh9s9 d3f4x2em iv3no6db jq4qci2q a3bd9o3v b1v8xokw oo9gr5id hzawbc8m\" dir=\"auto\"> Dank Corona gibt es nur eine abgespeckte Speisekarte, lecker war es definitiv in der &#8222;GenussZentrale&#8220; (barrierefrei inkl. Rolli-WC).<br \/>\n<\/span><\/p>\n<p><img loading=\"lazy\" decoding=\"async\" class=\"i09qtzwb n7fi1qx3 datstx6m pmk7jnqg j9ispegn kr520xx4 k4urcfbm bixrwtb6\" src=\"https:\/\/scontent-dus1-1.xx.fbcdn.net\/v\/t1.6435-9\/118897002_3146256598805452_1041639639393412727_n.jpg?stp=dst-jpg_p180x540&amp;_nc_cat=108&amp;ccb=1-5&amp;_nc_sid=8bfeb9&amp;_nc_ohc=7CXmAteIouAAX_aLfaj&amp;_nc_ht=scontent-dus1-1.xx&amp;oh=00_AT88sTjr4UbOCGjmFWo6pOvwK5RlsOTpTAUaoSXe_Jw1LQ&amp;oe=6273516D\" alt=\"Keine Fotobeschreibung verf\u00fcgbar.\" width=\"720\" height=\"540\" \/><\/p>\n<p>&nbsp;<\/p>\n<p>R\u00fcgen, Stedar<\/p>\n<div class=\"kvgmc6g5 cxmmr5t8 oygrvhab hcukyx3x c1et5uql ii04i59q\">\n<div dir=\"auto\">Ein Platz an der Sonne:<\/div>\n<div dir=\"auto\">Wir haben eine tolle barrierefreie FeWo gemietet von sehr netten und aufmerksamen Vermietern.<\/div>\n<div dir=\"auto\">Rampe bis zur Terrasse, stufenloser Eingang, ger\u00e4umige Zimmer und ein Bad mit Haltegriffen, gro\u00dfer Dusche (Duschhocker konnte ich leihen) und mit Spiegel auf Augenh\u00f6he. Die Wohnung liegt im Hinterland, bis Binz sind es ca. 20 km<\/div>\n<div dir=\"auto\">Dorthin ging der erste Ausflug am Abend. Die Promenade ist mit &#8222;kleinem&#8220; Kopfsteinpflaster versehen. Der frische Fisch war sehr lecker. Danach ging es zur\u00fcck in die FeWo, von der langen Fahrt waren wir doch etwas m\u00fcde.<\/div>\n<div dir=\"auto\">Die Wetteraussichten sind prima.<\/div>\n<div dir=\"auto\"><img decoding=\"async\" class=\"ji94ytn4 d2edcug0 r9f5tntg r0294ipz\" src=\"https:\/\/scontent-dus1-1.xx.fbcdn.net\/v\/t1.6435-9\/118933345_3149494881814957_5052176195358815249_n.jpg?_nc_cat=106&amp;ccb=1-5&amp;_nc_sid=730e14&amp;_nc_ohc=l5G3JG-kckgAX_6ZHdU&amp;_nc_ht=scontent-dus1-1.xx&amp;oh=00_AT_pCnW4lOQ-6drygpGGl6uvB99_z7K9-yHFiomRrVtMVw&amp;oe=627165E6\" alt=\"Keine Fotobeschreibung verf\u00fcgbar.\" data-visualcompletion=\"media-vc-image\" \/><\/div>\n<div dir=\"auto\"><\/div>\n<\/div>\n<p><img decoding=\"async\" class=\"i09qtzwb n7fi1qx3 datstx6m pmk7jnqg j9ispegn kr520xx4 k4urcfbm\" src=\"https:\/\/scontent-dus1-1.xx.fbcdn.net\/v\/t1.6435-9\/118792772_3149494718481640_8704473407326871072_n.jpg?stp=dst-jpg_p600x600&amp;_nc_cat=109&amp;ccb=1-5&amp;_nc_sid=730e14&amp;_nc_ohc=VXin_j9u4iIAX_cRq7c&amp;tn=NljeUkKh11C5oHKp&amp;_nc_ht=scontent-dus1-1.xx&amp;oh=00_AT-vYeIbft_ItRfVul8OOJhN5l_4a6T7JfaiW1IE_OL-vA&amp;oe=6271FE64\" alt=\"\" \/><\/p>\n<p><img decoding=\"async\" class=\"i09qtzwb n7fi1qx3 datstx6m pmk7jnqg j9ispegn kr520xx4 k4urcfbm\" src=\"https:\/\/scontent-dus1-1.xx.fbcdn.net\/v\/t1.6435-9\/118704106_3149494765148302_2754116381931875627_n.jpg?stp=dst-jpg_p600x600&amp;_nc_cat=104&amp;ccb=1-5&amp;_nc_sid=730e14&amp;_nc_ohc=mKTnTx5h1QMAX8x_zX8&amp;_nc_ht=scontent-dus1-1.xx&amp;oh=00_AT-4G3AfyEVWLjyXZ31s_Xt6NRF9q8VPD7Z3VeOsQYp8hg&amp;oe=62713815\" alt=\"\" \/><\/p>\n<p><img decoding=\"async\" class=\"ji94ytn4 d2edcug0 r9f5tntg r0294ipz\" src=\"https:\/\/scontent-dus1-1.xx.fbcdn.net\/v\/t1.6435-9\/118627819_3149494825148296_8408879568745036916_n.jpg?_nc_cat=107&amp;ccb=1-5&amp;_nc_sid=730e14&amp;_nc_ohc=Ajcl3OD2mAUAX-uVd6E&amp;tn=NljeUkKh11C5oHKp&amp;_nc_ht=scontent-dus1-1.xx&amp;oh=00_AT__9IJ9d46tyBXOTsJUJgARqU-yq6xMKmeywk9674KWBg&amp;oe=6271433A\" alt=\"Keine Fotobeschreibung verf\u00fcgbar.\" data-visualcompletion=\"media-vc-image\" \/><\/p>\n<p><img decoding=\"async\" class=\"ji94ytn4 d2edcug0 r9f5tntg r0294ipz\" src=\"https:\/\/scontent-dus1-1.xx.fbcdn.net\/v\/t1.6435-9\/118886932_3149515261812919_9086381998366782504_n.jpg?_nc_cat=104&amp;ccb=1-5&amp;_nc_sid=730e14&amp;_nc_ohc=EwVttdEXYfUAX8lc6He&amp;_nc_ht=scontent-dus1-1.xx&amp;oh=00_AT8gwuC3MWeEhRp5q2bDIVs7Vc8dSR0XLR2USr6_ouRMoQ&amp;oe=6271E49D\" alt=\"Keine Fotobeschreibung verf\u00fcgbar.\" data-visualcompletion=\"media-vc-image\" \/><\/p>\n<p><img decoding=\"async\" class=\"ji94ytn4 d2edcug0 r9f5tntg r0294ipz\" src=\"https:\/\/scontent-dus1-1.xx.fbcdn.net\/v\/t1.6435-9\/118713550_3149494951814950_6581619945906904721_n.jpg?_nc_cat=102&amp;ccb=1-5&amp;_nc_sid=730e14&amp;_nc_ohc=hWCWij3zGrYAX9XJ2qu&amp;tn=NljeUkKh11C5oHKp&amp;_nc_ht=scontent-dus1-1.xx&amp;oh=00_AT99aeZMFmhBQFcXE9j8V15Lv_Jpt32Y28w6khuSMX5i6Q&amp;oe=627337D6\" alt=\"Keine Fotobeschreibung verf\u00fcgbar.\" data-visualcompletion=\"media-vc-image\" \/><\/p>\n<p><img decoding=\"async\" class=\"ji94ytn4 d2edcug0 r9f5tntg r0294ipz\" src=\"https:\/\/scontent-dus1-1.xx.fbcdn.net\/v\/t1.6435-9\/118777152_3149495031814942_636268845394923514_n.jpg?_nc_cat=101&amp;ccb=1-5&amp;_nc_sid=730e14&amp;_nc_ohc=VZ7-gaq6eskAX_nImOH&amp;tn=NljeUkKh11C5oHKp&amp;_nc_ht=scontent-dus1-1.xx&amp;oh=00_AT-bf3Mn4XaN-hroHcWJdAIedxtszQG6Z0AK1G1GG35Bew&amp;oe=62705F94\" alt=\"Keine Fotobeschreibung verf\u00fcgbar.\" data-visualcompletion=\"media-vc-image\" \/><\/p>\n<p><img decoding=\"async\" class=\"ji94ytn4 d2edcug0 r9f5tntg r0294ipz\" src=\"https:\/\/scontent-dus1-1.xx.fbcdn.net\/v\/t1.6435-9\/118654066_3149495098481602_5707264191606000537_n.jpg?_nc_cat=102&amp;ccb=1-5&amp;_nc_sid=730e14&amp;_nc_ohc=qOEzEzra2qQAX_RDycG&amp;_nc_ht=scontent-dus1-1.xx&amp;oh=00_AT-HR1nhnn5BRkQyfBUj01IQuxaTK732mPTGYEgpJHuDWA&amp;oe=6271050C\" alt=\"Keine Fotobeschreibung verf\u00fcgbar.\" data-visualcompletion=\"media-vc-image\" \/><\/p>\n<p><img decoding=\"async\" class=\"ji94ytn4 d2edcug0 r9f5tntg r0294ipz\" src=\"https:\/\/scontent-dus1-1.xx.fbcdn.net\/v\/t1.6435-9\/118792552_3149495215148257_7140021617144092781_n.jpg?_nc_cat=107&amp;ccb=1-5&amp;_nc_sid=730e14&amp;_nc_ohc=jcKMZ9o8FDsAX_gpUrJ&amp;_nc_ht=scontent-dus1-1.xx&amp;oh=00_AT9ItHcB00eFkgxpPJpXG-ly-veDZJTyVXxr6d5fGxdV6A&amp;oe=6273DFAD\" alt=\"Keine Fotobeschreibung verf\u00fcgbar.\" data-visualcompletion=\"media-vc-image\" \/><\/p>\n<p><img decoding=\"async\" class=\"ji94ytn4 d2edcug0 r9f5tntg r0294ipz\" src=\"https:\/\/scontent-dus1-1.xx.fbcdn.net\/v\/t1.6435-9\/118883913_3149514665146312_7085312805217229143_n.jpg?_nc_cat=108&amp;ccb=1-5&amp;_nc_sid=730e14&amp;_nc_ohc=7Bdufg9S7HgAX-OBFhA&amp;_nc_ht=scontent-dus1-1.xx&amp;oh=00_AT-vCgJqCSS9RkMD-6D7fp7hVcVGzMnqqYK5zV5wyr5MGg&amp;oe=6271D25C\" alt=\"Keine Fotobeschreibung verf\u00fcgbar.\" data-visualcompletion=\"media-vc-image\" \/><\/p>\n<p><img decoding=\"async\" class=\"ji94ytn4 d2edcug0 r9f5tntg r0294ipz\" src=\"https:\/\/scontent-dus1-1.xx.fbcdn.net\/v\/t1.6435-9\/118913423_3149514735146305_4834702995406881138_n.jpg?_nc_cat=105&amp;ccb=1-5&amp;_nc_sid=730e14&amp;_nc_ohc=mIfdrHVM6TMAX8dyzBT&amp;_nc_ht=scontent-dus1-1.xx&amp;oh=00_AT8pDmRvuVx90tv4ySMjYCIyO9GqEWAJqWcBPSmQmE8G2w&amp;oe=6273A49E\" alt=\"Keine Fotobeschreibung verf\u00fcgbar.\" data-visualcompletion=\"media-vc-image\" \/><\/p>\n<p>&nbsp;<\/p>\n<div class=\"pvc_clear\"><\/div>\n<p id=\"pvc_stats_719\" class=\"pvc_stats all  \" data-element-id=\"719\" style=\"\"><i class=\"pvc-stats-icon medium\" aria-hidden=\"true\"><svg aria-hidden=\"true\" focusable=\"false\" data-prefix=\"far\" data-icon=\"chart-bar\" role=\"img\" xmlns=\"http:\/\/www.w3.org\/2000\/svg\" viewBox=\"0 0 512 512\" class=\"svg-inline--fa fa-chart-bar fa-w-16 fa-2x\"><path fill=\"currentColor\" d=\"M396.8 352h22.4c6.4 0 12.8-6.4 12.8-12.8V108.8c0-6.4-6.4-12.8-12.8-12.8h-22.4c-6.4 0-12.8 6.4-12.8 12.8v230.4c0 6.4 6.4 12.8 12.8 12.8zm-192 0h22.4c6.4 0 12.8-6.4 12.8-12.8V140.8c0-6.4-6.4-12.8-12.8-12.8h-22.4c-6.4 0-12.8 6.4-12.8 12.8v198.4c0 6.4 6.4 12.8 12.8 12.8zm96 0h22.4c6.4 0 12.8-6.4 12.8-12.8V204.8c0-6.4-6.4-12.8-12.8-12.8h-22.4c-6.4 0-12.8 6.4-12.8 12.8v134.4c0 6.4 6.4 12.8 12.8 12.8zM496 400H48V80c0-8.84-7.16-16-16-16H16C7.16 64 0 71.16 0 80v336c0 17.67 14.33 32 32 32h464c8.84 0 16-7.16 16-16v-16c0-8.84-7.16-16-16-16zm-387.2-48h22.4c6.4 0 12.8-6.4 12.8-12.8v-70.4c0-6.4-6.4-12.8-12.8-12.8h-22.4c-6.4 0-12.8 6.4-12.8 12.8v70.4c0 6.4 6.4 12.8 12.8 12.8z\" class=\"\"><\/path><\/svg><\/i> <img loading=\"lazy\" decoding=\"async\" width=\"16\" height=\"16\" alt=\"Loading\" src=\"https:\/\/travelchair.de\/wp-content\/plugins\/page-views-count\/ajax-loader-2x.gif\" border=0 \/><\/p>\n<div class=\"pvc_clear\"><\/div>\n","protected":false},"excerpt":{"rendered":"<p>Fahrt und Ankunft Am 5.9.2020 geht es auf zur Ostseeinsel R\u00fcgen. Unser Fuhrpark im Auto&#8230; &#8230; und dahinter. Erster Zwischenstopp bei lieben Freunden in Bremen. Zweiter Stopp Landhaus Mienenb\u00fcttel, Wulmstorf Barrierefrei, aber mit Kopfsteinpflaster im Hof Zwischenstopp 3. Ein kurzer Schlenker Richtung Reha-Klinik Soltau. Dank Corona gibt es nur eine abgespeckte Speisekarte, lecker war es &hellip; <a href=\"https:\/\/travelchair.de\/?page_id=719\" class=\"more-link\"><span class=\"screen-reader-text\">R\u00fcgen<\/span> weiterlesen <span class=\"meta-nav\">&rarr;<\/span><\/a><\/p>\n<div class=\"pvc_clear\"><\/div>\n<p id=\"pvc_stats_719\" class=\"pvc_stats all  \" data-element-id=\"719\" style=\"\"><i class=\"pvc-stats-icon medium\" aria-hidden=\"true\"><svg aria-hidden=\"true\" focusable=\"false\" data-prefix=\"far\" data-icon=\"chart-bar\" role=\"img\" xmlns=\"http:\/\/www.w3.org\/2000\/svg\" viewBox=\"0 0 512 512\" class=\"svg-inline--fa fa-chart-bar fa-w-16 fa-2x\"><path fill=\"currentColor\" d=\"M396.8 352h22.4c6.4 0 12.8-6.4 12.8-12.8V108.8c0-6.4-6.4-12.8-12.8-12.8h-22.4c-6.4 0-12.8 6.4-12.8 12.8v230.4c0 6.4 6.4 12.8 12.8 12.8zm-192 0h22.4c6.4 0 12.8-6.4 12.8-12.8V140.8c0-6.4-6.4-12.8-12.8-12.8h-22.4c-6.4 0-12.8 6.4-12.8 12.8v198.4c0 6.4 6.4 12.8 12.8 12.8zm96 0h22.4c6.4 0 12.8-6.4 12.8-12.8V204.8c0-6.4-6.4-12.8-12.8-12.8h-22.4c-6.4 0-12.8 6.4-12.8 12.8v134.4c0 6.4 6.4 12.8 12.8 12.8zM496 400H48V80c0-8.84-7.16-16-16-16H16C7.16 64 0 71.16 0 80v336c0 17.67 14.33 32 32 32h464c8.84 0 16-7.16 16-16v-16c0-8.84-7.16-16-16-16zm-387.2-48h22.4c6.4 0 12.8-6.4 12.8-12.8v-70.4c0-6.4-6.4-12.8-12.8-12.8h-22.4c-6.4 0-12.8 6.4-12.8 12.8v70.4c0 6.4 6.4 12.8 12.8 12.8z\" class=\"\"><\/path><\/svg><\/i> <img loading=\"lazy\" decoding=\"async\" width=\"16\" height=\"16\" alt=\"Loading\" src=\"https:\/\/travelchair.de\/wp-content\/plugins\/page-views-count\/ajax-loader-2x.gif\" border=0 \/><\/p>\n<div class=\"pvc_clear\"><\/div>\n","protected":false},"author":1,"featured_media":0,"parent":0,"menu_order":0,"comment_status":"closed","ping_status":"closed","template":"","meta":{"footnotes":""},"class_list":["post-719","page","type-page","status-publish","hentry"],"a3_pvc":{"activated":true,"total_views":64,"today_views":0},"_links":{"self":[{"href":"https:\/\/travelchair.de\/index.php?rest_route=\/wp\/v2\/pages\/719","targetHints":{"allow":["GET"]}}],"collection":[{"href":"https:\/\/travelchair.de\/index.php?rest_route=\/wp\/v2\/pages"}],"about":[{"href":"https:\/\/travelchair.de\/index.php?rest_route=\/wp\/v2\/types\/page"}],"author":[{"embeddable":true,"href":"https:\/\/travelchair.de\/index.php?rest_route=\/wp\/v2\/users\/1"}],"replies":[{"embeddable":true,"href":"https:\/\/travelchair.de\/index.php?rest_route=%2Fwp%2Fv2%2Fcomments&post=719"}],"version-history":[{"count":4,"href":"https:\/\/travelchair.de\/index.php?rest_route=\/wp\/v2\/pages\/719\/revisions"}],"predecessor-version":[{"id":734,"href":"https:\/\/travelchair.de\/index.php?rest_route=\/wp\/v2\/pages\/719\/revisions\/734"}],"wp:attachment":[{"href":"https:\/\/travelchair.de\/index.php?rest_route=%2Fwp%2Fv2%2Fmedia&parent=719"}],"curies":[{"name":"wp","href":"https:\/\/api.w.org\/{rel}","templated":true}]}}