{"id":64,"date":"2019-11-21T20:45:35","date_gmt":"2019-11-21T20:45:35","guid":{"rendered":"http:\/\/travelchair.de\/?page_id=64"},"modified":"2020-03-04T23:02:16","modified_gmt":"2020-03-04T23:02:16","slug":"ueber-mich","status":"publish","type":"page","link":"https:\/\/travelchair.de\/?page_id=64","title":{"rendered":"\u00dcber mich"},"content":{"rendered":"\r\n<p>Mein Name ist Heike und ich bin 50 Jahre alt. Ich bin geb\u00fcrtige Dortmunderin und lebe immer noch dort. Nach dem Abitur begann ich eine Ausbildung als Bankkauffrau und habe diesen Beruf bis zu meiner Erkrankung ausgef\u00fchrt. Ich bin geschieden, habe keine Kinder. Ich bin gerne kreativ, versuche mich am Gitarrenspiel und gehe gerne auf Konzerte , ins Kino oder bin mit Freunden unterwegs.<\/p>\r\n\r\n\r\n\r\n\r\n\r\n<p>2010 erkrankte ich an einer parainfekti\u00f6sen Querschnittsmyelitis, ausgel\u00f6st durch einen Mumps-Virus und einen weiteren Virus, der nicht identifiziert werden konnte. Nach einem mehrw\u00f6chigen Klinikaufenthalt und einer halbj\u00e4hrigen Reha blieb ein inkompletter Querschnitt ab TH6 zur\u00fcck. Ich kann kurze Strecken und Treppen laufen, f\u00fcr l\u00e4ngere Distanzen bin ich auf den Rollstuhl angewiesen. Neben den \u00fcblichen Begleiterscheinungen wie Sensibilit\u00e4tsst\u00f6rungen, Spastiken und motorischen Einschr\u00e4nkungen bekam ich ein chronisches Schmerzsyndrom. Meinen Beruf\u00a0 konnte ich nicht mehr aus\u00fcben und bekomme seitdem die volle Erwerbsminderungsrente.<\/p>\r\n\r\n\r\n\r\n<p>Vor meiner Erkrankung bin ich gerne durch die Welt gereist, besonders Kreuzfahrten haben mich begeistert &#8211; mit dem Schiff durchs Mittelmeer, den indischen Ozean, entlang der nordamerikanischen K\u00fcste, rund um S\u00fcdostasien uvm. . Weitere Reiseziele waren u.a. diverse Inseln im Mittelmeer, die Nord- und Ostseek\u00fcste, Namibia, Mauritius, Azoren, Kapverden, die Kanaren, Florida, Kuba und zahlreiche St\u00e4dtetouren. Nach der &#8222;Zwangspause&#8220; musste ich erstmal testen, wie es sich mit Rollstuhl reist. Die erste Kreuzfahrt ging durch die Ostsee, mit wundersch\u00f6nen Zielen wie z.B. St. Petersburg, Tallin und Stockholm. Eine tolle Reise &#8211; mit viel Kopfsteinpflaster. Von da an habe ich sehr viel Zeit in die Vorbereitungen gesteckt, Infos von ortsans\u00e4ssigen Veranstaltern angefordert, diverse Foren durchsucht und vor allem mehr auf versteckte Hindernisse geachtet. Die M\u00fche hat sich gelohnt und es folgten Touren zum Nordkap inkl. Island, nach Hawaii, rund um England\/Schottland, Karibik uvm. Trotz intensiver Vorbereitung gibt es hin und wieder nat\u00fcrlich Einschr\u00e4nkungen, weil &#8222;Barrierefreiheit&#8220; immer anders interpretiert wird. Ein paar Reiseberichte habe ich bei <a href=\"http:\/\/www.rollstuhl-reise-ratgeber.de\" target=\"_blank\" rel=\"noreferrer noopener\" aria-label=\"rollstuhl-reise-ratgeber.de (\u00f6ffnet in neuem Tab)\">rollstuhl-reise-ratgeber.de<\/a> ver\u00f6ffentlicht und deshalb wei\u00df ich, wie wichtig die Eindr\u00fccke, Tipps und Beschreibungen von Betroffenen sind, um anderen Reisenden mit Handicap den Urlaub zu erleichtern. Auch wenn ich unter Rollifahrern mit Augenzwinkern als &#8222;Hobby-Querschnitt&#8220; bezeichnet werde, versuche ich, alles aus der Sicht eines &#8222;Vollzeit-Rollifahrers&#8220; zu sehen.<\/p>\r\n<div class=\"pvc_clear\"><\/div><p id=\"pvc_stats_64\" class=\"pvc_stats all  \" data-element-id=\"64\" style=\"\"><i class=\"pvc-stats-icon medium\" aria-hidden=\"true\"><svg aria-hidden=\"true\" focusable=\"false\" data-prefix=\"far\" data-icon=\"chart-bar\" role=\"img\" xmlns=\"http:\/\/www.w3.org\/2000\/svg\" viewBox=\"0 0 512 512\" class=\"svg-inline--fa fa-chart-bar fa-w-16 fa-2x\"><path fill=\"currentColor\" d=\"M396.8 352h22.4c6.4 0 12.8-6.4 12.8-12.8V108.8c0-6.4-6.4-12.8-12.8-12.8h-22.4c-6.4 0-12.8 6.4-12.8 12.8v230.4c0 6.4 6.4 12.8 12.8 12.8zm-192 0h22.4c6.4 0 12.8-6.4 12.8-12.8V140.8c0-6.4-6.4-12.8-12.8-12.8h-22.4c-6.4 0-12.8 6.4-12.8 12.8v198.4c0 6.4 6.4 12.8 12.8 12.8zm96 0h22.4c6.4 0 12.8-6.4 12.8-12.8V204.8c0-6.4-6.4-12.8-12.8-12.8h-22.4c-6.4 0-12.8 6.4-12.8 12.8v134.4c0 6.4 6.4 12.8 12.8 12.8zM496 400H48V80c0-8.84-7.16-16-16-16H16C7.16 64 0 71.16 0 80v336c0 17.67 14.33 32 32 32h464c8.84 0 16-7.16 16-16v-16c0-8.84-7.16-16-16-16zm-387.2-48h22.4c6.4 0 12.8-6.4 12.8-12.8v-70.4c0-6.4-6.4-12.8-12.8-12.8h-22.4c-6.4 0-12.8 6.4-12.8 12.8v70.4c0 6.4 6.4 12.8 12.8 12.8z\" class=\"\"><\/path><\/svg><\/i> <img loading=\"lazy\" decoding=\"async\" width=\"16\" height=\"16\" alt=\"Loading\" src=\"https:\/\/travelchair.de\/wp-content\/plugins\/page-views-count\/ajax-loader-2x.gif\" border=0 \/><\/p><div class=\"pvc_clear\"><\/div>","protected":false},"excerpt":{"rendered":"<p>Mein Name ist Heike und ich bin 50 Jahre alt. Ich bin geb\u00fcrtige Dortmunderin und lebe immer noch dort. Nach dem Abitur begann ich eine Ausbildung als Bankkauffrau und habe diesen Beruf bis zu meiner Erkrankung ausgef\u00fchrt. Ich bin geschieden, habe keine Kinder. Ich bin gerne kreativ, versuche mich am Gitarrenspiel und gehe gerne auf &hellip; <a href=\"https:\/\/travelchair.de\/?page_id=64\" class=\"more-link\"><span class=\"screen-reader-text\">\u00dcber mich<\/span> weiterlesen <span class=\"meta-nav\">&rarr;<\/span><\/a><\/p>\n<div class=\"pvc_clear\"><\/div>\n<p id=\"pvc_stats_64\" class=\"pvc_stats all  \" data-element-id=\"64\" style=\"\"><i class=\"pvc-stats-icon medium\" aria-hidden=\"true\"><svg aria-hidden=\"true\" focusable=\"false\" data-prefix=\"far\" data-icon=\"chart-bar\" role=\"img\" xmlns=\"http:\/\/www.w3.org\/2000\/svg\" viewBox=\"0 0 512 512\" class=\"svg-inline--fa fa-chart-bar fa-w-16 fa-2x\"><path fill=\"currentColor\" d=\"M396.8 352h22.4c6.4 0 12.8-6.4 12.8-12.8V108.8c0-6.4-6.4-12.8-12.8-12.8h-22.4c-6.4 0-12.8 6.4-12.8 12.8v230.4c0 6.4 6.4 12.8 12.8 12.8zm-192 0h22.4c6.4 0 12.8-6.4 12.8-12.8V140.8c0-6.4-6.4-12.8-12.8-12.8h-22.4c-6.4 0-12.8 6.4-12.8 12.8v198.4c0 6.4 6.4 12.8 12.8 12.8zm96 0h22.4c6.4 0 12.8-6.4 12.8-12.8V204.8c0-6.4-6.4-12.8-12.8-12.8h-22.4c-6.4 0-12.8 6.4-12.8 12.8v134.4c0 6.4 6.4 12.8 12.8 12.8zM496 400H48V80c0-8.84-7.16-16-16-16H16C7.16 64 0 71.16 0 80v336c0 17.67 14.33 32 32 32h464c8.84 0 16-7.16 16-16v-16c0-8.84-7.16-16-16-16zm-387.2-48h22.4c6.4 0 12.8-6.4 12.8-12.8v-70.4c0-6.4-6.4-12.8-12.8-12.8h-22.4c-6.4 0-12.8 6.4-12.8 12.8v70.4c0 6.4 6.4 12.8 12.8 12.8z\" class=\"\"><\/path><\/svg><\/i> <img loading=\"lazy\" decoding=\"async\" width=\"16\" height=\"16\" alt=\"Loading\" src=\"https:\/\/travelchair.de\/wp-content\/plugins\/page-views-count\/ajax-loader-2x.gif\" border=0 \/><\/p>\n<div class=\"pvc_clear\"><\/div>\n","protected":false},"author":1,"featured_media":0,"parent":0,"menu_order":0,"comment_status":"closed","ping_status":"closed","template":"","meta":{"footnotes":""},"class_list":["post-64","page","type-page","status-publish","hentry"],"a3_pvc":{"activated":true,"total_views":570,"today_views":0},"_links":{"self":[{"href":"https:\/\/travelchair.de\/index.php?rest_route=\/wp\/v2\/pages\/64","targetHints":{"allow":["GET"]}}],"collection":[{"href":"https:\/\/travelchair.de\/index.php?rest_route=\/wp\/v2\/pages"}],"about":[{"href":"https:\/\/travelchair.de\/index.php?rest_route=\/wp\/v2\/types\/page"}],"author":[{"embeddable":true,"href":"https:\/\/travelchair.de\/index.php?rest_route=\/wp\/v2\/users\/1"}],"replies":[{"embeddable":true,"href":"https:\/\/travelchair.de\/index.php?rest_route=%2Fwp%2Fv2%2Fcomments&post=64"}],"version-history":[{"count":10,"href":"https:\/\/travelchair.de\/index.php?rest_route=\/wp\/v2\/pages\/64\/revisions"}],"predecessor-version":[{"id":379,"href":"https:\/\/travelchair.de\/index.php?rest_route=\/wp\/v2\/pages\/64\/revisions\/379"}],"wp:attachment":[{"href":"https:\/\/travelchair.de\/index.php?rest_route=%2Fwp%2Fv2%2Fmedia&parent=64"}],"curies":[{"name":"wp","href":"https:\/\/api.w.org\/{rel}","templated":true}]}}