{"id":565,"date":"2020-06-28T11:32:47","date_gmt":"2020-06-28T11:32:47","guid":{"rendered":"http:\/\/travelchair.de\/?page_id=565"},"modified":"2020-06-28T13:20:45","modified_gmt":"2020-06-28T13:20:45","slug":"leipzig-06-2020","status":"publish","type":"page","link":"https:\/\/travelchair.de\/?page_id=565","title":{"rendered":"Leipzig 06.2020"},"content":{"rendered":"<h3><strong>Ein Tagesausflug nach Leipzig<\/strong><\/h3>\n<p>Bisher hatte ich leihweise ein Handbike von Speedy. Da ich aber schon bei leichten Steigungen Probleme habe und sich mein Schmerzsyndrom deutlich bemerkbar macht, war ich auf der Suche nach einem Bike mit Motorunterst\u00fctzung. \u00dcber eine Kleinanzeige wurde ich f\u00fcndig: ein Speedy Duo inklusive Adapter. Mal eben nach Leipzig fahren? F\u00fcr meine Freundin ist das kein Problem. Der Kauf klappte reibungslos und wir hatten noch Zeit, uns die Stadt anzuschauen.<\/p>\n<p><img loading=\"lazy\" decoding=\"async\" class=\"alignnone wp-image-578 size-medium\" src=\"http:\/\/travelchair.de\/wp-content\/uploads\/2020\/06\/103844048_2905999249497856_4167503939853139893_n-e1593348728402-300x272.jpg\" alt=\"\" width=\"300\" height=\"272\" srcset=\"https:\/\/travelchair.de\/wp-content\/uploads\/2020\/06\/103844048_2905999249497856_4167503939853139893_n-e1593348728402-300x272.jpg 300w, https:\/\/travelchair.de\/wp-content\/uploads\/2020\/06\/103844048_2905999249497856_4167503939853139893_n-e1593348728402.jpg 521w\" sizes=\"auto, (max-width: 300px) 100vw, 300px\" \/><\/p>\n<p><img loading=\"lazy\" decoding=\"async\" class=\"alignnone size-medium wp-image-574\" src=\"http:\/\/travelchair.de\/wp-content\/uploads\/2020\/06\/103428970_2904858736278574_6638418375861699945_n-300x269.jpg\" alt=\"\" width=\"300\" height=\"269\" srcset=\"https:\/\/travelchair.de\/wp-content\/uploads\/2020\/06\/103428970_2904858736278574_6638418375861699945_n-300x269.jpg 300w, https:\/\/travelchair.de\/wp-content\/uploads\/2020\/06\/103428970_2904858736278574_6638418375861699945_n-768x688.jpg 768w, https:\/\/travelchair.de\/wp-content\/uploads\/2020\/06\/103428970_2904858736278574_6638418375861699945_n.jpg 960w\" sizes=\"auto, (max-width: 300px) 100vw, 300px\" \/><\/p>\n<p>Rathaus<\/p>\n<p><img loading=\"lazy\" decoding=\"async\" class=\"alignnone size-medium wp-image-583\" src=\"http:\/\/travelchair.de\/wp-content\/uploads\/2020\/06\/103708882_2904859782945136_1888019616657962607_n-300x237.jpg\" alt=\"\" width=\"300\" height=\"237\" srcset=\"https:\/\/travelchair.de\/wp-content\/uploads\/2020\/06\/103708882_2904859782945136_1888019616657962607_n-300x237.jpg 300w, https:\/\/travelchair.de\/wp-content\/uploads\/2020\/06\/103708882_2904859782945136_1888019616657962607_n-768x607.jpg 768w, https:\/\/travelchair.de\/wp-content\/uploads\/2020\/06\/103708882_2904859782945136_1888019616657962607_n.jpg 960w\" sizes=\"auto, (max-width: 300px) 100vw, 300px\" \/><\/p>\n<p>Thomas-Kirche<\/p>\n<p><img loading=\"lazy\" decoding=\"async\" class=\"alignnone size-medium wp-image-575\" src=\"http:\/\/travelchair.de\/wp-content\/uploads\/2020\/06\/103730521_2904858089611972_8442949172178102441_n-202x300.jpg\" alt=\"\" width=\"202\" height=\"300\" srcset=\"https:\/\/travelchair.de\/wp-content\/uploads\/2020\/06\/103730521_2904858089611972_8442949172178102441_n-202x300.jpg 202w, https:\/\/travelchair.de\/wp-content\/uploads\/2020\/06\/103730521_2904858089611972_8442949172178102441_n.jpg 645w\" sizes=\"auto, (max-width: 202px) 100vw, 202px\" \/><\/p>\n<p>&nbsp;<\/p>\n<p><img loading=\"lazy\" decoding=\"async\" class=\"alignnone size-medium wp-image-576\" src=\"http:\/\/travelchair.de\/wp-content\/uploads\/2020\/06\/103809478_2904859149611866_3320527505450264565_n-300x168.jpg\" alt=\"\" width=\"300\" height=\"168\" srcset=\"https:\/\/travelchair.de\/wp-content\/uploads\/2020\/06\/103809478_2904859149611866_3320527505450264565_n-300x168.jpg 300w, https:\/\/travelchair.de\/wp-content\/uploads\/2020\/06\/103809478_2904859149611866_3320527505450264565_n-768x430.jpg 768w, https:\/\/travelchair.de\/wp-content\/uploads\/2020\/06\/103809478_2904859149611866_3320527505450264565_n.jpg 960w\" sizes=\"auto, (max-width: 300px) 100vw, 300px\" \/><\/p>\n<p>Marktplatz<\/p>\n<p><img loading=\"lazy\" decoding=\"async\" class=\"alignnone size-medium wp-image-581\" src=\"http:\/\/travelchair.de\/wp-content\/uploads\/2020\/06\/104057441_2904857979611983_2530302358130155118_n-300x198.jpg\" alt=\"\" width=\"300\" height=\"198\" srcset=\"https:\/\/travelchair.de\/wp-content\/uploads\/2020\/06\/104057441_2904857979611983_2530302358130155118_n-300x198.jpg 300w, https:\/\/travelchair.de\/wp-content\/uploads\/2020\/06\/104057441_2904857979611983_2530302358130155118_n-768x507.jpg 768w, https:\/\/travelchair.de\/wp-content\/uploads\/2020\/06\/104057441_2904857979611983_2530302358130155118_n.jpg 960w\" sizes=\"auto, (max-width: 300px) 100vw, 300px\" \/><\/p>\n<p><img loading=\"lazy\" decoding=\"async\" class=\"alignnone size-medium wp-image-579\" src=\"http:\/\/travelchair.de\/wp-content\/uploads\/2020\/06\/103937990_2904858816278566_6918856020815659822_n-263x300.jpg\" alt=\"\" width=\"263\" height=\"300\" srcset=\"https:\/\/travelchair.de\/wp-content\/uploads\/2020\/06\/103937990_2904858816278566_6918856020815659822_n-263x300.jpg 263w, https:\/\/travelchair.de\/wp-content\/uploads\/2020\/06\/103937990_2904858816278566_6918856020815659822_n-768x878.jpg 768w, https:\/\/travelchair.de\/wp-content\/uploads\/2020\/06\/103937990_2904858816278566_6918856020815659822_n.jpg 840w\" sizes=\"auto, (max-width: 263px) 100vw, 263px\" \/><\/p>\n<p>Nicolai-Kirche<\/p>\n<p><img loading=\"lazy\" decoding=\"async\" class=\"alignnone size-medium wp-image-580\" src=\"http:\/\/travelchair.de\/wp-content\/uploads\/2020\/06\/103981137_2904857849611996_7108770761819349316_n-225x300.jpg\" alt=\"\" width=\"225\" height=\"300\" srcset=\"https:\/\/travelchair.de\/wp-content\/uploads\/2020\/06\/103981137_2904857849611996_7108770761819349316_n-225x300.jpg 225w, https:\/\/travelchair.de\/wp-content\/uploads\/2020\/06\/103981137_2904857849611996_7108770761819349316_n.jpg 720w\" sizes=\"auto, (max-width: 225px) 100vw, 225px\" \/><\/p>\n<p>Die Palmens\u00e4ule erinnert an die Montags-Demonstrationen.<\/p>\n<p>&nbsp;<\/p>\n<p>&nbsp;<\/p>\n<p>&nbsp;<\/p>\n<div class=\"pvc_clear\"><\/div>\n<p id=\"pvc_stats_565\" class=\"pvc_stats all  \" data-element-id=\"565\" style=\"\"><i class=\"pvc-stats-icon medium\" aria-hidden=\"true\"><svg aria-hidden=\"true\" focusable=\"false\" data-prefix=\"far\" data-icon=\"chart-bar\" role=\"img\" xmlns=\"http:\/\/www.w3.org\/2000\/svg\" viewBox=\"0 0 512 512\" class=\"svg-inline--fa fa-chart-bar fa-w-16 fa-2x\"><path fill=\"currentColor\" d=\"M396.8 352h22.4c6.4 0 12.8-6.4 12.8-12.8V108.8c0-6.4-6.4-12.8-12.8-12.8h-22.4c-6.4 0-12.8 6.4-12.8 12.8v230.4c0 6.4 6.4 12.8 12.8 12.8zm-192 0h22.4c6.4 0 12.8-6.4 12.8-12.8V140.8c0-6.4-6.4-12.8-12.8-12.8h-22.4c-6.4 0-12.8 6.4-12.8 12.8v198.4c0 6.4 6.4 12.8 12.8 12.8zm96 0h22.4c6.4 0 12.8-6.4 12.8-12.8V204.8c0-6.4-6.4-12.8-12.8-12.8h-22.4c-6.4 0-12.8 6.4-12.8 12.8v134.4c0 6.4 6.4 12.8 12.8 12.8zM496 400H48V80c0-8.84-7.16-16-16-16H16C7.16 64 0 71.16 0 80v336c0 17.67 14.33 32 32 32h464c8.84 0 16-7.16 16-16v-16c0-8.84-7.16-16-16-16zm-387.2-48h22.4c6.4 0 12.8-6.4 12.8-12.8v-70.4c0-6.4-6.4-12.8-12.8-12.8h-22.4c-6.4 0-12.8 6.4-12.8 12.8v70.4c0 6.4 6.4 12.8 12.8 12.8z\" class=\"\"><\/path><\/svg><\/i> <img loading=\"lazy\" decoding=\"async\" width=\"16\" height=\"16\" alt=\"Loading\" src=\"https:\/\/travelchair.de\/wp-content\/plugins\/page-views-count\/ajax-loader-2x.gif\" border=0 \/><\/p>\n<div class=\"pvc_clear\"><\/div>\n","protected":false},"excerpt":{"rendered":"<p>Ein Tagesausflug nach Leipzig Bisher hatte ich leihweise ein Handbike von Speedy. Da ich aber schon bei leichten Steigungen Probleme habe und sich mein Schmerzsyndrom deutlich bemerkbar macht, war ich auf der Suche nach einem Bike mit Motorunterst\u00fctzung. \u00dcber eine Kleinanzeige wurde ich f\u00fcndig: ein Speedy Duo inklusive Adapter. Mal eben nach Leipzig fahren? F\u00fcr &hellip; <a href=\"https:\/\/travelchair.de\/?page_id=565\" class=\"more-link\"><span class=\"screen-reader-text\">Leipzig 06.2020<\/span> weiterlesen <span class=\"meta-nav\">&rarr;<\/span><\/a><\/p>\n<div class=\"pvc_clear\"><\/div>\n<p id=\"pvc_stats_565\" class=\"pvc_stats all  \" data-element-id=\"565\" style=\"\"><i class=\"pvc-stats-icon medium\" aria-hidden=\"true\"><svg aria-hidden=\"true\" focusable=\"false\" data-prefix=\"far\" data-icon=\"chart-bar\" role=\"img\" xmlns=\"http:\/\/www.w3.org\/2000\/svg\" viewBox=\"0 0 512 512\" class=\"svg-inline--fa fa-chart-bar fa-w-16 fa-2x\"><path fill=\"currentColor\" d=\"M396.8 352h22.4c6.4 0 12.8-6.4 12.8-12.8V108.8c0-6.4-6.4-12.8-12.8-12.8h-22.4c-6.4 0-12.8 6.4-12.8 12.8v230.4c0 6.4 6.4 12.8 12.8 12.8zm-192 0h22.4c6.4 0 12.8-6.4 12.8-12.8V140.8c0-6.4-6.4-12.8-12.8-12.8h-22.4c-6.4 0-12.8 6.4-12.8 12.8v198.4c0 6.4 6.4 12.8 12.8 12.8zm96 0h22.4c6.4 0 12.8-6.4 12.8-12.8V204.8c0-6.4-6.4-12.8-12.8-12.8h-22.4c-6.4 0-12.8 6.4-12.8 12.8v134.4c0 6.4 6.4 12.8 12.8 12.8zM496 400H48V80c0-8.84-7.16-16-16-16H16C7.16 64 0 71.16 0 80v336c0 17.67 14.33 32 32 32h464c8.84 0 16-7.16 16-16v-16c0-8.84-7.16-16-16-16zm-387.2-48h22.4c6.4 0 12.8-6.4 12.8-12.8v-70.4c0-6.4-6.4-12.8-12.8-12.8h-22.4c-6.4 0-12.8 6.4-12.8 12.8v70.4c0 6.4 6.4 12.8 12.8 12.8z\" class=\"\"><\/path><\/svg><\/i> <img loading=\"lazy\" decoding=\"async\" width=\"16\" height=\"16\" alt=\"Loading\" src=\"https:\/\/travelchair.de\/wp-content\/plugins\/page-views-count\/ajax-loader-2x.gif\" border=0 \/><\/p>\n<div class=\"pvc_clear\"><\/div>\n","protected":false},"author":1,"featured_media":0,"parent":0,"menu_order":0,"comment_status":"closed","ping_status":"closed","template":"","meta":{"footnotes":""},"class_list":["post-565","page","type-page","status-publish","hentry"],"a3_pvc":{"activated":true,"total_views":110,"today_views":0},"_links":{"self":[{"href":"https:\/\/travelchair.de\/index.php?rest_route=\/wp\/v2\/pages\/565","targetHints":{"allow":["GET"]}}],"collection":[{"href":"https:\/\/travelchair.de\/index.php?rest_route=\/wp\/v2\/pages"}],"about":[{"href":"https:\/\/travelchair.de\/index.php?rest_route=\/wp\/v2\/types\/page"}],"author":[{"embeddable":true,"href":"https:\/\/travelchair.de\/index.php?rest_route=\/wp\/v2\/users\/1"}],"replies":[{"embeddable":true,"href":"https:\/\/travelchair.de\/index.php?rest_route=%2Fwp%2Fv2%2Fcomments&post=565"}],"version-history":[{"count":4,"href":"https:\/\/travelchair.de\/index.php?rest_route=\/wp\/v2\/pages\/565\/revisions"}],"predecessor-version":[{"id":584,"href":"https:\/\/travelchair.de\/index.php?rest_route=\/wp\/v2\/pages\/565\/revisions\/584"}],"wp:attachment":[{"href":"https:\/\/travelchair.de\/index.php?rest_route=%2Fwp%2Fv2%2Fmedia&parent=565"}],"curies":[{"name":"wp","href":"https:\/\/api.w.org\/{rel}","templated":true}]}}