{"id":46,"date":"2019-11-17T13:25:22","date_gmt":"2019-11-17T13:25:22","guid":{"rendered":"http:\/\/travelchair.de\/?page_id=46"},"modified":"2020-03-04T22:46:14","modified_gmt":"2020-03-04T22:46:14","slug":"spaziergang-in-der-heide","status":"publish","type":"page","link":"https:\/\/travelchair.de\/?page_id=46","title":{"rendered":"Spaziergang in der Heide"},"content":{"rendered":"<p>WERBUNG, DA NENNUNG!<\/p>\n<h1>L\u00fcneburger Heide<\/h1>\n<p>Auszug aus www.lueneburger-heide.de\/ Rollstuhlwanderweg<\/p>\n<p>&#8222;Im Naturschutzgebiet L\u00fcneburger Heide gibt es bei Bispingen-Niederhaverbeck zwei Rundwanderwege f\u00fcr Rollstuhlfahrer\/innen. Die kurze Tour ist 1,4 km lang, die lange Tour 3,5 km. Sie erm\u00f6glichen es, dass auch mobilit\u00e4tseingeschr\u00e4nkte Besucher das Naturschutzgebiet L\u00fcneburger Heide in all seinen Facetten erleben. Beide Wege f\u00fchren repr\u00e4sentativ durch das Tal der Haverbeeke und dabei durch alle speziellen Elemente dieser historischen Kulturlandschaft. Der Besucher kann dabei zahlreiche Sehensw\u00fcrdigkeiten erleben und bekommt die Heide typische Flora und Fauna hautnah mit.<\/p>\n<p>Beide Wege\u00a0sind in Begleitung optimal nutzbar. F\u00fcr die kurze Tour starten Sie am besten am Parkplatz vom Gasthof Menke. Die lange Tour k\u00f6nnen Sie ebenfalls hier beginnen, oder auch am <a href=\"https:\/\/www.lueneburger-heide.de\/natur\/attraktion\/5372\/Niederhaverbeck:-Naturinformationshaus-\">Naturinformationshaus in Niederhaverbeck<\/a>.<\/p>\n<p>Der eigentliche Rundweg ist 3,5 km lang, deutlich k\u00fcrzer mit 1,4 km ist die Alternativstrecke. &#8230; Der barrierefreie Wanderweg wurde gr\u00fcndlich saniert und die Fahrbahndecke komplett erneuert. Ruheb\u00e4nke und Tische schaffen gem\u00fctliche Rastm\u00f6glichkeiten. &#8230;<\/p>\n<p>Sie lernen die typische Heidevegetation kennen, darunter nat\u00fcrlich das Heidekraut Calluna vulgaris sowie den Wacholder, aber auch Stechpalmen und Birkenalleen. Einst waren die Birken in der Heidelandschaft Wegmarkierungen, heute sind sie ein wichtiger Lebensraum f\u00fcr Gr\u00fcnspecht\u00a0 und Wendehals. Eine Station des gro\u00dfen wie auch des kleinen Rundweges ist ein f\u00fcr die Heide typischer reetgedeckter Schafstall. Dar\u00fcber hinaus zeigt sich immer wieder die Haverbeeke mit ihren T\u00fcmpeln und Versumpfungszonen.<\/p>\n<p>Rollstuhlgerechte Toiletten f\u00fcr Ihre Tour finden Sie sowohl im Gasthof Menke wie auch im Landhaus Haverbeckhof, beide in unmittelbarer N\u00e4he zu den Wegen in Niederhaverbeck gelegen.&#8220;<\/p>\n<p>Im September war nicht mehr viel von der bl\u00fchenden Heide zu sehen, im Juli\/August ist die Hauptbl\u00fctezeit. Der Weg ist gut befahrbar. Gegen Ende fehlt die Beschilderung, so dass wir entlang der Hauptstra\u00dfe zur\u00fcck zum Gasthof kamen.<\/p>\n<p><img loading=\"lazy\" decoding=\"async\" class=\"alignnone size-medium wp-image-124\" src=\"http:\/\/travelchair.de\/wp-content\/uploads\/2020\/01\/20190921_145242-300x225.jpg\" alt=\"\" width=\"300\" height=\"225\" srcset=\"https:\/\/travelchair.de\/wp-content\/uploads\/2020\/01\/20190921_145242-300x225.jpg 300w, https:\/\/travelchair.de\/wp-content\/uploads\/2020\/01\/20190921_145242-768x576.jpg 768w, https:\/\/travelchair.de\/wp-content\/uploads\/2020\/01\/20190921_145242.jpg 800w\" sizes=\"auto, (max-width: 300px) 100vw, 300px\" \/><\/p>\n<p><img loading=\"lazy\" decoding=\"async\" class=\"alignnone size-medium wp-image-125\" src=\"http:\/\/travelchair.de\/wp-content\/uploads\/2020\/01\/20190921_150245-300x225.jpg\" alt=\"\" width=\"300\" height=\"225\" srcset=\"https:\/\/travelchair.de\/wp-content\/uploads\/2020\/01\/20190921_150245-300x225.jpg 300w, https:\/\/travelchair.de\/wp-content\/uploads\/2020\/01\/20190921_150245-768x576.jpg 768w, https:\/\/travelchair.de\/wp-content\/uploads\/2020\/01\/20190921_150245.jpg 800w\" sizes=\"auto, (max-width: 300px) 100vw, 300px\" \/><\/p>\n<p><img loading=\"lazy\" decoding=\"async\" class=\"alignnone size-medium wp-image-126\" src=\"http:\/\/travelchair.de\/wp-content\/uploads\/2020\/01\/20190921_150913-225x300.jpg\" alt=\"\" width=\"225\" height=\"300\" srcset=\"https:\/\/travelchair.de\/wp-content\/uploads\/2020\/01\/20190921_150913-225x300.jpg 225w, https:\/\/travelchair.de\/wp-content\/uploads\/2020\/01\/20190921_150913.jpg 450w\" sizes=\"auto, (max-width: 225px) 100vw, 225px\" \/> <img loading=\"lazy\" decoding=\"async\" class=\"alignnone size-medium wp-image-127\" src=\"http:\/\/travelchair.de\/wp-content\/uploads\/2020\/01\/20190921_154326-225x300.jpg\" alt=\"\" width=\"225\" height=\"300\" srcset=\"https:\/\/travelchair.de\/wp-content\/uploads\/2020\/01\/20190921_154326-225x300.jpg 225w, https:\/\/travelchair.de\/wp-content\/uploads\/2020\/01\/20190921_154326.jpg 450w\" sizes=\"auto, (max-width: 225px) 100vw, 225px\" \/><\/p>\n<p><img loading=\"lazy\" decoding=\"async\" class=\"alignnone size-medium wp-image-128\" src=\"http:\/\/travelchair.de\/wp-content\/uploads\/2020\/01\/20190921_154619-300x83.jpg\" alt=\"\" width=\"300\" height=\"83\" srcset=\"https:\/\/travelchair.de\/wp-content\/uploads\/2020\/01\/20190921_154619-300x83.jpg 300w, https:\/\/travelchair.de\/wp-content\/uploads\/2020\/01\/20190921_154619-768x212.jpg 768w, https:\/\/travelchair.de\/wp-content\/uploads\/2020\/01\/20190921_154619.jpg 800w\" sizes=\"auto, (max-width: 300px) 100vw, 300px\" \/><\/p>\n<p><a href=\"https:\/\/www.lueneburger-heide.de\/natur\/artikel\/15278\/barrierefreie-naturerlebnisangebote-lueneburger-heide\">https:\/\/www.lueneburger-heide.de\/natur\/artikel\/15278\/barrierefreie-naturerlebnisangebote-lueneburger-heide<\/a><\/p>\n<p><a href=\"https:\/\/www.bispingen.de\/tour\/rund-um-die-haverbeeke\">https:\/\/www.bispingen.de\/tour\/rund-um-die-haverbeeke<\/a><\/p>\n<p>9.2019<\/p>\n<p>&nbsp;<\/p>\n<p>&nbsp;<\/p>\n<div class=\"pvc_clear\"><\/div>\n<p id=\"pvc_stats_46\" class=\"pvc_stats all  \" data-element-id=\"46\" style=\"\"><i class=\"pvc-stats-icon medium\" aria-hidden=\"true\"><svg aria-hidden=\"true\" focusable=\"false\" data-prefix=\"far\" data-icon=\"chart-bar\" role=\"img\" xmlns=\"http:\/\/www.w3.org\/2000\/svg\" viewBox=\"0 0 512 512\" class=\"svg-inline--fa fa-chart-bar fa-w-16 fa-2x\"><path fill=\"currentColor\" d=\"M396.8 352h22.4c6.4 0 12.8-6.4 12.8-12.8V108.8c0-6.4-6.4-12.8-12.8-12.8h-22.4c-6.4 0-12.8 6.4-12.8 12.8v230.4c0 6.4 6.4 12.8 12.8 12.8zm-192 0h22.4c6.4 0 12.8-6.4 12.8-12.8V140.8c0-6.4-6.4-12.8-12.8-12.8h-22.4c-6.4 0-12.8 6.4-12.8 12.8v198.4c0 6.4 6.4 12.8 12.8 12.8zm96 0h22.4c6.4 0 12.8-6.4 12.8-12.8V204.8c0-6.4-6.4-12.8-12.8-12.8h-22.4c-6.4 0-12.8 6.4-12.8 12.8v134.4c0 6.4 6.4 12.8 12.8 12.8zM496 400H48V80c0-8.84-7.16-16-16-16H16C7.16 64 0 71.16 0 80v336c0 17.67 14.33 32 32 32h464c8.84 0 16-7.16 16-16v-16c0-8.84-7.16-16-16-16zm-387.2-48h22.4c6.4 0 12.8-6.4 12.8-12.8v-70.4c0-6.4-6.4-12.8-12.8-12.8h-22.4c-6.4 0-12.8 6.4-12.8 12.8v70.4c0 6.4 6.4 12.8 12.8 12.8z\" class=\"\"><\/path><\/svg><\/i> <img loading=\"lazy\" decoding=\"async\" width=\"16\" height=\"16\" alt=\"Loading\" src=\"https:\/\/travelchair.de\/wp-content\/plugins\/page-views-count\/ajax-loader-2x.gif\" border=0 \/><\/p>\n<div class=\"pvc_clear\"><\/div>\n","protected":false},"excerpt":{"rendered":"<p>WERBUNG, DA NENNUNG! L\u00fcneburger Heide Auszug aus www.lueneburger-heide.de\/ Rollstuhlwanderweg &#8222;Im Naturschutzgebiet L\u00fcneburger Heide gibt es bei Bispingen-Niederhaverbeck zwei Rundwanderwege f\u00fcr Rollstuhlfahrer\/innen. Die kurze Tour ist 1,4 km lang, die lange Tour 3,5 km. Sie erm\u00f6glichen es, dass auch mobilit\u00e4tseingeschr\u00e4nkte Besucher das Naturschutzgebiet L\u00fcneburger Heide in all seinen Facetten erleben. Beide Wege f\u00fchren repr\u00e4sentativ durch das &hellip; <a href=\"https:\/\/travelchair.de\/?page_id=46\" class=\"more-link\"><span class=\"screen-reader-text\">Spaziergang in der Heide<\/span> weiterlesen <span class=\"meta-nav\">&rarr;<\/span><\/a><\/p>\n<div class=\"pvc_clear\"><\/div>\n<p id=\"pvc_stats_46\" class=\"pvc_stats all  \" data-element-id=\"46\" style=\"\"><i class=\"pvc-stats-icon medium\" aria-hidden=\"true\"><svg aria-hidden=\"true\" focusable=\"false\" data-prefix=\"far\" data-icon=\"chart-bar\" role=\"img\" xmlns=\"http:\/\/www.w3.org\/2000\/svg\" viewBox=\"0 0 512 512\" class=\"svg-inline--fa fa-chart-bar fa-w-16 fa-2x\"><path fill=\"currentColor\" d=\"M396.8 352h22.4c6.4 0 12.8-6.4 12.8-12.8V108.8c0-6.4-6.4-12.8-12.8-12.8h-22.4c-6.4 0-12.8 6.4-12.8 12.8v230.4c0 6.4 6.4 12.8 12.8 12.8zm-192 0h22.4c6.4 0 12.8-6.4 12.8-12.8V140.8c0-6.4-6.4-12.8-12.8-12.8h-22.4c-6.4 0-12.8 6.4-12.8 12.8v198.4c0 6.4 6.4 12.8 12.8 12.8zm96 0h22.4c6.4 0 12.8-6.4 12.8-12.8V204.8c0-6.4-6.4-12.8-12.8-12.8h-22.4c-6.4 0-12.8 6.4-12.8 12.8v134.4c0 6.4 6.4 12.8 12.8 12.8zM496 400H48V80c0-8.84-7.16-16-16-16H16C7.16 64 0 71.16 0 80v336c0 17.67 14.33 32 32 32h464c8.84 0 16-7.16 16-16v-16c0-8.84-7.16-16-16-16zm-387.2-48h22.4c6.4 0 12.8-6.4 12.8-12.8v-70.4c0-6.4-6.4-12.8-12.8-12.8h-22.4c-6.4 0-12.8 6.4-12.8 12.8v70.4c0 6.4 6.4 12.8 12.8 12.8z\" class=\"\"><\/path><\/svg><\/i> <img loading=\"lazy\" decoding=\"async\" width=\"16\" height=\"16\" alt=\"Loading\" src=\"https:\/\/travelchair.de\/wp-content\/plugins\/page-views-count\/ajax-loader-2x.gif\" border=0 \/><\/p>\n<div class=\"pvc_clear\"><\/div>\n","protected":false},"author":1,"featured_media":130,"parent":0,"menu_order":0,"comment_status":"closed","ping_status":"closed","template":"","meta":{"footnotes":""},"class_list":["post-46","page","type-page","status-publish","has-post-thumbnail","hentry"],"a3_pvc":{"activated":true,"total_views":143,"today_views":0},"_links":{"self":[{"href":"https:\/\/travelchair.de\/index.php?rest_route=\/wp\/v2\/pages\/46","targetHints":{"allow":["GET"]}}],"collection":[{"href":"https:\/\/travelchair.de\/index.php?rest_route=\/wp\/v2\/pages"}],"about":[{"href":"https:\/\/travelchair.de\/index.php?rest_route=\/wp\/v2\/types\/page"}],"author":[{"embeddable":true,"href":"https:\/\/travelchair.de\/index.php?rest_route=\/wp\/v2\/users\/1"}],"replies":[{"embeddable":true,"href":"https:\/\/travelchair.de\/index.php?rest_route=%2Fwp%2Fv2%2Fcomments&post=46"}],"version-history":[{"count":7,"href":"https:\/\/travelchair.de\/index.php?rest_route=\/wp\/v2\/pages\/46\/revisions"}],"predecessor-version":[{"id":374,"href":"https:\/\/travelchair.de\/index.php?rest_route=\/wp\/v2\/pages\/46\/revisions\/374"}],"wp:featuredmedia":[{"embeddable":true,"href":"https:\/\/travelchair.de\/index.php?rest_route=\/wp\/v2\/media\/130"}],"wp:attachment":[{"href":"https:\/\/travelchair.de\/index.php?rest_route=%2Fwp%2Fv2%2Fmedia&parent=46"}],"curies":[{"name":"wp","href":"https:\/\/api.w.org\/{rel}","templated":true}]}}