{"id":36,"date":"2019-11-17T13:15:24","date_gmt":"2019-11-17T13:15:24","guid":{"rendered":"http:\/\/travelchair.de\/?page_id=36"},"modified":"2020-07-03T08:49:46","modified_gmt":"2020-07-03T08:49:46","slug":"island","status":"publish","type":"page","link":"https:\/\/travelchair.de\/?page_id=36","title":{"rendered":"Island"},"content":{"rendered":"<h1>Reise nach Island<\/h1>\r\n<p><img loading=\"lazy\" decoding=\"async\" class=\"size-medium wp-image-413 aligncenter\" src=\"http:\/\/travelchair.de\/wp-content\/uploads\/2020\/03\/IMG-20200313-WA0011-225x300.jpg\" alt=\"\" width=\"225\" height=\"300\" srcset=\"https:\/\/travelchair.de\/wp-content\/uploads\/2020\/03\/IMG-20200313-WA0011-225x300.jpg 225w, https:\/\/travelchair.de\/wp-content\/uploads\/2020\/03\/IMG-20200313-WA0011.jpg 450w\" sizes=\"auto, (max-width: 225px) 100vw, 225px\" \/><\/p>\r\n<p>&#8230; sofern Corona uns l\u00e4sst.<\/p>\r\n<p><strong>Update 14.05.2020<\/strong>:\u00a0 Corona l\u00e4sst uns noch nicht reisen. Der n\u00e4chste Versuch ist im Juli geplant.<\/p>\r\n<p><strong>Update 15.06.2020: <\/strong>Island l\u00e4sst Touristen wieder einreisen. Entweder legt man einen g\u00fcltigen Corona-Test vor oder l\u00e4sst sich am Flughafen testen (Kosten: ca.70 EUR pro Person) und muss eine Nacht in Reykjavik bleiben, um das Ergebnis zu bekommen.<\/p>\r\n<p><strong>Update 01.07.20:\u00a0 <\/strong>Der Termin 13.07.20 stand fest&#8230; bis wir gestern eine Info von der Fluggesellschaft bekamen: Unsere Fl\u00fcge wurden storniert. Nach Stunden in der Warteschleife und pr\u00fcfen aller noch verf\u00fcgbaren M\u00f6glichkeiten, fliegen wir nun einen Tag eher. Dieser Flug geht \u00fcber Kopenhagen mit sechs Stunden Aufenthalt und wir d\u00fcrfen noch f\u00fcr eine Nacht ein Hotel buchen, da das Wohnmobil erst am 13.07. zur Verf\u00fcgung steht.<\/p>\r\n<p>&nbsp;<\/p>\r\n<p>&nbsp;<\/p>\r\n\r\n<h1>\u00a0<\/h1>\r\n<div class=\"pvc_clear\"><\/div><p id=\"pvc_stats_36\" class=\"pvc_stats all  \" data-element-id=\"36\" style=\"\"><i class=\"pvc-stats-icon medium\" aria-hidden=\"true\"><svg aria-hidden=\"true\" focusable=\"false\" data-prefix=\"far\" data-icon=\"chart-bar\" role=\"img\" xmlns=\"http:\/\/www.w3.org\/2000\/svg\" viewBox=\"0 0 512 512\" class=\"svg-inline--fa fa-chart-bar fa-w-16 fa-2x\"><path fill=\"currentColor\" d=\"M396.8 352h22.4c6.4 0 12.8-6.4 12.8-12.8V108.8c0-6.4-6.4-12.8-12.8-12.8h-22.4c-6.4 0-12.8 6.4-12.8 12.8v230.4c0 6.4 6.4 12.8 12.8 12.8zm-192 0h22.4c6.4 0 12.8-6.4 12.8-12.8V140.8c0-6.4-6.4-12.8-12.8-12.8h-22.4c-6.4 0-12.8 6.4-12.8 12.8v198.4c0 6.4 6.4 12.8 12.8 12.8zm96 0h22.4c6.4 0 12.8-6.4 12.8-12.8V204.8c0-6.4-6.4-12.8-12.8-12.8h-22.4c-6.4 0-12.8 6.4-12.8 12.8v134.4c0 6.4 6.4 12.8 12.8 12.8zM496 400H48V80c0-8.84-7.16-16-16-16H16C7.16 64 0 71.16 0 80v336c0 17.67 14.33 32 32 32h464c8.84 0 16-7.16 16-16v-16c0-8.84-7.16-16-16-16zm-387.2-48h22.4c6.4 0 12.8-6.4 12.8-12.8v-70.4c0-6.4-6.4-12.8-12.8-12.8h-22.4c-6.4 0-12.8 6.4-12.8 12.8v70.4c0 6.4 6.4 12.8 12.8 12.8z\" class=\"\"><\/path><\/svg><\/i> <img loading=\"lazy\" decoding=\"async\" width=\"16\" height=\"16\" alt=\"Loading\" src=\"https:\/\/travelchair.de\/wp-content\/plugins\/page-views-count\/ajax-loader-2x.gif\" border=0 \/><\/p><div class=\"pvc_clear\"><\/div>","protected":false},"excerpt":{"rendered":"<p>Reise nach Island &#8230; sofern Corona uns l\u00e4sst. Update 14.05.2020:\u00a0 Corona l\u00e4sst uns noch nicht reisen. Der n\u00e4chste Versuch ist im Juli geplant. Update 15.06.2020: Island l\u00e4sst Touristen wieder einreisen. Entweder legt man einen g\u00fcltigen Corona-Test vor oder l\u00e4sst sich am Flughafen testen (Kosten: ca.70 EUR pro Person) und muss eine Nacht in Reykjavik bleiben, &hellip; <a href=\"https:\/\/travelchair.de\/?page_id=36\" class=\"more-link\"><span class=\"screen-reader-text\">Island<\/span> weiterlesen <span class=\"meta-nav\">&rarr;<\/span><\/a><\/p>\n<div class=\"pvc_clear\"><\/div>\n<p id=\"pvc_stats_36\" class=\"pvc_stats all  \" data-element-id=\"36\" style=\"\"><i class=\"pvc-stats-icon medium\" aria-hidden=\"true\"><svg aria-hidden=\"true\" focusable=\"false\" data-prefix=\"far\" data-icon=\"chart-bar\" role=\"img\" xmlns=\"http:\/\/www.w3.org\/2000\/svg\" viewBox=\"0 0 512 512\" class=\"svg-inline--fa fa-chart-bar fa-w-16 fa-2x\"><path fill=\"currentColor\" d=\"M396.8 352h22.4c6.4 0 12.8-6.4 12.8-12.8V108.8c0-6.4-6.4-12.8-12.8-12.8h-22.4c-6.4 0-12.8 6.4-12.8 12.8v230.4c0 6.4 6.4 12.8 12.8 12.8zm-192 0h22.4c6.4 0 12.8-6.4 12.8-12.8V140.8c0-6.4-6.4-12.8-12.8-12.8h-22.4c-6.4 0-12.8 6.4-12.8 12.8v198.4c0 6.4 6.4 12.8 12.8 12.8zm96 0h22.4c6.4 0 12.8-6.4 12.8-12.8V204.8c0-6.4-6.4-12.8-12.8-12.8h-22.4c-6.4 0-12.8 6.4-12.8 12.8v134.4c0 6.4 6.4 12.8 12.8 12.8zM496 400H48V80c0-8.84-7.16-16-16-16H16C7.16 64 0 71.16 0 80v336c0 17.67 14.33 32 32 32h464c8.84 0 16-7.16 16-16v-16c0-8.84-7.16-16-16-16zm-387.2-48h22.4c6.4 0 12.8-6.4 12.8-12.8v-70.4c0-6.4-6.4-12.8-12.8-12.8h-22.4c-6.4 0-12.8 6.4-12.8 12.8v70.4c0 6.4 6.4 12.8 12.8 12.8z\" class=\"\"><\/path><\/svg><\/i> <img loading=\"lazy\" decoding=\"async\" width=\"16\" height=\"16\" alt=\"Loading\" src=\"https:\/\/travelchair.de\/wp-content\/plugins\/page-views-count\/ajax-loader-2x.gif\" border=0 \/><\/p>\n<div class=\"pvc_clear\"><\/div>\n","protected":false},"author":1,"featured_media":422,"parent":0,"menu_order":0,"comment_status":"closed","ping_status":"closed","template":"","meta":{"footnotes":""},"class_list":["post-36","page","type-page","status-publish","has-post-thumbnail","hentry"],"a3_pvc":{"activated":true,"total_views":266,"today_views":0},"_links":{"self":[{"href":"https:\/\/travelchair.de\/index.php?rest_route=\/wp\/v2\/pages\/36","targetHints":{"allow":["GET"]}}],"collection":[{"href":"https:\/\/travelchair.de\/index.php?rest_route=\/wp\/v2\/pages"}],"about":[{"href":"https:\/\/travelchair.de\/index.php?rest_route=\/wp\/v2\/types\/page"}],"author":[{"embeddable":true,"href":"https:\/\/travelchair.de\/index.php?rest_route=\/wp\/v2\/users\/1"}],"replies":[{"embeddable":true,"href":"https:\/\/travelchair.de\/index.php?rest_route=%2Fwp%2Fv2%2Fcomments&post=36"}],"version-history":[{"count":8,"href":"https:\/\/travelchair.de\/index.php?rest_route=\/wp\/v2\/pages\/36\/revisions"}],"predecessor-version":[{"id":705,"href":"https:\/\/travelchair.de\/index.php?rest_route=\/wp\/v2\/pages\/36\/revisions\/705"}],"wp:featuredmedia":[{"embeddable":true,"href":"https:\/\/travelchair.de\/index.php?rest_route=\/wp\/v2\/media\/422"}],"wp:attachment":[{"href":"https:\/\/travelchair.de\/index.php?rest_route=%2Fwp%2Fv2%2Fmedia&parent=36"}],"curies":[{"name":"wp","href":"https:\/\/api.w.org\/{rel}","templated":true}]}}