{"id":263,"date":"2020-02-14T22:41:04","date_gmt":"2020-02-14T22:41:04","guid":{"rendered":"http:\/\/travelchair.de\/?page_id=263"},"modified":"2020-03-07T22:31:17","modified_gmt":"2020-03-07T22:31:17","slug":"jena-konzert-tina-dico","status":"publish","type":"page","link":"https:\/\/travelchair.de\/?page_id=263","title":{"rendered":"Jena, Konzert Tina Dico 2.2020"},"content":{"rendered":"<p>WERBUNG, DA NENNUNG!<\/p>\n<h1>Volkshaus Jena<\/h1>\n<p>Das Veranstaltungsgeb\u00e4ude liegt zentral. Der Eingang ist barrierefrei. In den Saal oder auf den Balkon gelangt man per Aufzug. Der Saal ist f\u00fcr ca. 1000 Personen ausgelegt und somit hat man auch in den hinteren Reihen eine gute Sicht. Das Gew\u00f6lbe macht schon was her. Zwei rollstuhlgerechte Toiletten befinden sich im Erdgeschoss. Wir hatten Karten f\u00fcr ein Konzert von Tina Dico, eine d\u00e4nische S\u00e4ngerin, die auf Island lebt. Dank der tollen Akustik waren auch die unplugged gespielten Songs gut h\u00f6rbar. Einen Tag sp\u00e4ter waren wir spontanerweise nochmal dort, zu einem Konzert des Jenaer Akkordeonorchesters.<\/p>\n<p><img loading=\"lazy\" decoding=\"async\" class=\"alignnone size-medium wp-image-278\" src=\"http:\/\/travelchair.de\/wp-content\/uploads\/2020\/02\/20200215_190758-1-300x225.jpg\" alt=\"\" width=\"300\" height=\"225\" srcset=\"https:\/\/travelchair.de\/wp-content\/uploads\/2020\/02\/20200215_190758-1-300x225.jpg 300w, https:\/\/travelchair.de\/wp-content\/uploads\/2020\/02\/20200215_190758-1-768x576.jpg 768w, https:\/\/travelchair.de\/wp-content\/uploads\/2020\/02\/20200215_190758-1.jpg 800w\" sizes=\"auto, (max-width: 300px) 100vw, 300px\" \/><\/p>\n<p>Eingangshalle<\/p>\n<p><img loading=\"lazy\" decoding=\"async\" class=\"alignnone size-medium wp-image-279\" src=\"http:\/\/travelchair.de\/wp-content\/uploads\/2020\/02\/20200215_195620-1-300x225.jpg\" alt=\"\" width=\"300\" height=\"225\" srcset=\"https:\/\/travelchair.de\/wp-content\/uploads\/2020\/02\/20200215_195620-1-300x225.jpg 300w, https:\/\/travelchair.de\/wp-content\/uploads\/2020\/02\/20200215_195620-1-768x576.jpg 768w, https:\/\/travelchair.de\/wp-content\/uploads\/2020\/02\/20200215_195620-1.jpg 800w\" sizes=\"auto, (max-width: 300px) 100vw, 300px\" \/><\/p>\n<p>Saal<\/p>\n<p><img loading=\"lazy\" decoding=\"async\" class=\"alignnone size-medium wp-image-282\" src=\"http:\/\/travelchair.de\/wp-content\/uploads\/2020\/02\/20200215_225405-1-300x225.jpg\" alt=\"\" width=\"300\" height=\"225\" srcset=\"https:\/\/travelchair.de\/wp-content\/uploads\/2020\/02\/20200215_225405-1-300x225.jpg 300w, https:\/\/travelchair.de\/wp-content\/uploads\/2020\/02\/20200215_225405-1-768x576.jpg 768w, https:\/\/travelchair.de\/wp-content\/uploads\/2020\/02\/20200215_225405-1.jpg 800w\" sizes=\"auto, (max-width: 300px) 100vw, 300px\" \/><\/p>\n<p>00<\/p>\n<p><img loading=\"lazy\" decoding=\"async\" class=\"alignnone size-medium wp-image-283\" src=\"http:\/\/travelchair.de\/wp-content\/uploads\/2020\/02\/20200216_121000-1-300x225.jpg\" alt=\"\" width=\"300\" height=\"225\" srcset=\"https:\/\/travelchair.de\/wp-content\/uploads\/2020\/02\/20200216_121000-1-300x225.jpg 300w, https:\/\/travelchair.de\/wp-content\/uploads\/2020\/02\/20200216_121000-1-768x576.jpg 768w, https:\/\/travelchair.de\/wp-content\/uploads\/2020\/02\/20200216_121000-1.jpg 800w\" sizes=\"auto, (max-width: 300px) 100vw, 300px\" \/><\/p>\n<p>Au\u00dfenansicht<\/p>\n<p><img loading=\"lazy\" decoding=\"async\" class=\"alignnone size-medium wp-image-289\" src=\"http:\/\/travelchair.de\/wp-content\/uploads\/2020\/02\/20200216_175022-Kopie-300x225.jpg\" alt=\"\" width=\"300\" height=\"225\" srcset=\"https:\/\/travelchair.de\/wp-content\/uploads\/2020\/02\/20200216_175022-Kopie-300x225.jpg 300w, https:\/\/travelchair.de\/wp-content\/uploads\/2020\/02\/20200216_175022-Kopie-768x576.jpg 768w, https:\/\/travelchair.de\/wp-content\/uploads\/2020\/02\/20200216_175022-Kopie.jpg 800w\" sizes=\"auto, (max-width: 300px) 100vw, 300px\" \/><\/p>\n<p><a href=\"https:\/\/www.volkshaus-jena.de\/de\/startseite\/694140\">https:\/\/www.volkshaus-jena.de\/de\/startseite\/694140<\/a><\/p>\n<p><a href=\"https:\/\/tinadico.com\/\">https:\/\/tinadico.com\/<\/a><\/p>\n<p><a href=\"http:\/\/www.akkordeonorchester-jena.info\/\">http:\/\/www.akkordeonorchester-jena.info\/<\/a><\/p>\n<h1>Hotel Ibis City<\/h1>\n<p>Direkt in der Jenaer City gelegen, ist es ideal, um die Stadt zu erkunden. Das Auto kann man in der Tiefgarage parken, allerdings ist die Fahrzeugh\u00f6he begrenzt. Deshalb bei hohen Autos besser vorher anfragen. Es gibt einen Rolli-Parkplatz, per Aufzug gelangt man direkt zur Rezeption. Das barrierefreie Zimmer ist mit Laminatboden ausgestattet. Das Bad ist rollstuhlgerecht, s. Fotos. Das Fr\u00fchst\u00fcck ist reichhaltig. Ein paar Gehminuten zu Fu\u00df und schon ist man in der Altstadt, in der Shopping-Galerie und am Volkshaus.<\/p>\n<p>&nbsp;<\/p>\n<p><img loading=\"lazy\" decoding=\"async\" class=\"alignnone size-medium wp-image-336\" src=\"http:\/\/travelchair.de\/wp-content\/uploads\/2020\/03\/20200215_175020-300x225.jpg\" alt=\"\" width=\"300\" height=\"225\" srcset=\"https:\/\/travelchair.de\/wp-content\/uploads\/2020\/03\/20200215_175020-300x225.jpg 300w, https:\/\/travelchair.de\/wp-content\/uploads\/2020\/03\/20200215_175020-768x576.jpg 768w, https:\/\/travelchair.de\/wp-content\/uploads\/2020\/03\/20200215_175020.jpg 800w\" sizes=\"auto, (max-width: 300px) 100vw, 300px\" \/><\/p>\n<p><img loading=\"lazy\" decoding=\"async\" class=\"alignnone size-medium wp-image-337\" src=\"http:\/\/travelchair.de\/wp-content\/uploads\/2020\/03\/20200215_175041-300x225.jpg\" alt=\"\" width=\"300\" height=\"225\" srcset=\"https:\/\/travelchair.de\/wp-content\/uploads\/2020\/03\/20200215_175041-300x225.jpg 300w, https:\/\/travelchair.de\/wp-content\/uploads\/2020\/03\/20200215_175041-768x576.jpg 768w, https:\/\/travelchair.de\/wp-content\/uploads\/2020\/03\/20200215_175041.jpg 800w\" sizes=\"auto, (max-width: 300px) 100vw, 300px\" \/><\/p>\n<p><img loading=\"lazy\" decoding=\"async\" class=\"alignnone size-medium wp-image-338\" src=\"http:\/\/travelchair.de\/wp-content\/uploads\/2020\/03\/20200215_175050-300x225.jpg\" alt=\"\" width=\"300\" height=\"225\" srcset=\"https:\/\/travelchair.de\/wp-content\/uploads\/2020\/03\/20200215_175050-300x225.jpg 300w, https:\/\/travelchair.de\/wp-content\/uploads\/2020\/03\/20200215_175050-768x576.jpg 768w, https:\/\/travelchair.de\/wp-content\/uploads\/2020\/03\/20200215_175050.jpg 800w\" sizes=\"auto, (max-width: 300px) 100vw, 300px\" \/><\/p>\n<p><img loading=\"lazy\" decoding=\"async\" class=\"alignnone size-medium wp-image-339\" src=\"http:\/\/travelchair.de\/wp-content\/uploads\/2020\/03\/20200215_175115-300x225.jpg\" alt=\"\" width=\"300\" height=\"225\" srcset=\"https:\/\/travelchair.de\/wp-content\/uploads\/2020\/03\/20200215_175115-300x225.jpg 300w, https:\/\/travelchair.de\/wp-content\/uploads\/2020\/03\/20200215_175115-768x576.jpg 768w, https:\/\/travelchair.de\/wp-content\/uploads\/2020\/03\/20200215_175115.jpg 800w\" sizes=\"auto, (max-width: 300px) 100vw, 300px\" \/><\/p>\n<p><img loading=\"lazy\" decoding=\"async\" class=\"alignnone size-medium wp-image-340\" src=\"http:\/\/travelchair.de\/wp-content\/uploads\/2020\/03\/IMG-20200217-WA0045-225x300.jpg\" alt=\"\" width=\"225\" height=\"300\" srcset=\"https:\/\/travelchair.de\/wp-content\/uploads\/2020\/03\/IMG-20200217-WA0045-225x300.jpg 225w, https:\/\/travelchair.de\/wp-content\/uploads\/2020\/03\/IMG-20200217-WA0045.jpg 450w\" sizes=\"auto, (max-width: 225px) 100vw, 225px\" \/><\/p>\n<p><a href=\"https:\/\/all.accor.com\/hotel\/2207\/index.de.shtml?utm_campaign=seo_maps&amp;utm_medium=seo_maps&amp;utm_source=google_Maps\">https:\/\/all.accor.com\/hotel\/2207\/index.de.shtml?utm_campaign=seo_maps&amp;utm_medium=seo_maps&amp;utm_source=google_Maps<\/a><\/p>\n<h1>Jena<\/h1>\n<p>Jenaers Innenstadt ist gemischt. Altstadtteile gehen in Einkaufsstra\u00dfen \u00fcber und es gibt mehrere Shopping-Galerien. Altstadt bedeutet auch immer Kopfsteinpflaster, in diversen Variationen. Die Restaurants in den \u00e4lteren Stadtteilen sind nicht immer barrierefrei, das ist nun mal der fr\u00fcheren Bauweise geschuldet. Die Restaurants in den Galerien sind da schon deutlich weiter. Wir fanden Jena sehr entspannt. Ein Tipp f\u00fcr den kleinen Hunger zwischendurch: in der N\u00e4he der Stadtmauer gibt es einen Pommes-Kiosk an dem es von mittags bis sp\u00e4tabends was auf die Gabel gibt. Die Schlange kann schon mal l\u00e4nger werden.<\/p>\n<p><img loading=\"lazy\" decoding=\"async\" class=\"alignnone size-medium wp-image-290\" src=\"http:\/\/travelchair.de\/wp-content\/uploads\/2020\/02\/20200215_173846-Kopie-225x300.jpg\" alt=\"\" width=\"225\" height=\"300\" srcset=\"https:\/\/travelchair.de\/wp-content\/uploads\/2020\/02\/20200215_173846-Kopie-225x300.jpg 225w, https:\/\/travelchair.de\/wp-content\/uploads\/2020\/02\/20200215_173846-Kopie.jpg 450w\" sizes=\"auto, (max-width: 225px) 100vw, 225px\" \/><\/p>\n<p><img loading=\"lazy\" decoding=\"async\" class=\"alignnone size-medium wp-image-291\" src=\"http:\/\/travelchair.de\/wp-content\/uploads\/2020\/02\/20200215_173929-Kopie-300x225.jpg\" alt=\"\" width=\"300\" height=\"225\" srcset=\"https:\/\/travelchair.de\/wp-content\/uploads\/2020\/02\/20200215_173929-Kopie-300x225.jpg 300w, https:\/\/travelchair.de\/wp-content\/uploads\/2020\/02\/20200215_173929-Kopie-768x576.jpg 768w, https:\/\/travelchair.de\/wp-content\/uploads\/2020\/02\/20200215_173929-Kopie.jpg 800w\" sizes=\"auto, (max-width: 300px) 100vw, 300px\" \/><\/p>\n<p>Stadtmauer<\/p>\n<p><img loading=\"lazy\" decoding=\"async\" class=\"alignnone size-medium wp-image-292\" src=\"http:\/\/travelchair.de\/wp-content\/uploads\/2020\/02\/20200216_131816-Kopie-300x225.jpg\" alt=\"\" width=\"300\" height=\"225\" srcset=\"https:\/\/travelchair.de\/wp-content\/uploads\/2020\/02\/20200216_131816-Kopie-300x225.jpg 300w, https:\/\/travelchair.de\/wp-content\/uploads\/2020\/02\/20200216_131816-Kopie-768x576.jpg 768w, https:\/\/travelchair.de\/wp-content\/uploads\/2020\/02\/20200216_131816-Kopie.jpg 800w\" sizes=\"auto, (max-width: 300px) 100vw, 300px\" \/><\/p>\n<p>Rathausplatz<\/p>\n<p><img loading=\"lazy\" decoding=\"async\" class=\"alignnone size-medium wp-image-293\" src=\"http:\/\/travelchair.de\/wp-content\/uploads\/2020\/02\/20200216_132241-Kopie-225x300.jpg\" alt=\"\" width=\"225\" height=\"300\" srcset=\"https:\/\/travelchair.de\/wp-content\/uploads\/2020\/02\/20200216_132241-Kopie-225x300.jpg 225w, https:\/\/travelchair.de\/wp-content\/uploads\/2020\/02\/20200216_132241-Kopie.jpg 450w\" sizes=\"auto, (max-width: 225px) 100vw, 225px\" \/><\/p>\n<p>Evangelische Stadtkirche St. Michael<\/p>\n<p>&nbsp;<\/p>\n<p><a href=\"https:\/\/startseite.jena.de\/\">https:\/\/startseite.jena.de\/<\/a><\/p>\n<p>Pizza, Pasta usw., barrierefrei<\/p>\n<p><a href=\"https:\/\/losteria.net\/de\/\">https:\/\/losteria.net\/de\/<\/a><\/p>\n<p>Asiatische K\u00fcche, Stufen am Eingang<\/p>\n<p><a href=\"https:\/\/saigon-jena.jimdofree.com\/\">https:\/\/saigon-jena.jimdofree.com\/<\/a><\/p>\n<p>Pommes und Co., direkt vorfahren und Open-air futtern<\/p>\n<p><a href=\"https:\/\/www.fritzmitte.de\/\">https:\/\/www.fritzmitte.de\/<\/a><\/p>\n<div class=\"pvc_clear\"><\/div>\n<p id=\"pvc_stats_263\" class=\"pvc_stats all  \" data-element-id=\"263\" style=\"\"><i class=\"pvc-stats-icon medium\" aria-hidden=\"true\"><svg aria-hidden=\"true\" focusable=\"false\" data-prefix=\"far\" data-icon=\"chart-bar\" role=\"img\" xmlns=\"http:\/\/www.w3.org\/2000\/svg\" viewBox=\"0 0 512 512\" class=\"svg-inline--fa fa-chart-bar fa-w-16 fa-2x\"><path fill=\"currentColor\" d=\"M396.8 352h22.4c6.4 0 12.8-6.4 12.8-12.8V108.8c0-6.4-6.4-12.8-12.8-12.8h-22.4c-6.4 0-12.8 6.4-12.8 12.8v230.4c0 6.4 6.4 12.8 12.8 12.8zm-192 0h22.4c6.4 0 12.8-6.4 12.8-12.8V140.8c0-6.4-6.4-12.8-12.8-12.8h-22.4c-6.4 0-12.8 6.4-12.8 12.8v198.4c0 6.4 6.4 12.8 12.8 12.8zm96 0h22.4c6.4 0 12.8-6.4 12.8-12.8V204.8c0-6.4-6.4-12.8-12.8-12.8h-22.4c-6.4 0-12.8 6.4-12.8 12.8v134.4c0 6.4 6.4 12.8 12.8 12.8zM496 400H48V80c0-8.84-7.16-16-16-16H16C7.16 64 0 71.16 0 80v336c0 17.67 14.33 32 32 32h464c8.84 0 16-7.16 16-16v-16c0-8.84-7.16-16-16-16zm-387.2-48h22.4c6.4 0 12.8-6.4 12.8-12.8v-70.4c0-6.4-6.4-12.8-12.8-12.8h-22.4c-6.4 0-12.8 6.4-12.8 12.8v70.4c0 6.4 6.4 12.8 12.8 12.8z\" class=\"\"><\/path><\/svg><\/i> <img loading=\"lazy\" decoding=\"async\" width=\"16\" height=\"16\" alt=\"Loading\" src=\"https:\/\/travelchair.de\/wp-content\/plugins\/page-views-count\/ajax-loader-2x.gif\" border=0 \/><\/p>\n<div class=\"pvc_clear\"><\/div>\n","protected":false},"excerpt":{"rendered":"<p>WERBUNG, DA NENNUNG! Volkshaus Jena Das Veranstaltungsgeb\u00e4ude liegt zentral. Der Eingang ist barrierefrei. In den Saal oder auf den Balkon gelangt man per Aufzug. Der Saal ist f\u00fcr ca. 1000 Personen ausgelegt und somit hat man auch in den hinteren Reihen eine gute Sicht. Das Gew\u00f6lbe macht schon was her. Zwei rollstuhlgerechte Toiletten befinden sich &hellip; <a href=\"https:\/\/travelchair.de\/?page_id=263\" class=\"more-link\"><span class=\"screen-reader-text\">Jena, Konzert Tina Dico 2.2020<\/span> weiterlesen <span class=\"meta-nav\">&rarr;<\/span><\/a><\/p>\n<div class=\"pvc_clear\"><\/div>\n<p id=\"pvc_stats_263\" class=\"pvc_stats all  \" data-element-id=\"263\" style=\"\"><i class=\"pvc-stats-icon medium\" aria-hidden=\"true\"><svg aria-hidden=\"true\" focusable=\"false\" data-prefix=\"far\" data-icon=\"chart-bar\" role=\"img\" xmlns=\"http:\/\/www.w3.org\/2000\/svg\" viewBox=\"0 0 512 512\" class=\"svg-inline--fa fa-chart-bar fa-w-16 fa-2x\"><path fill=\"currentColor\" d=\"M396.8 352h22.4c6.4 0 12.8-6.4 12.8-12.8V108.8c0-6.4-6.4-12.8-12.8-12.8h-22.4c-6.4 0-12.8 6.4-12.8 12.8v230.4c0 6.4 6.4 12.8 12.8 12.8zm-192 0h22.4c6.4 0 12.8-6.4 12.8-12.8V140.8c0-6.4-6.4-12.8-12.8-12.8h-22.4c-6.4 0-12.8 6.4-12.8 12.8v198.4c0 6.4 6.4 12.8 12.8 12.8zm96 0h22.4c6.4 0 12.8-6.4 12.8-12.8V204.8c0-6.4-6.4-12.8-12.8-12.8h-22.4c-6.4 0-12.8 6.4-12.8 12.8v134.4c0 6.4 6.4 12.8 12.8 12.8zM496 400H48V80c0-8.84-7.16-16-16-16H16C7.16 64 0 71.16 0 80v336c0 17.67 14.33 32 32 32h464c8.84 0 16-7.16 16-16v-16c0-8.84-7.16-16-16-16zm-387.2-48h22.4c6.4 0 12.8-6.4 12.8-12.8v-70.4c0-6.4-6.4-12.8-12.8-12.8h-22.4c-6.4 0-12.8 6.4-12.8 12.8v70.4c0 6.4 6.4 12.8 12.8 12.8z\" class=\"\"><\/path><\/svg><\/i> <img loading=\"lazy\" decoding=\"async\" width=\"16\" height=\"16\" alt=\"Loading\" src=\"https:\/\/travelchair.de\/wp-content\/plugins\/page-views-count\/ajax-loader-2x.gif\" border=0 \/><\/p>\n<div class=\"pvc_clear\"><\/div>\n","protected":false},"author":1,"featured_media":291,"parent":0,"menu_order":0,"comment_status":"closed","ping_status":"closed","template":"","meta":{"footnotes":""},"class_list":["post-263","page","type-page","status-publish","has-post-thumbnail","hentry"],"a3_pvc":{"activated":true,"total_views":212,"today_views":0},"_links":{"self":[{"href":"https:\/\/travelchair.de\/index.php?rest_route=\/wp\/v2\/pages\/263","targetHints":{"allow":["GET"]}}],"collection":[{"href":"https:\/\/travelchair.de\/index.php?rest_route=\/wp\/v2\/pages"}],"about":[{"href":"https:\/\/travelchair.de\/index.php?rest_route=\/wp\/v2\/types\/page"}],"author":[{"embeddable":true,"href":"https:\/\/travelchair.de\/index.php?rest_route=\/wp\/v2\/users\/1"}],"replies":[{"embeddable":true,"href":"https:\/\/travelchair.de\/index.php?rest_route=%2Fwp%2Fv2%2Fcomments&post=263"}],"version-history":[{"count":11,"href":"https:\/\/travelchair.de\/index.php?rest_route=\/wp\/v2\/pages\/263\/revisions"}],"predecessor-version":[{"id":389,"href":"https:\/\/travelchair.de\/index.php?rest_route=\/wp\/v2\/pages\/263\/revisions\/389"}],"wp:featuredmedia":[{"embeddable":true,"href":"https:\/\/travelchair.de\/index.php?rest_route=\/wp\/v2\/media\/291"}],"wp:attachment":[{"href":"https:\/\/travelchair.de\/index.php?rest_route=%2Fwp%2Fv2%2Fmedia&parent=263"}],"curies":[{"name":"wp","href":"https:\/\/api.w.org\/{rel}","templated":true}]}}