{"id":184,"date":"2020-01-31T21:05:06","date_gmt":"2020-01-31T21:05:06","guid":{"rendered":"http:\/\/travelchair.de\/?page_id=184"},"modified":"2020-05-14T22:33:36","modified_gmt":"2020-05-14T22:33:36","slug":"testfahrt-im-schnee-willingen","status":"publish","type":"page","link":"https:\/\/travelchair.de\/?page_id=184","title":{"rendered":"Testfahrt im  Schnee, Willingen 2.2020"},"content":{"rendered":"<p>WERBUNG, DA NENNUNG!<\/p>\n<h1>Testfahrt im Schnee<\/h1>\n<p>Auf, in den Schnee!\u00a0 In diesem Winter nicht so ganz einfach, aber in Willingen im Sauerland sind wir f\u00fcndig geworden. Mit der Ettelsberg Seilbahn geht es hinauf. Gegen Vorlage des SBAs bekommt man Rabatt ( Preis der Kinderkarte), die Begleitperson zahlt den vollen Preis. Die Mitarbeiter an der Seilbahn sind sehr hilfsbereit. Durch einen gesonderten Eingang gelangt man ohne Wartezeit zu den Kabinen. Diese werden zum leichteren Einstieg etwas abgebremst und man bekommt direkt Tipps zum gefahrlosen Einsteigen &#8211; r\u00fcckw\u00e4rts geht es am besten. Wir hatten die Kabine f\u00fcr uns alleine und wir genossen die Aussicht. Der Ausstieg ging genauso problemlos wie der Einstieg. Von der Seilbahn aus f\u00fchrt ein kurzer Weg zum Hochheideturm, der Eintritt ist frei.\u00a0 Per Aufzug gelangt man auf die Aussichtsplattform und hat einen tollen Ausblick auf die Skipisten und Berge. Unten im Turm gibt eine behindertengerechte Toilette mit EC-Schlie\u00dfung. Auf der Homepage der Seilbahn gibt es genaue Infos zur Seilbahn, T\u00fcrenbreite, Wegebeschaffenheit usw. . Bei winterlichem Wetter sind die Wege schneebedeckt und zum Teil vereist. Der Weg zu Siggis H\u00fctte ist mit Splitt rutschsicherer gemacht worden.<\/p>\n<p>Wer sich jetzt fragt, warum in aller Welt man mit dem Rolli in den Schnee f\u00e4hrt &#8211; wir wollten zwei Dinge testen, die mit in den Island-Urlaub kommen. Zum einen den<strong><em> Bein-Parka von kinetic-balance<\/em><\/strong>. Da ich die normalen Schlupfs\u00e4cke f\u00fcr Rollstuhlfahrer weder sch\u00f6n noch praktisch finde, habe ich mich nach einer anderen L\u00f6sung umgeschaut und bin bei kinetic-balance gelandet. Dort gibt es einen Bein-Parka, den man an- und ausziehen kann ohne aufzustehen. Oberhalb der Beine ist es wie eine Sch\u00fcrze, die mit mehreren Klickverschl\u00fcssen um H\u00fcfte, Knie und Fesseln befestigt wird. Die F\u00fc\u00dfe bleiben frei. Um die unteren Beine wird ein Teilst\u00fcck des Parkas mit einem Rei\u00dfverschluss geschlossen. Der Parka ist wasserdicht und wie eine Steppjacke gef\u00fcttert. Ich habe ihn bereits mehrfach getragen und hatte keine kalten Knie, Beine und F\u00fc\u00dfe. Er ist nicht so wuchtig wie ein Schlupfsack und ist schnell verstaut, wenn er nicht mehr ben\u00f6tigt wird. Vorne ist auch noch eine kleine Rei\u00dfverschlusstasche eingearbeitet. Bei Gelegenheit werde ich nochmal detailliertere Fotos von dem Parka machen.<\/p>\n<p><img loading=\"lazy\" decoding=\"async\" class=\"alignnone size-medium wp-image-251\" src=\"http:\/\/travelchair.de\/wp-content\/uploads\/2020\/02\/IMG-20200125-WA0007-2-300x217.jpg\" alt=\"\" width=\"300\" height=\"217\" srcset=\"https:\/\/travelchair.de\/wp-content\/uploads\/2020\/02\/IMG-20200125-WA0007-2-300x217.jpg 300w, https:\/\/travelchair.de\/wp-content\/uploads\/2020\/02\/IMG-20200125-WA0007-2.jpg 303w\" sizes=\"auto, (max-width: 300px) 100vw, 300px\" \/><\/p>\n<p><img loading=\"lazy\" decoding=\"async\" class=\"alignnone size-medium wp-image-252\" src=\"http:\/\/travelchair.de\/wp-content\/uploads\/2020\/02\/IMG-20200125-WA0013-2-300x208.jpg\" alt=\"\" width=\"300\" height=\"208\" srcset=\"https:\/\/travelchair.de\/wp-content\/uploads\/2020\/02\/IMG-20200125-WA0013-2-300x208.jpg 300w, https:\/\/travelchair.de\/wp-content\/uploads\/2020\/02\/IMG-20200125-WA0013-2.jpg 354w\" sizes=\"auto, (max-width: 300px) 100vw, 300px\" \/><\/p>\n<p>Das zweite Testobjekt waren die <strong><em>wheelblades<\/em><\/strong> &#8211; kleine Skier, die das Fahren im Schnee erleichtern. Bevor es los geht, wird die Verbindung mit Schrauben auf das jeweilige Vorderrad angepasst. Dann k\u00f6nnen die Skier quasi per Schnappverschluss an- und abmontiert werden. Auf den schneebedeckten oder eisigen Wegen klappte es wirklich super. Am Rand der Piste haben wir einen weiteren Test gemacht. Solange der Schnee fest ist, funktioniert es gut. Bei weichem Schnee sinken die gro\u00dfen R\u00e4der zu sehr ein und es wird m\u00fchsamer. Die Blicke mancher Skifahrer waren schon lustig, weil sie wohl bef\u00fcrchteten, ich w\u00fcrde damit gleich die Piste runterd\u00fcsen.<\/p>\n<p><img loading=\"lazy\" decoding=\"async\" class=\"alignnone size-medium wp-image-248\" src=\"http:\/\/travelchair.de\/wp-content\/uploads\/2020\/02\/IMG-20200210-WA0007-225x300.jpg\" alt=\"\" width=\"225\" height=\"300\" srcset=\"https:\/\/travelchair.de\/wp-content\/uploads\/2020\/02\/IMG-20200210-WA0007-225x300.jpg 225w, https:\/\/travelchair.de\/wp-content\/uploads\/2020\/02\/IMG-20200210-WA0007.jpg 450w\" sizes=\"auto, (max-width: 225px) 100vw, 225px\" \/> <img loading=\"lazy\" decoding=\"async\" class=\"alignnone size-medium wp-image-247\" src=\"http:\/\/travelchair.de\/wp-content\/uploads\/2020\/02\/IMG-20200210-WA0006-225x300.jpg\" alt=\"\" width=\"225\" height=\"300\" srcset=\"https:\/\/travelchair.de\/wp-content\/uploads\/2020\/02\/IMG-20200210-WA0006-225x300.jpg 225w, https:\/\/travelchair.de\/wp-content\/uploads\/2020\/02\/IMG-20200210-WA0006.jpg 450w\" sizes=\"auto, (max-width: 225px) 100vw, 225px\" \/><\/p>\n<p><img loading=\"lazy\" decoding=\"async\" class=\"alignnone size-medium wp-image-246\" src=\"http:\/\/travelchair.de\/wp-content\/uploads\/2020\/02\/IMG-20200210-WA0005-225x300.jpg\" alt=\"\" width=\"225\" height=\"300\" srcset=\"https:\/\/travelchair.de\/wp-content\/uploads\/2020\/02\/IMG-20200210-WA0005-225x300.jpg 225w, https:\/\/travelchair.de\/wp-content\/uploads\/2020\/02\/IMG-20200210-WA0005.jpg 450w\" sizes=\"auto, (max-width: 225px) 100vw, 225px\" \/> <img loading=\"lazy\" decoding=\"async\" class=\"alignnone size-medium wp-image-245\" src=\"http:\/\/travelchair.de\/wp-content\/uploads\/2020\/02\/IMG-20200210-WA0004-225x300.jpg\" alt=\"\" width=\"225\" height=\"300\" srcset=\"https:\/\/travelchair.de\/wp-content\/uploads\/2020\/02\/IMG-20200210-WA0004-225x300.jpg 225w, https:\/\/travelchair.de\/wp-content\/uploads\/2020\/02\/IMG-20200210-WA0004.jpg 450w\" sizes=\"auto, (max-width: 225px) 100vw, 225px\" \/><\/p>\n<p><img loading=\"lazy\" decoding=\"async\" class=\"alignnone size-medium wp-image-217\" src=\"http:\/\/travelchair.de\/wp-content\/uploads\/2020\/02\/20200127_014857-225x300.jpg\" alt=\"\" width=\"225\" height=\"300\" srcset=\"https:\/\/travelchair.de\/wp-content\/uploads\/2020\/02\/20200127_014857-225x300.jpg 225w, https:\/\/travelchair.de\/wp-content\/uploads\/2020\/02\/20200127_014857.jpg 450w\" sizes=\"auto, (max-width: 225px) 100vw, 225px\" \/><\/p>\n<p><img loading=\"lazy\" decoding=\"async\" class=\"alignnone size-medium wp-image-218\" src=\"http:\/\/travelchair.de\/wp-content\/uploads\/2020\/02\/IMG-20200125-WA0007-300x300.jpg\" alt=\"\" width=\"300\" height=\"300\" srcset=\"https:\/\/travelchair.de\/wp-content\/uploads\/2020\/02\/IMG-20200125-WA0007-300x300.jpg 300w, https:\/\/travelchair.de\/wp-content\/uploads\/2020\/02\/IMG-20200125-WA0007-150x150.jpg 150w, https:\/\/travelchair.de\/wp-content\/uploads\/2020\/02\/IMG-20200125-WA0007.jpg 600w\" sizes=\"auto, (max-width: 300px) 100vw, 300px\" \/><\/p>\n<p><img loading=\"lazy\" decoding=\"async\" class=\"alignnone size-medium wp-image-219\" src=\"http:\/\/travelchair.de\/wp-content\/uploads\/2020\/02\/IMG-20200125-WA0010-300x225.jpg\" alt=\"\" width=\"300\" height=\"225\" srcset=\"https:\/\/travelchair.de\/wp-content\/uploads\/2020\/02\/IMG-20200125-WA0010-300x225.jpg 300w, https:\/\/travelchair.de\/wp-content\/uploads\/2020\/02\/IMG-20200125-WA0010-768x576.jpg 768w, https:\/\/travelchair.de\/wp-content\/uploads\/2020\/02\/IMG-20200125-WA0010.jpg 800w\" sizes=\"auto, (max-width: 300px) 100vw, 300px\" \/><\/p>\n<p><img loading=\"lazy\" decoding=\"async\" class=\"alignnone size-medium wp-image-221\" src=\"http:\/\/travelchair.de\/wp-content\/uploads\/2020\/02\/IMG-20200125-WA0019-300x225.jpg\" alt=\"\" width=\"300\" height=\"225\" srcset=\"https:\/\/travelchair.de\/wp-content\/uploads\/2020\/02\/IMG-20200125-WA0019-300x225.jpg 300w, https:\/\/travelchair.de\/wp-content\/uploads\/2020\/02\/IMG-20200125-WA0019-768x576.jpg 768w, https:\/\/travelchair.de\/wp-content\/uploads\/2020\/02\/IMG-20200125-WA0019.jpg 800w\" sizes=\"auto, (max-width: 300px) 100vw, 300px\" \/><\/p>\n<p><img loading=\"lazy\" decoding=\"async\" class=\"alignnone size-medium wp-image-223\" src=\"http:\/\/travelchair.de\/wp-content\/uploads\/2020\/02\/IMG-20200125-WA0011-300x225.jpg\" alt=\"\" width=\"300\" height=\"225\" srcset=\"https:\/\/travelchair.de\/wp-content\/uploads\/2020\/02\/IMG-20200125-WA0011-300x225.jpg 300w, https:\/\/travelchair.de\/wp-content\/uploads\/2020\/02\/IMG-20200125-WA0011-768x576.jpg 768w, https:\/\/travelchair.de\/wp-content\/uploads\/2020\/02\/IMG-20200125-WA0011.jpg 800w\" sizes=\"auto, (max-width: 300px) 100vw, 300px\" \/><\/p>\n<p><strong>Der Bein-Parka von kinetic-balance im Detail:<\/strong><\/p>\n<p><img loading=\"lazy\" decoding=\"async\" class=\"alignnone size-medium wp-image-434\" src=\"http:\/\/travelchair.de\/wp-content\/uploads\/2020\/05\/IMG-20200413-WA0006-225x300.jpg\" alt=\"\" width=\"225\" height=\"300\" srcset=\"https:\/\/travelchair.de\/wp-content\/uploads\/2020\/05\/IMG-20200413-WA0006-225x300.jpg 225w, https:\/\/travelchair.de\/wp-content\/uploads\/2020\/05\/IMG-20200413-WA0006.jpg 450w\" sizes=\"auto, (max-width: 225px) 100vw, 225px\" \/><img loading=\"lazy\" decoding=\"async\" class=\"alignnone size-medium wp-image-435\" src=\"http:\/\/travelchair.de\/wp-content\/uploads\/2020\/05\/IMG-20200413-WA0009-225x300.jpg\" alt=\"\" width=\"225\" height=\"300\" srcset=\"https:\/\/travelchair.de\/wp-content\/uploads\/2020\/05\/IMG-20200413-WA0009-225x300.jpg 225w, https:\/\/travelchair.de\/wp-content\/uploads\/2020\/05\/IMG-20200413-WA0009.jpg 450w\" sizes=\"auto, (max-width: 225px) 100vw, 225px\" \/><\/p>\n<p>Vorder- und R\u00fcckseite<\/p>\n<p>Die Vorderseite ist wasserabweisend, die R\u00fcckseite hat ein gestepptes Futter wie eine Winterjacke.<\/p>\n<p><img loading=\"lazy\" decoding=\"async\" class=\"alignnone size-medium wp-image-429\" src=\"http:\/\/travelchair.de\/wp-content\/uploads\/2020\/05\/20200413_161755-Kopie-300x225.jpg\" alt=\"\" width=\"300\" height=\"225\" srcset=\"https:\/\/travelchair.de\/wp-content\/uploads\/2020\/05\/20200413_161755-Kopie-300x225.jpg 300w, https:\/\/travelchair.de\/wp-content\/uploads\/2020\/05\/20200413_161755-Kopie-768x576.jpg 768w, https:\/\/travelchair.de\/wp-content\/uploads\/2020\/05\/20200413_161755-Kopie.jpg 800w\" sizes=\"auto, (max-width: 300px) 100vw, 300px\" \/><\/p>\n<p>Die kleine Rei\u00dfverschlusstasche im Vorderteil und die Verbindung zum hinteren Teil, der die Waden umschliesst.<\/p>\n<p><img loading=\"lazy\" decoding=\"async\" class=\"alignnone size-medium wp-image-431\" src=\"http:\/\/travelchair.de\/wp-content\/uploads\/2020\/05\/20200413_161907-Kopie-300x225.jpg\" alt=\"\" width=\"300\" height=\"225\" srcset=\"https:\/\/travelchair.de\/wp-content\/uploads\/2020\/05\/20200413_161907-Kopie-300x225.jpg 300w, https:\/\/travelchair.de\/wp-content\/uploads\/2020\/05\/20200413_161907-Kopie-768x576.jpg 768w, https:\/\/travelchair.de\/wp-content\/uploads\/2020\/05\/20200413_161907-Kopie.jpg 800w\" sizes=\"auto, (max-width: 300px) 100vw, 300px\" \/><\/p>\n<p>Steppfutter und Tunnelz\u00fcge zur individuellen Einstellung im Bauch- und Beinbereich.<\/p>\n<p><img loading=\"lazy\" decoding=\"async\" class=\"alignnone size-medium wp-image-432\" src=\"http:\/\/travelchair.de\/wp-content\/uploads\/2020\/05\/20200413_161938-Kopie-300x225.jpg\" alt=\"\" width=\"300\" height=\"225\" srcset=\"https:\/\/travelchair.de\/wp-content\/uploads\/2020\/05\/20200413_161938-Kopie-300x225.jpg 300w, https:\/\/travelchair.de\/wp-content\/uploads\/2020\/05\/20200413_161938-Kopie-768x576.jpg 768w, https:\/\/travelchair.de\/wp-content\/uploads\/2020\/05\/20200413_161938-Kopie.jpg 800w\" sizes=\"auto, (max-width: 300px) 100vw, 300px\" \/><\/p>\n<p>Das hintere Teil des Parkas, der die Unterschenkel umschlie\u00dft.<\/p>\n<p><img loading=\"lazy\" decoding=\"async\" class=\"alignnone size-medium wp-image-433\" src=\"http:\/\/travelchair.de\/wp-content\/uploads\/2020\/05\/20200413_162009-Kopie-300x225.jpg\" alt=\"\" width=\"300\" height=\"225\" srcset=\"https:\/\/travelchair.de\/wp-content\/uploads\/2020\/05\/20200413_162009-Kopie-300x225.jpg 300w, https:\/\/travelchair.de\/wp-content\/uploads\/2020\/05\/20200413_162009-Kopie-768x576.jpg 768w, https:\/\/travelchair.de\/wp-content\/uploads\/2020\/05\/20200413_162009-Kopie.jpg 800w\" sizes=\"auto, (max-width: 300px) 100vw, 300px\" \/><\/p>\n<p>So geht&#8217;s:<\/p>\n<p>Den oberen Teil per Klickverschluss um den Bauch befestigen und, wenn m\u00f6glich, die Jacke dar\u00fcber ziehen, damit bei Regen die Oberschenkel trocken bleiben. Die Tunnelz\u00fcge so einstellen, dass auch das Sitzkissen abgedeckt wird. Dann die Klickverschl\u00fcsse in den Kniekehlen und an den Kn\u00f6cheln schlie\u00dfen und den hinteren Teil per Rei\u00dfverschluss um die Unterschenkel befestigen. Die F\u00fc\u00dfe bleiben frei. Inzwischen gibt es bei kinetic-balance eine neue Variante, der der auch die F\u00fc\u00dfe mit eingepackt werden.<\/p>\n<p><img loading=\"lazy\" decoding=\"async\" class=\"alignnone size-medium wp-image-436\" src=\"http:\/\/travelchair.de\/wp-content\/uploads\/2020\/05\/IMG-20200413-WA0010-225x300.jpg\" alt=\"\" width=\"225\" height=\"300\" srcset=\"https:\/\/travelchair.de\/wp-content\/uploads\/2020\/05\/IMG-20200413-WA0010-225x300.jpg 225w, https:\/\/travelchair.de\/wp-content\/uploads\/2020\/05\/IMG-20200413-WA0010.jpg 450w\" sizes=\"auto, (max-width: 225px) 100vw, 225px\" \/> <img loading=\"lazy\" decoding=\"async\" class=\"alignnone size-medium wp-image-437\" src=\"http:\/\/travelchair.de\/wp-content\/uploads\/2020\/05\/IMG-20200413-WA0014-225x300.jpg\" alt=\"\" width=\"225\" height=\"300\" srcset=\"https:\/\/travelchair.de\/wp-content\/uploads\/2020\/05\/IMG-20200413-WA0014-225x300.jpg 225w, https:\/\/travelchair.de\/wp-content\/uploads\/2020\/05\/IMG-20200413-WA0014.jpg 450w\" sizes=\"auto, (max-width: 225px) 100vw, 225px\" \/><\/p>\n<p>Seitlich bleibt ein schmaler Streifen am Oberschenkel frei. Trotzdem hatte ich bei l\u00e4ngeren Aufenthalten im Freien keine kalten Beine oder F\u00fc\u00dfe.<\/p>\n<p><img loading=\"lazy\" decoding=\"async\" class=\"alignnone size-medium wp-image-438\" src=\"http:\/\/travelchair.de\/wp-content\/uploads\/2020\/05\/IMG-20200413-WA0015-225x300.jpg\" alt=\"\" width=\"225\" height=\"300\" srcset=\"https:\/\/travelchair.de\/wp-content\/uploads\/2020\/05\/IMG-20200413-WA0015-225x300.jpg 225w, https:\/\/travelchair.de\/wp-content\/uploads\/2020\/05\/IMG-20200413-WA0015.jpg 450w\" sizes=\"auto, (max-width: 225px) 100vw, 225px\" \/> <img loading=\"lazy\" decoding=\"async\" class=\"alignnone size-medium wp-image-439\" src=\"http:\/\/travelchair.de\/wp-content\/uploads\/2020\/05\/IMG-20200413-WA0016-225x300.jpg\" alt=\"\" width=\"225\" height=\"300\" srcset=\"https:\/\/travelchair.de\/wp-content\/uploads\/2020\/05\/IMG-20200413-WA0016-225x300.jpg 225w, https:\/\/travelchair.de\/wp-content\/uploads\/2020\/05\/IMG-20200413-WA0016.jpg 450w\" sizes=\"auto, (max-width: 225px) 100vw, 225px\" \/><\/p>\n<p><a href=\"https:\/\/www.sauerland.com\/\">https:\/\/www.sauerland.com\/<\/a><\/p>\n<p><a href=\"https:\/\/www.ettelsberg-seilbahn.de\/\">https:\/\/www.ettelsberg-seilbahn.de\/<\/a><\/p>\n<p><a href=\"https:\/\/www.willingen.de\/\">https:\/\/www.willingen.de\/<\/a><\/p>\n<p><a href=\"https:\/\/www.kinetic-balance.com\/\">www.kinetic-balance.com<\/a><\/p>\n<p><a href=\"https:\/\/wheelblades.shop\/\">https:\/\/wheelblades.shop\/<\/a><\/p>\n<p>1.2020<\/p>\n<div class=\"pvc_clear\"><\/div>\n<p id=\"pvc_stats_184\" class=\"pvc_stats all  \" data-element-id=\"184\" style=\"\"><i class=\"pvc-stats-icon medium\" aria-hidden=\"true\"><svg aria-hidden=\"true\" focusable=\"false\" data-prefix=\"far\" data-icon=\"chart-bar\" role=\"img\" xmlns=\"http:\/\/www.w3.org\/2000\/svg\" viewBox=\"0 0 512 512\" class=\"svg-inline--fa fa-chart-bar fa-w-16 fa-2x\"><path fill=\"currentColor\" d=\"M396.8 352h22.4c6.4 0 12.8-6.4 12.8-12.8V108.8c0-6.4-6.4-12.8-12.8-12.8h-22.4c-6.4 0-12.8 6.4-12.8 12.8v230.4c0 6.4 6.4 12.8 12.8 12.8zm-192 0h22.4c6.4 0 12.8-6.4 12.8-12.8V140.8c0-6.4-6.4-12.8-12.8-12.8h-22.4c-6.4 0-12.8 6.4-12.8 12.8v198.4c0 6.4 6.4 12.8 12.8 12.8zm96 0h22.4c6.4 0 12.8-6.4 12.8-12.8V204.8c0-6.4-6.4-12.8-12.8-12.8h-22.4c-6.4 0-12.8 6.4-12.8 12.8v134.4c0 6.4 6.4 12.8 12.8 12.8zM496 400H48V80c0-8.84-7.16-16-16-16H16C7.16 64 0 71.16 0 80v336c0 17.67 14.33 32 32 32h464c8.84 0 16-7.16 16-16v-16c0-8.84-7.16-16-16-16zm-387.2-48h22.4c6.4 0 12.8-6.4 12.8-12.8v-70.4c0-6.4-6.4-12.8-12.8-12.8h-22.4c-6.4 0-12.8 6.4-12.8 12.8v70.4c0 6.4 6.4 12.8 12.8 12.8z\" class=\"\"><\/path><\/svg><\/i> <img loading=\"lazy\" decoding=\"async\" width=\"16\" height=\"16\" alt=\"Loading\" src=\"https:\/\/travelchair.de\/wp-content\/plugins\/page-views-count\/ajax-loader-2x.gif\" border=0 \/><\/p>\n<div class=\"pvc_clear\"><\/div>\n","protected":false},"excerpt":{"rendered":"<p>WERBUNG, DA NENNUNG! Testfahrt im Schnee Auf, in den Schnee!\u00a0 In diesem Winter nicht so ganz einfach, aber in Willingen im Sauerland sind wir f\u00fcndig geworden. Mit der Ettelsberg Seilbahn geht es hinauf. Gegen Vorlage des SBAs bekommt man Rabatt ( Preis der Kinderkarte), die Begleitperson zahlt den vollen Preis. Die Mitarbeiter an der Seilbahn &hellip; <a href=\"https:\/\/travelchair.de\/?page_id=184\" class=\"more-link\"><span class=\"screen-reader-text\">Testfahrt im  Schnee, Willingen 2.2020<\/span> weiterlesen <span class=\"meta-nav\">&rarr;<\/span><\/a><\/p>\n<div class=\"pvc_clear\"><\/div>\n<p id=\"pvc_stats_184\" class=\"pvc_stats all  \" data-element-id=\"184\" style=\"\"><i class=\"pvc-stats-icon medium\" aria-hidden=\"true\"><svg aria-hidden=\"true\" focusable=\"false\" data-prefix=\"far\" data-icon=\"chart-bar\" role=\"img\" xmlns=\"http:\/\/www.w3.org\/2000\/svg\" viewBox=\"0 0 512 512\" class=\"svg-inline--fa fa-chart-bar fa-w-16 fa-2x\"><path fill=\"currentColor\" d=\"M396.8 352h22.4c6.4 0 12.8-6.4 12.8-12.8V108.8c0-6.4-6.4-12.8-12.8-12.8h-22.4c-6.4 0-12.8 6.4-12.8 12.8v230.4c0 6.4 6.4 12.8 12.8 12.8zm-192 0h22.4c6.4 0 12.8-6.4 12.8-12.8V140.8c0-6.4-6.4-12.8-12.8-12.8h-22.4c-6.4 0-12.8 6.4-12.8 12.8v198.4c0 6.4 6.4 12.8 12.8 12.8zm96 0h22.4c6.4 0 12.8-6.4 12.8-12.8V204.8c0-6.4-6.4-12.8-12.8-12.8h-22.4c-6.4 0-12.8 6.4-12.8 12.8v134.4c0 6.4 6.4 12.8 12.8 12.8zM496 400H48V80c0-8.84-7.16-16-16-16H16C7.16 64 0 71.16 0 80v336c0 17.67 14.33 32 32 32h464c8.84 0 16-7.16 16-16v-16c0-8.84-7.16-16-16-16zm-387.2-48h22.4c6.4 0 12.8-6.4 12.8-12.8v-70.4c0-6.4-6.4-12.8-12.8-12.8h-22.4c-6.4 0-12.8 6.4-12.8 12.8v70.4c0 6.4 6.4 12.8 12.8 12.8z\" class=\"\"><\/path><\/svg><\/i> <img loading=\"lazy\" decoding=\"async\" width=\"16\" height=\"16\" alt=\"Loading\" src=\"https:\/\/travelchair.de\/wp-content\/plugins\/page-views-count\/ajax-loader-2x.gif\" border=0 \/><\/p>\n<div class=\"pvc_clear\"><\/div>\n","protected":false},"author":1,"featured_media":250,"parent":0,"menu_order":0,"comment_status":"closed","ping_status":"closed","template":"","meta":{"footnotes":""},"class_list":["post-184","page","type-page","status-publish","has-post-thumbnail","hentry"],"a3_pvc":{"activated":true,"total_views":242,"today_views":0},"_links":{"self":[{"href":"https:\/\/travelchair.de\/index.php?rest_route=\/wp\/v2\/pages\/184","targetHints":{"allow":["GET"]}}],"collection":[{"href":"https:\/\/travelchair.de\/index.php?rest_route=\/wp\/v2\/pages"}],"about":[{"href":"https:\/\/travelchair.de\/index.php?rest_route=\/wp\/v2\/types\/page"}],"author":[{"embeddable":true,"href":"https:\/\/travelchair.de\/index.php?rest_route=\/wp\/v2\/users\/1"}],"replies":[{"embeddable":true,"href":"https:\/\/travelchair.de\/index.php?rest_route=%2Fwp%2Fv2%2Fcomments&post=184"}],"version-history":[{"count":13,"href":"https:\/\/travelchair.de\/index.php?rest_route=\/wp\/v2\/pages\/184\/revisions"}],"predecessor-version":[{"id":440,"href":"https:\/\/travelchair.de\/index.php?rest_route=\/wp\/v2\/pages\/184\/revisions\/440"}],"wp:featuredmedia":[{"embeddable":true,"href":"https:\/\/travelchair.de\/index.php?rest_route=\/wp\/v2\/media\/250"}],"wp:attachment":[{"href":"https:\/\/travelchair.de\/index.php?rest_route=%2Fwp%2Fv2%2Fmedia&parent=184"}],"curies":[{"name":"wp","href":"https:\/\/api.w.org\/{rel}","templated":true}]}}