{"id":164,"date":"2020-01-31T19:29:17","date_gmt":"2020-01-31T19:29:17","guid":{"rendered":"http:\/\/travelchair.de\/?page_id=164"},"modified":"2020-07-03T08:49:07","modified_gmt":"2020-07-03T08:49:07","slug":"ausruestung","status":"publish","type":"page","link":"https:\/\/travelchair.de\/?page_id=164","title":{"rendered":"Ausr\u00fcstung"},"content":{"rendered":"<p>WERBUNG, DA NENNUNG!<\/p>\n<h3><strong>Rollstuhl K\u00fcschall K-Series<\/strong><\/h3>\n<p><img loading=\"lazy\" decoding=\"async\" class=\"alignnone size-medium wp-image-442\" src=\"http:\/\/travelchair.de\/wp-content\/uploads\/2020\/05\/IMG_20200108_125047_023-Kopie-300x300.jpg\" alt=\"\" width=\"300\" height=\"300\" srcset=\"https:\/\/travelchair.de\/wp-content\/uploads\/2020\/05\/IMG_20200108_125047_023-Kopie-300x300.jpg 300w, https:\/\/travelchair.de\/wp-content\/uploads\/2020\/05\/IMG_20200108_125047_023-Kopie-150x150.jpg 150w, https:\/\/travelchair.de\/wp-content\/uploads\/2020\/05\/IMG_20200108_125047_023-Kopie.jpg 600w\" sizes=\"auto, (max-width: 300px) 100vw, 300px\" \/><\/p>\n<p><img loading=\"lazy\" decoding=\"async\" class=\"alignnone size-medium wp-image-443\" src=\"http:\/\/travelchair.de\/wp-content\/uploads\/2020\/05\/IMG_20200108_125047_024-Kopie-300x300.jpg\" alt=\"\" width=\"300\" height=\"300\" srcset=\"https:\/\/travelchair.de\/wp-content\/uploads\/2020\/05\/IMG_20200108_125047_024-Kopie-300x300.jpg 300w, https:\/\/travelchair.de\/wp-content\/uploads\/2020\/05\/IMG_20200108_125047_024-Kopie-150x150.jpg 150w, https:\/\/travelchair.de\/wp-content\/uploads\/2020\/05\/IMG_20200108_125047_024-Kopie.jpg 600w\" sizes=\"auto, (max-width: 300px) 100vw, 300px\" \/><\/p>\n<p>Mein neuer Flitzer seit ein paar Monaten, inklusive Gecko-Greifreifen ( die ich nicht mehr missen m\u00f6chte), Spinergy-R\u00e4dern und dem Jay Easy Visco-Sitzkissen.<\/p>\n<p>&nbsp;<\/p>\n<h1><strong>Chiba-Handschuhe<\/strong><\/h1>\n<p>Die Rollifahrer-Handschuhe sind warm gef\u00fcttert, wasserdicht und an der Innenseite gummiert f\u00fcr den besseren Grip. Mit dem Klettverschluss am Handgelenk lassen sie sich individuell einstellen.<\/p>\n<p>Update 01.07.20: Da die Tour statt im Mai erst im Juli stattfindet, sind die dicken Handschuhe nicht erforderlich.<\/p>\n<p><img loading=\"lazy\" decoding=\"async\" class=\"alignnone size-medium wp-image-256\" src=\"http:\/\/travelchair.de\/wp-content\/uploads\/2020\/02\/20200212_230434-300x225.jpg\" alt=\"\" width=\"300\" height=\"225\" srcset=\"https:\/\/travelchair.de\/wp-content\/uploads\/2020\/02\/20200212_230434-300x225.jpg 300w, https:\/\/travelchair.de\/wp-content\/uploads\/2020\/02\/20200212_230434-768x576.jpg 768w, https:\/\/travelchair.de\/wp-content\/uploads\/2020\/02\/20200212_230434.jpg 800w\" sizes=\"auto, (max-width: 300px) 100vw, 300px\" \/><\/p>\n<p><a href=\"https:\/\/www.chiba.de\/\">https:\/\/www.chiba.de\/<\/a><\/p>\n<p>&nbsp;<\/p>\n<h1><strong>kinetic-balance Bein-Parka<\/strong><\/h1>\n<p>Die ideale Alternative zum herk\u00f6mmlichen Schlupfsack. Er ist wasserdicht, gef\u00fcttert wie eine Steppjacke und kann ohne aufzustehen angelegt werden. Eine ausf\u00fchrliche Beschreibung findet man auf der Seite &#8222;Testfahrt im Schnee&#8220;.<\/p>\n<p><img loading=\"lazy\" decoding=\"async\" class=\"alignnone size-medium wp-image-252\" src=\"http:\/\/travelchair.de\/wp-content\/uploads\/2020\/02\/IMG-20200125-WA0013-2-300x208.jpg\" alt=\"\" width=\"300\" height=\"208\" srcset=\"https:\/\/travelchair.de\/wp-content\/uploads\/2020\/02\/IMG-20200125-WA0013-2-300x208.jpg 300w, https:\/\/travelchair.de\/wp-content\/uploads\/2020\/02\/IMG-20200125-WA0013-2.jpg 354w\" sizes=\"auto, (max-width: 300px) 100vw, 300px\" \/><\/p>\n<p><img loading=\"lazy\" decoding=\"async\" class=\"alignnone size-medium wp-image-251\" src=\"http:\/\/travelchair.de\/wp-content\/uploads\/2020\/02\/IMG-20200125-WA0007-2-300x217.jpg\" alt=\"\" width=\"300\" height=\"217\" srcset=\"https:\/\/travelchair.de\/wp-content\/uploads\/2020\/02\/IMG-20200125-WA0007-2-300x217.jpg 300w, https:\/\/travelchair.de\/wp-content\/uploads\/2020\/02\/IMG-20200125-WA0007-2.jpg 303w\" sizes=\"auto, (max-width: 300px) 100vw, 300px\" \/><\/p>\n<p><img loading=\"lazy\" decoding=\"async\" class=\"alignnone size-medium wp-image-434\" src=\"http:\/\/travelchair.de\/wp-content\/uploads\/2020\/05\/IMG-20200413-WA0006-225x300.jpg\" alt=\"\" width=\"225\" height=\"300\" srcset=\"https:\/\/travelchair.de\/wp-content\/uploads\/2020\/05\/IMG-20200413-WA0006-225x300.jpg 225w, https:\/\/travelchair.de\/wp-content\/uploads\/2020\/05\/IMG-20200413-WA0006.jpg 450w\" sizes=\"auto, (max-width: 225px) 100vw, 225px\" \/><img loading=\"lazy\" decoding=\"async\" class=\"alignnone size-medium wp-image-435\" src=\"http:\/\/travelchair.de\/wp-content\/uploads\/2020\/05\/IMG-20200413-WA0009-225x300.jpg\" alt=\"\" width=\"225\" height=\"300\" srcset=\"https:\/\/travelchair.de\/wp-content\/uploads\/2020\/05\/IMG-20200413-WA0009-225x300.jpg 225w, https:\/\/travelchair.de\/wp-content\/uploads\/2020\/05\/IMG-20200413-WA0009.jpg 450w\" sizes=\"auto, (max-width: 225px) 100vw, 225px\" \/><\/p>\n<p><img loading=\"lazy\" decoding=\"async\" class=\"alignnone size-medium wp-image-439\" src=\"http:\/\/travelchair.de\/wp-content\/uploads\/2020\/05\/IMG-20200413-WA0016-225x300.jpg\" alt=\"\" width=\"225\" height=\"300\" srcset=\"https:\/\/travelchair.de\/wp-content\/uploads\/2020\/05\/IMG-20200413-WA0016-225x300.jpg 225w, https:\/\/travelchair.de\/wp-content\/uploads\/2020\/05\/IMG-20200413-WA0016.jpg 450w\" sizes=\"auto, (max-width: 225px) 100vw, 225px\" \/><\/p>\n<p><a href=\"https:\/\/www.kinetic-balance.com\/\">https:\/\/www.kinetic-balance.com\/<\/a><\/p>\n<p>Direkt zur &#8222;Testfahrt&#8220;:<\/p>\n<p><a href=\"http:\/\/travelchair.de\/?page_id=184\">http:\/\/travelchair.de\/?page_id=184<\/a><\/p>\n<p>&nbsp;<\/p>\n<p>&nbsp;<\/p>\n<h1><strong>Wheelblades<\/strong><\/h1>\n<p>Die Mini-Skier f\u00fcr winterliches Wetter. Auf festem Schnee oder Eis kommt man damit prima vorw\u00e4rts. Einmal auf das jeweilige Rad eingestellt, sind sie schnell an- und abmontiert. Bei einer &#8222;Testfahrt im Schnee&#8220;, s. Men\u00fc, hatte ich viel Spa\u00df damit.<\/p>\n<p><img loading=\"lazy\" decoding=\"async\" class=\"alignnone size-medium wp-image-246\" src=\"http:\/\/travelchair.de\/wp-content\/uploads\/2020\/02\/IMG-20200210-WA0005-225x300.jpg\" alt=\"\" width=\"225\" height=\"300\" srcset=\"https:\/\/travelchair.de\/wp-content\/uploads\/2020\/02\/IMG-20200210-WA0005-225x300.jpg 225w, https:\/\/travelchair.de\/wp-content\/uploads\/2020\/02\/IMG-20200210-WA0005.jpg 450w\" sizes=\"auto, (max-width: 225px) 100vw, 225px\" \/> <img loading=\"lazy\" decoding=\"async\" class=\"alignnone size-medium wp-image-247\" src=\"http:\/\/travelchair.de\/wp-content\/uploads\/2020\/02\/IMG-20200210-WA0006-225x300.jpg\" alt=\"\" width=\"225\" height=\"300\" srcset=\"https:\/\/travelchair.de\/wp-content\/uploads\/2020\/02\/IMG-20200210-WA0006-225x300.jpg 225w, https:\/\/travelchair.de\/wp-content\/uploads\/2020\/02\/IMG-20200210-WA0006.jpg 450w\" sizes=\"auto, (max-width: 225px) 100vw, 225px\" \/><\/p>\n<p><a href=\"https:\/\/wheelblades.shop\/\">https:\/\/wheelblades.shop\/<\/a><\/p>\n<p>Direkt zur &#8222;Testfahrt&#8220;:<\/p>\n<p><a href=\"http:\/\/travelchair.de\/?page_id=184\">http:\/\/travelchair.de\/?page_id=184\u00a0<\/a><\/p>\n<p>&nbsp;<\/p>\n<h3><strong>VOSARA &#8211; das Vorsatzrad<\/strong><\/h3>\n<p>Damit wir auf Island nicht durch unwegsames Gel\u00e4nde ausgebremst werden, kommt auf jeden Fall das VOSARA mit. Die kleinen R\u00e4der k\u00f6nnen nicht mehr blockieren und das Fahren ansich ist deutlich komfortabler.<\/p>\n<p><img loading=\"lazy\" decoding=\"async\" class=\"alignnone size-medium wp-image-476\" src=\"http:\/\/travelchair.de\/wp-content\/uploads\/2020\/06\/20200418_184639-2-300x225.jpg\" alt=\"\" width=\"300\" height=\"225\" srcset=\"https:\/\/travelchair.de\/wp-content\/uploads\/2020\/06\/20200418_184639-2-300x225.jpg 300w, https:\/\/travelchair.de\/wp-content\/uploads\/2020\/06\/20200418_184639-2.jpg 755w\" sizes=\"auto, (max-width: 300px) 100vw, 300px\" \/><\/p>\n<p><img loading=\"lazy\" decoding=\"async\" class=\"alignnone size-medium wp-image-453\" src=\"http:\/\/travelchair.de\/wp-content\/uploads\/2020\/06\/IMG-20200419-WA0002-225x300.jpg\" alt=\"\" width=\"225\" height=\"300\" srcset=\"https:\/\/travelchair.de\/wp-content\/uploads\/2020\/06\/IMG-20200419-WA0002-225x300.jpg 225w, https:\/\/travelchair.de\/wp-content\/uploads\/2020\/06\/IMG-20200419-WA0002.jpg 450w\" sizes=\"auto, (max-width: 225px) 100vw, 225px\" \/><\/p>\n<p>F\u00fcr den Flug haben wir probegepackt: Das Rad wurde abmontiert und der Rest platzsparend zusammengefaltet. Die Standardma\u00dfe f\u00fcr das Handgep\u00e4ck wurden somit erreicht.<\/p>\n<p><img loading=\"lazy\" decoding=\"async\" class=\"alignnone size-medium wp-image-630\" src=\"http:\/\/travelchair.de\/wp-content\/uploads\/2020\/07\/20200629_191100-225x300.jpg\" alt=\"\" width=\"225\" height=\"300\" srcset=\"https:\/\/travelchair.de\/wp-content\/uploads\/2020\/07\/20200629_191100-225x300.jpg 225w, https:\/\/travelchair.de\/wp-content\/uploads\/2020\/07\/20200629_191100.jpg 450w\" sizes=\"auto, (max-width: 225px) 100vw, 225px\" \/><\/p>\n<p><a href=\"https:\/\/www.vosara.de\/index.html\">https:\/\/www.vosara.de\/index.html<\/a><\/p>\n<p>Direkt zur Beschreibung und den Testfahrten:<\/p>\n<p><a href=\"http:\/\/travelchair.de\/?page_id=446\">http:\/\/travelchair.de\/?page_id=446<\/a><\/p>\n<p>&nbsp;<\/p>\n<h3><strong>For Girls only &#8211; Schlankst\u00fctzw\u00e4sche<br \/>\n<\/strong><\/h3>\n<p>&nbsp;<\/p>\n<p>Meine Lieblingsw\u00e4sche: Schlankst\u00fctz. Es ist eigentlich eine figurformende Unterw\u00e4sche. Da ich aufgrund meines chronischen Schmerzsyndroms und der damit verbundenen Druckempfindlichkeit normale W\u00e4sche nicht lange tragen kann, ist diese eine komfortable Alternative. Kein B\u00fcgel dr\u00fcckt, kein Verschluss kneift. Ich nehme immer die Leichttops, also die Variante mit der geringsten St\u00fctzkraft. Es ist quasi ein normales Unterhemd mit leichter St\u00fctze, da wo es n\u00f6tig ist, ein BH ist damit nicht mehr erforderlich. Man f\u00fchlt sich darin nicht eingeengt und man kann das Top bequem \u00fcber den Kopf anziehen. Bei hohen Temperaturen schwitze ich nicht darin, da das Material atmungsaktiv ist. Wenn es k\u00fchler ist, w\u00e4rmt die W\u00e4sche und verrutscht auch nicht. Ich f\u00fchle mich sehr wohl darin, sie sitzt einfach prima. Da der Sommer auf Island von den Temperaturen her nicht mit unserem vergleichbar ist, wandern auf jeden Fall einige Leichttops in den Reisekoffer.<\/p>\n<p>Es gibt die Tops in diversen Farben und Mustern, mit unterschiedlichen Tr\u00e4gerformen und passenden Slips dazu.<\/p>\n<p>Und dann ist es noch eine Dortmunder Firma, besser geht es ja gar nicht. \ud83d\ude09<\/p>\n<p>Material und Waschanleitung s. Fotos.<\/p>\n<p><img loading=\"lazy\" decoding=\"async\" class=\"alignnone size-medium wp-image-486\" src=\"http:\/\/travelchair.de\/wp-content\/uploads\/2020\/06\/20200602_123910-225x300.jpg\" alt=\"\" width=\"225\" height=\"300\" srcset=\"https:\/\/travelchair.de\/wp-content\/uploads\/2020\/06\/20200602_123910-225x300.jpg 225w, https:\/\/travelchair.de\/wp-content\/uploads\/2020\/06\/20200602_123910.jpg 450w\" sizes=\"auto, (max-width: 225px) 100vw, 225px\" \/><\/p>\n<p><img loading=\"lazy\" decoding=\"async\" class=\"alignnone size-medium wp-image-489\" src=\"http:\/\/travelchair.de\/wp-content\/uploads\/2020\/06\/20200602_124009-300x225.jpg\" alt=\"\" width=\"300\" height=\"225\" srcset=\"https:\/\/travelchair.de\/wp-content\/uploads\/2020\/06\/20200602_124009-300x225.jpg 300w, https:\/\/travelchair.de\/wp-content\/uploads\/2020\/06\/20200602_124009-768x576.jpg 768w, https:\/\/travelchair.de\/wp-content\/uploads\/2020\/06\/20200602_124009.jpg 800w\" sizes=\"auto, (max-width: 300px) 100vw, 300px\" \/><\/p>\n<p><img loading=\"lazy\" decoding=\"async\" class=\"alignnone size-medium wp-image-487\" src=\"http:\/\/travelchair.de\/wp-content\/uploads\/2020\/06\/20200602_123949-300x225.jpg\" alt=\"\" width=\"300\" height=\"225\" srcset=\"https:\/\/travelchair.de\/wp-content\/uploads\/2020\/06\/20200602_123949-300x225.jpg 300w, https:\/\/travelchair.de\/wp-content\/uploads\/2020\/06\/20200602_123949-768x576.jpg 768w, https:\/\/travelchair.de\/wp-content\/uploads\/2020\/06\/20200602_123949.jpg 800w\" sizes=\"auto, (max-width: 300px) 100vw, 300px\" \/><\/p>\n<p><img loading=\"lazy\" decoding=\"async\" class=\"alignnone size-medium wp-image-488\" src=\"http:\/\/travelchair.de\/wp-content\/uploads\/2020\/06\/20200602_124001-300x225.jpg\" alt=\"\" width=\"300\" height=\"225\" srcset=\"https:\/\/travelchair.de\/wp-content\/uploads\/2020\/06\/20200602_124001-300x225.jpg 300w, https:\/\/travelchair.de\/wp-content\/uploads\/2020\/06\/20200602_124001-768x576.jpg 768w, https:\/\/travelchair.de\/wp-content\/uploads\/2020\/06\/20200602_124001.jpg 800w\" sizes=\"auto, (max-width: 300px) 100vw, 300px\" \/><\/p>\n<p><img loading=\"lazy\" decoding=\"async\" class=\"alignnone size-medium wp-image-703\" src=\"http:\/\/travelchair.de\/wp-content\/uploads\/2020\/07\/20200703_104614-300x188.jpg\" alt=\"\" width=\"300\" height=\"188\" srcset=\"https:\/\/travelchair.de\/wp-content\/uploads\/2020\/07\/20200703_104614-300x188.jpg 300w, https:\/\/travelchair.de\/wp-content\/uploads\/2020\/07\/20200703_104614-768x481.jpg 768w, https:\/\/travelchair.de\/wp-content\/uploads\/2020\/07\/20200703_104614.jpg 800w\" sizes=\"auto, (max-width: 300px) 100vw, 300px\" \/><\/p>\n<p>Lieben Dank an Patricia f\u00fcr die Unterst\u00fctzung.<\/p>\n<p><a href=\"https:\/\/schlankstuetz.de\/\">https:\/\/schlankstuetz.de\/<\/a><\/p>\n<p>&nbsp;<\/p>\n<p>7.2020<\/p>\n<p>&nbsp;<\/p>\n<p>&nbsp;<\/p>\n<p>&nbsp;<\/p>\n<p>&nbsp;<\/p>\n<div class=\"pvc_clear\"><\/div>\n<p id=\"pvc_stats_164\" class=\"pvc_stats all  \" data-element-id=\"164\" style=\"\"><i class=\"pvc-stats-icon medium\" aria-hidden=\"true\"><svg aria-hidden=\"true\" focusable=\"false\" data-prefix=\"far\" data-icon=\"chart-bar\" role=\"img\" xmlns=\"http:\/\/www.w3.org\/2000\/svg\" viewBox=\"0 0 512 512\" class=\"svg-inline--fa fa-chart-bar fa-w-16 fa-2x\"><path fill=\"currentColor\" d=\"M396.8 352h22.4c6.4 0 12.8-6.4 12.8-12.8V108.8c0-6.4-6.4-12.8-12.8-12.8h-22.4c-6.4 0-12.8 6.4-12.8 12.8v230.4c0 6.4 6.4 12.8 12.8 12.8zm-192 0h22.4c6.4 0 12.8-6.4 12.8-12.8V140.8c0-6.4-6.4-12.8-12.8-12.8h-22.4c-6.4 0-12.8 6.4-12.8 12.8v198.4c0 6.4 6.4 12.8 12.8 12.8zm96 0h22.4c6.4 0 12.8-6.4 12.8-12.8V204.8c0-6.4-6.4-12.8-12.8-12.8h-22.4c-6.4 0-12.8 6.4-12.8 12.8v134.4c0 6.4 6.4 12.8 12.8 12.8zM496 400H48V80c0-8.84-7.16-16-16-16H16C7.16 64 0 71.16 0 80v336c0 17.67 14.33 32 32 32h464c8.84 0 16-7.16 16-16v-16c0-8.84-7.16-16-16-16zm-387.2-48h22.4c6.4 0 12.8-6.4 12.8-12.8v-70.4c0-6.4-6.4-12.8-12.8-12.8h-22.4c-6.4 0-12.8 6.4-12.8 12.8v70.4c0 6.4 6.4 12.8 12.8 12.8z\" class=\"\"><\/path><\/svg><\/i> <img loading=\"lazy\" decoding=\"async\" width=\"16\" height=\"16\" alt=\"Loading\" src=\"https:\/\/travelchair.de\/wp-content\/plugins\/page-views-count\/ajax-loader-2x.gif\" border=0 \/><\/p>\n<div class=\"pvc_clear\"><\/div>\n","protected":false},"excerpt":{"rendered":"<p>WERBUNG, DA NENNUNG! Rollstuhl K\u00fcschall K-Series Mein neuer Flitzer seit ein paar Monaten, inklusive Gecko-Greifreifen ( die ich nicht mehr missen m\u00f6chte), Spinergy-R\u00e4dern und dem Jay Easy Visco-Sitzkissen. &nbsp; Chiba-Handschuhe Die Rollifahrer-Handschuhe sind warm gef\u00fcttert, wasserdicht und an der Innenseite gummiert f\u00fcr den besseren Grip. Mit dem Klettverschluss am Handgelenk lassen sie sich individuell einstellen. &hellip; <a href=\"https:\/\/travelchair.de\/?page_id=164\" class=\"more-link\"><span class=\"screen-reader-text\">Ausr\u00fcstung<\/span> weiterlesen <span class=\"meta-nav\">&rarr;<\/span><\/a><\/p>\n<div class=\"pvc_clear\"><\/div>\n<p id=\"pvc_stats_164\" class=\"pvc_stats all  \" data-element-id=\"164\" style=\"\"><i class=\"pvc-stats-icon medium\" aria-hidden=\"true\"><svg aria-hidden=\"true\" focusable=\"false\" data-prefix=\"far\" data-icon=\"chart-bar\" role=\"img\" xmlns=\"http:\/\/www.w3.org\/2000\/svg\" viewBox=\"0 0 512 512\" class=\"svg-inline--fa fa-chart-bar fa-w-16 fa-2x\"><path fill=\"currentColor\" d=\"M396.8 352h22.4c6.4 0 12.8-6.4 12.8-12.8V108.8c0-6.4-6.4-12.8-12.8-12.8h-22.4c-6.4 0-12.8 6.4-12.8 12.8v230.4c0 6.4 6.4 12.8 12.8 12.8zm-192 0h22.4c6.4 0 12.8-6.4 12.8-12.8V140.8c0-6.4-6.4-12.8-12.8-12.8h-22.4c-6.4 0-12.8 6.4-12.8 12.8v198.4c0 6.4 6.4 12.8 12.8 12.8zm96 0h22.4c6.4 0 12.8-6.4 12.8-12.8V204.8c0-6.4-6.4-12.8-12.8-12.8h-22.4c-6.4 0-12.8 6.4-12.8 12.8v134.4c0 6.4 6.4 12.8 12.8 12.8zM496 400H48V80c0-8.84-7.16-16-16-16H16C7.16 64 0 71.16 0 80v336c0 17.67 14.33 32 32 32h464c8.84 0 16-7.16 16-16v-16c0-8.84-7.16-16-16-16zm-387.2-48h22.4c6.4 0 12.8-6.4 12.8-12.8v-70.4c0-6.4-6.4-12.8-12.8-12.8h-22.4c-6.4 0-12.8 6.4-12.8 12.8v70.4c0 6.4 6.4 12.8 12.8 12.8z\" class=\"\"><\/path><\/svg><\/i> <img loading=\"lazy\" decoding=\"async\" width=\"16\" height=\"16\" alt=\"Loading\" src=\"https:\/\/travelchair.de\/wp-content\/plugins\/page-views-count\/ajax-loader-2x.gif\" border=0 \/><\/p>\n<div class=\"pvc_clear\"><\/div>\n","protected":false},"author":1,"featured_media":0,"parent":0,"menu_order":0,"comment_status":"closed","ping_status":"closed","template":"","meta":{"footnotes":""},"class_list":["post-164","page","type-page","status-publish","hentry"],"a3_pvc":{"activated":true,"total_views":335,"today_views":1},"_links":{"self":[{"href":"https:\/\/travelchair.de\/index.php?rest_route=\/wp\/v2\/pages\/164","targetHints":{"allow":["GET"]}}],"collection":[{"href":"https:\/\/travelchair.de\/index.php?rest_route=\/wp\/v2\/pages"}],"about":[{"href":"https:\/\/travelchair.de\/index.php?rest_route=\/wp\/v2\/types\/page"}],"author":[{"embeddable":true,"href":"https:\/\/travelchair.de\/index.php?rest_route=\/wp\/v2\/users\/1"}],"replies":[{"embeddable":true,"href":"https:\/\/travelchair.de\/index.php?rest_route=%2Fwp%2Fv2%2Fcomments&post=164"}],"version-history":[{"count":26,"href":"https:\/\/travelchair.de\/index.php?rest_route=\/wp\/v2\/pages\/164\/revisions"}],"predecessor-version":[{"id":704,"href":"https:\/\/travelchair.de\/index.php?rest_route=\/wp\/v2\/pages\/164\/revisions\/704"}],"wp:attachment":[{"href":"https:\/\/travelchair.de\/index.php?rest_route=%2Fwp%2Fv2%2Fmedia&parent=164"}],"curies":[{"name":"wp","href":"https:\/\/api.w.org\/{rel}","templated":true}]}}