{"id":157,"date":"2020-01-22T21:16:32","date_gmt":"2020-01-22T21:16:32","guid":{"rendered":"http:\/\/travelchair.de\/?page_id=157"},"modified":"2020-03-07T22:49:01","modified_gmt":"2020-03-07T22:49:01","slug":"maerkte","status":"publish","type":"page","link":"https:\/\/travelchair.de\/?page_id=157","title":{"rendered":"M\u00e4rkte"},"content":{"rendered":"<p>WERBUNG, DA NENUNG!<\/p>\n<h1><strong>Weihnachtsstadt Dortmund<\/strong><\/h1>\n<p>Innerhalb der Dortmunder City gibt es alles an Stra\u00dfenbel\u00e4gen, die man sich w\u00fcnschen kann. Ebene Platten, glatter Asphalt, kleines Kopfsteinpflaster und gro\u00dfes, diverse Bel\u00e4ge im Wechsel und ab und an ein paar Treppenstufen. Die gelb-schwarzen Kabelbr\u00fccken passen zwar optisch zu den Vereinsfarben des heimischen Fu\u00dfballvereins, sind aber oft mehr Hindernisse als Hilfe. Erst recht, wenn zwei kurz hintereinander liegen. An einigen f\u00fchren blaue Rampen dar\u00fcber, sind aber oft durch stehende Fu\u00dfg\u00e4nger belegt. Viele der Getr\u00e4nke- und Essst\u00e4nde haben eine umlaufende Veranda ohne Rampe und da einige Stehtische mit \u00dcberdachung im Umkreis der St\u00e4nde aus Sicherheitsgr\u00fcnden entfernt wurden, steht man als Rollifahrer quasi im Regen. Dass ein paar St\u00e4nde stattdessen zweist\u00f6ckig sind, hilft uns nicht weiter. Der Gl\u00fchweinstand in Form einer Weihnachtspyramide an der Hansastra\u00dfe verf\u00fcgt \u00fcber eine Rampe. Ein rollstuhlgerechtes WC befindet sich unterhalb der Reinoldikirche zwischen Gl\u00fchweinstand und Kinderkarrussel. Die Rampe zumToilettenwagen ist sehr steil und die Kabinent\u00fcr muss vorher ge\u00f6ffnet werden, das WC an sich ist sauber.<\/p>\n<p><img loading=\"lazy\" decoding=\"async\" class=\"alignnone size-medium wp-image-204\" src=\"http:\/\/travelchair.de\/wp-content\/uploads\/2020\/02\/20191214_214914-225x300.jpg\" alt=\"\" width=\"225\" height=\"300\" srcset=\"https:\/\/travelchair.de\/wp-content\/uploads\/2020\/02\/20191214_214914-225x300.jpg 225w, https:\/\/travelchair.de\/wp-content\/uploads\/2020\/02\/20191214_214914.jpg 450w\" sizes=\"auto, (max-width: 225px) 100vw, 225px\" \/><\/p>\n<p><img loading=\"lazy\" decoding=\"async\" class=\"alignnone size-medium wp-image-226\" src=\"http:\/\/travelchair.de\/wp-content\/uploads\/2020\/02\/20191227_181716-169x300.jpg\" alt=\"\" width=\"169\" height=\"300\" srcset=\"https:\/\/travelchair.de\/wp-content\/uploads\/2020\/02\/20191227_181716-169x300.jpg 169w, https:\/\/travelchair.de\/wp-content\/uploads\/2020\/02\/20191227_181716-576x1024.jpg 576w, https:\/\/travelchair.de\/wp-content\/uploads\/2020\/02\/20191227_181716-768x1365.jpg 768w, https:\/\/travelchair.de\/wp-content\/uploads\/2020\/02\/20191227_181716-864x1536.jpg 864w, https:\/\/travelchair.de\/wp-content\/uploads\/2020\/02\/20191227_181716-1152x2048.jpg 1152w, https:\/\/travelchair.de\/wp-content\/uploads\/2020\/02\/20191227_181716-scaled.jpg 1440w\" sizes=\"auto, (max-width: 169px) 100vw, 169px\" \/><\/p>\n<p><img loading=\"lazy\" decoding=\"async\" class=\"alignnone size-medium wp-image-240\" src=\"http:\/\/travelchair.de\/wp-content\/uploads\/2020\/02\/20191127_194441-225x300.jpg\" alt=\"\" width=\"225\" height=\"300\" srcset=\"https:\/\/travelchair.de\/wp-content\/uploads\/2020\/02\/20191127_194441-225x300.jpg 225w, https:\/\/travelchair.de\/wp-content\/uploads\/2020\/02\/20191127_194441-768x1024.jpg 768w, https:\/\/travelchair.de\/wp-content\/uploads\/2020\/02\/20191127_194441-1152x1536.jpg 1152w, https:\/\/travelchair.de\/wp-content\/uploads\/2020\/02\/20191127_194441-1536x2048.jpg 1536w, https:\/\/travelchair.de\/wp-content\/uploads\/2020\/02\/20191127_194441-scaled.jpg 1920w\" sizes=\"auto, (max-width: 225px) 100vw, 225px\" \/><\/p>\n<p><a href=\"https:\/\/weihnachtsstadt-do.de\/\">https:\/\/weihnachtsstadt-do.de\/<\/a><\/p>\n<p>12.2019<\/p>\n<p>&nbsp;<\/p>\n<h1><strong>Mittelalterlicher Weihnachtsmarkt Fredenbaum<\/strong><\/h1>\n<p>Dieser Weihnachtsmarkt ist so ganz anders als der kommerzielle in der Innenstadt. Er liegt in einem Park und ist deshalb gerade in der Dunkelheit durch die Beleuchtung sehr idyllisch. Fans von Mittelalterm\u00e4rkten kommen auf ihre Kosten. Die Verkaufsst\u00e4nde richten sich nat\u00fcrlich an dieses Klientel, aber man sieht mal was anderes als auf anderem Weihnachtsm\u00e4rkten. Auch das Angebot der Getr\u00e4nke und Speisen ist unterschiedlich, allerdings auch nicht g\u00fcnstig. \u00dcberall gibt es kleine Lagerfeuer mit Sitzgelegenheiten. Ein Bereich zeigt, wie man fr\u00fcher so gelebt hat, inklusive entsprechend gekleideten Marktbewohnern, mit denen man sich fotografieren lassen kann. \u00dcber den See f\u00fchrt eine Pontonbr\u00fccke, von der man das stimmungsvolle Bild genie\u00dfen kann. Der Markt kostet Eintritt, gegen Vorlage des SBA ist der Eintritt frei. Die Wege im Park sind zum Teil asphaltiert oder mit Schotter, Rasenfl\u00e4chen oder matschige Bereiche wurden mit befahrbaren Gummiplatten belegt, so dass man weitestgehend \u00fcberall hinkommt. Innerhalb des Gel\u00e4ndes gibt es einen B\u00fchnenbereich mit wechselndem Programm, f\u00fcr das nochmal extra Eintritt anf\u00e4llt. Rollstuhlgerechte WCs habe ich nicht entdeckt, leider nur Toilettenwagen mit Treppenstufen und Dixi-WCs.<\/p>\n<p>&nbsp;<\/p>\n<p><img loading=\"lazy\" decoding=\"async\" class=\"alignnone size-medium wp-image-206\" src=\"http:\/\/travelchair.de\/wp-content\/uploads\/2020\/02\/20191207_212832-225x300.jpg\" alt=\"\" width=\"225\" height=\"300\" srcset=\"https:\/\/travelchair.de\/wp-content\/uploads\/2020\/02\/20191207_212832-225x300.jpg 225w, https:\/\/travelchair.de\/wp-content\/uploads\/2020\/02\/20191207_212832.jpg 450w\" sizes=\"auto, (max-width: 225px) 100vw, 225px\" \/><\/p>\n<p><img loading=\"lazy\" decoding=\"async\" class=\"alignnone size-medium wp-image-207\" src=\"http:\/\/travelchair.de\/wp-content\/uploads\/2020\/02\/20191207_223827-300x225.jpg\" alt=\"\" width=\"300\" height=\"225\" srcset=\"https:\/\/travelchair.de\/wp-content\/uploads\/2020\/02\/20191207_223827-300x225.jpg 300w, https:\/\/travelchair.de\/wp-content\/uploads\/2020\/02\/20191207_223827-768x576.jpg 768w, https:\/\/travelchair.de\/wp-content\/uploads\/2020\/02\/20191207_223827.jpg 800w\" sizes=\"auto, (max-width: 300px) 100vw, 300px\" \/><\/p>\n<p><img loading=\"lazy\" decoding=\"async\" class=\"alignnone size-medium wp-image-208\" src=\"http:\/\/travelchair.de\/wp-content\/uploads\/2020\/02\/20191207_223931-300x225.jpg\" alt=\"\" width=\"300\" height=\"225\" srcset=\"https:\/\/travelchair.de\/wp-content\/uploads\/2020\/02\/20191207_223931-300x225.jpg 300w, https:\/\/travelchair.de\/wp-content\/uploads\/2020\/02\/20191207_223931-768x576.jpg 768w, https:\/\/travelchair.de\/wp-content\/uploads\/2020\/02\/20191207_223931.jpg 800w\" sizes=\"auto, (max-width: 300px) 100vw, 300px\" \/><\/p>\n<p><img loading=\"lazy\" decoding=\"async\" class=\"alignnone size-medium wp-image-209\" src=\"http:\/\/travelchair.de\/wp-content\/uploads\/2020\/02\/20191208_123837-300x205.jpg\" alt=\"\" width=\"300\" height=\"205\" srcset=\"https:\/\/travelchair.de\/wp-content\/uploads\/2020\/02\/20191208_123837-300x205.jpg 300w, https:\/\/travelchair.de\/wp-content\/uploads\/2020\/02\/20191208_123837-768x525.jpg 768w, https:\/\/travelchair.de\/wp-content\/uploads\/2020\/02\/20191208_123837.jpg 800w\" sizes=\"auto, (max-width: 300px) 100vw, 300px\" \/><\/p>\n<p><a href=\"https:\/\/www.spectaculum.de\/termine\/dortmund_wm_4\/index.php?ref=index.php\">https:\/\/www.spectaculum.de\/termine\/dortmund_wm_4\/index.php?ref=index.php<\/a><\/p>\n<p>12.2019<\/p>\n<p>&nbsp;<\/p>\n<h1><strong>Weihnachtsmarkt Zeche Zollverein Essen<\/strong><\/h1>\n<p>Der Weihnachtsmarkt mit Industrie-Charme. Auf dem Gel\u00e4nde der Zeche Zollverein findet an einem Wochenende im Dezember ein Markt statt. Getr\u00e4nke- und Imbissst\u00e4nde, Verkauf von selbstgemachten K\u00f6stlichkeiten und Handarbeiten &#8211; klein aber fein und das alles unter dem F\u00f6rderturm. Auf der B\u00fchne wechseln sich Bands und Ch\u00f6re ab. Der Bereich an den Getr\u00e4nkest\u00e4nden ist \u00fcberdacht und einige Heizpilze w\u00e4rmen etwas auf. Das Gel\u00e4nde an sich ist halt Zechengel\u00e4nde: Kopfsteinpflaster, Schienen, Schotter und ebene Fl\u00e4chen. In einem Geb\u00e4ude war ein Cafe, das allerdings geschlossen hatte, bevor ich es besuchen konnte. Zu den Toiletten kann ich bislang nichts sagen.<\/p>\n<p><img loading=\"lazy\" decoding=\"async\" class=\"alignnone size-medium wp-image-210\" src=\"http:\/\/travelchair.de\/wp-content\/uploads\/2020\/02\/20191214_184113-300x225.jpg\" alt=\"\" width=\"300\" height=\"225\" srcset=\"https:\/\/travelchair.de\/wp-content\/uploads\/2020\/02\/20191214_184113-300x225.jpg 300w, https:\/\/travelchair.de\/wp-content\/uploads\/2020\/02\/20191214_184113-768x576.jpg 768w, https:\/\/travelchair.de\/wp-content\/uploads\/2020\/02\/20191214_184113.jpg 800w\" sizes=\"auto, (max-width: 300px) 100vw, 300px\" \/><\/p>\n<p><img loading=\"lazy\" decoding=\"async\" class=\"alignnone size-medium wp-image-211\" src=\"http:\/\/travelchair.de\/wp-content\/uploads\/2020\/02\/20191214_200906-300x225.jpg\" alt=\"\" width=\"300\" height=\"225\" srcset=\"https:\/\/travelchair.de\/wp-content\/uploads\/2020\/02\/20191214_200906-300x225.jpg 300w, https:\/\/travelchair.de\/wp-content\/uploads\/2020\/02\/20191214_200906-768x576.jpg 768w, https:\/\/travelchair.de\/wp-content\/uploads\/2020\/02\/20191214_200906.jpg 800w\" sizes=\"auto, (max-width: 300px) 100vw, 300px\" \/><\/p>\n<p><img loading=\"lazy\" decoding=\"async\" class=\"alignnone size-medium wp-image-212\" src=\"http:\/\/travelchair.de\/wp-content\/uploads\/2020\/02\/20191214_202925-300x225.jpg\" alt=\"\" width=\"300\" height=\"225\" srcset=\"https:\/\/travelchair.de\/wp-content\/uploads\/2020\/02\/20191214_202925-300x225.jpg 300w, https:\/\/travelchair.de\/wp-content\/uploads\/2020\/02\/20191214_202925-768x576.jpg 768w, https:\/\/travelchair.de\/wp-content\/uploads\/2020\/02\/20191214_202925.jpg 800w\" sizes=\"auto, (max-width: 300px) 100vw, 300px\" \/><\/p>\n<p><a href=\"https:\/\/www.zollverein.de\/\">https:\/\/www.zollverein.de\/<\/a><\/p>\n<p><a href=\"https:\/\/www.kulturkanal.ruhr\/weihnachten-auf-zollverein\">https:\/\/www.kulturkanal.ruhr\/weihnachten-auf-zollverein<\/a><\/p>\n<p>12.2019<\/p>\n<div class=\"pvc_clear\"><\/div>\n<p id=\"pvc_stats_157\" class=\"pvc_stats all  \" data-element-id=\"157\" style=\"\"><i class=\"pvc-stats-icon medium\" aria-hidden=\"true\"><svg aria-hidden=\"true\" focusable=\"false\" data-prefix=\"far\" data-icon=\"chart-bar\" role=\"img\" xmlns=\"http:\/\/www.w3.org\/2000\/svg\" viewBox=\"0 0 512 512\" class=\"svg-inline--fa fa-chart-bar fa-w-16 fa-2x\"><path fill=\"currentColor\" d=\"M396.8 352h22.4c6.4 0 12.8-6.4 12.8-12.8V108.8c0-6.4-6.4-12.8-12.8-12.8h-22.4c-6.4 0-12.8 6.4-12.8 12.8v230.4c0 6.4 6.4 12.8 12.8 12.8zm-192 0h22.4c6.4 0 12.8-6.4 12.8-12.8V140.8c0-6.4-6.4-12.8-12.8-12.8h-22.4c-6.4 0-12.8 6.4-12.8 12.8v198.4c0 6.4 6.4 12.8 12.8 12.8zm96 0h22.4c6.4 0 12.8-6.4 12.8-12.8V204.8c0-6.4-6.4-12.8-12.8-12.8h-22.4c-6.4 0-12.8 6.4-12.8 12.8v134.4c0 6.4 6.4 12.8 12.8 12.8zM496 400H48V80c0-8.84-7.16-16-16-16H16C7.16 64 0 71.16 0 80v336c0 17.67 14.33 32 32 32h464c8.84 0 16-7.16 16-16v-16c0-8.84-7.16-16-16-16zm-387.2-48h22.4c6.4 0 12.8-6.4 12.8-12.8v-70.4c0-6.4-6.4-12.8-12.8-12.8h-22.4c-6.4 0-12.8 6.4-12.8 12.8v70.4c0 6.4 6.4 12.8 12.8 12.8z\" class=\"\"><\/path><\/svg><\/i> <img loading=\"lazy\" decoding=\"async\" width=\"16\" height=\"16\" alt=\"Loading\" src=\"https:\/\/travelchair.de\/wp-content\/plugins\/page-views-count\/ajax-loader-2x.gif\" border=0 \/><\/p>\n<div class=\"pvc_clear\"><\/div>\n","protected":false},"excerpt":{"rendered":"<p>WERBUNG, DA NENUNG! Weihnachtsstadt Dortmund Innerhalb der Dortmunder City gibt es alles an Stra\u00dfenbel\u00e4gen, die man sich w\u00fcnschen kann. Ebene Platten, glatter Asphalt, kleines Kopfsteinpflaster und gro\u00dfes, diverse Bel\u00e4ge im Wechsel und ab und an ein paar Treppenstufen. Die gelb-schwarzen Kabelbr\u00fccken passen zwar optisch zu den Vereinsfarben des heimischen Fu\u00dfballvereins, sind aber oft mehr Hindernisse &hellip; <a href=\"https:\/\/travelchair.de\/?page_id=157\" class=\"more-link\"><span class=\"screen-reader-text\">M\u00e4rkte<\/span> weiterlesen <span class=\"meta-nav\">&rarr;<\/span><\/a><\/p>\n<div class=\"pvc_clear\"><\/div>\n<p id=\"pvc_stats_157\" class=\"pvc_stats all  \" data-element-id=\"157\" style=\"\"><i class=\"pvc-stats-icon medium\" aria-hidden=\"true\"><svg aria-hidden=\"true\" focusable=\"false\" data-prefix=\"far\" data-icon=\"chart-bar\" role=\"img\" xmlns=\"http:\/\/www.w3.org\/2000\/svg\" viewBox=\"0 0 512 512\" class=\"svg-inline--fa fa-chart-bar fa-w-16 fa-2x\"><path fill=\"currentColor\" d=\"M396.8 352h22.4c6.4 0 12.8-6.4 12.8-12.8V108.8c0-6.4-6.4-12.8-12.8-12.8h-22.4c-6.4 0-12.8 6.4-12.8 12.8v230.4c0 6.4 6.4 12.8 12.8 12.8zm-192 0h22.4c6.4 0 12.8-6.4 12.8-12.8V140.8c0-6.4-6.4-12.8-12.8-12.8h-22.4c-6.4 0-12.8 6.4-12.8 12.8v198.4c0 6.4 6.4 12.8 12.8 12.8zm96 0h22.4c6.4 0 12.8-6.4 12.8-12.8V204.8c0-6.4-6.4-12.8-12.8-12.8h-22.4c-6.4 0-12.8 6.4-12.8 12.8v134.4c0 6.4 6.4 12.8 12.8 12.8zM496 400H48V80c0-8.84-7.16-16-16-16H16C7.16 64 0 71.16 0 80v336c0 17.67 14.33 32 32 32h464c8.84 0 16-7.16 16-16v-16c0-8.84-7.16-16-16-16zm-387.2-48h22.4c6.4 0 12.8-6.4 12.8-12.8v-70.4c0-6.4-6.4-12.8-12.8-12.8h-22.4c-6.4 0-12.8 6.4-12.8 12.8v70.4c0 6.4 6.4 12.8 12.8 12.8z\" class=\"\"><\/path><\/svg><\/i> <img loading=\"lazy\" decoding=\"async\" width=\"16\" height=\"16\" alt=\"Loading\" src=\"https:\/\/travelchair.de\/wp-content\/plugins\/page-views-count\/ajax-loader-2x.gif\" border=0 \/><\/p>\n<div class=\"pvc_clear\"><\/div>\n","protected":false},"author":1,"featured_media":208,"parent":0,"menu_order":0,"comment_status":"closed","ping_status":"closed","template":"","meta":{"footnotes":""},"class_list":["post-157","page","type-page","status-publish","has-post-thumbnail","hentry"],"a3_pvc":{"activated":true,"total_views":128,"today_views":0},"_links":{"self":[{"href":"https:\/\/travelchair.de\/index.php?rest_route=\/wp\/v2\/pages\/157","targetHints":{"allow":["GET"]}}],"collection":[{"href":"https:\/\/travelchair.de\/index.php?rest_route=\/wp\/v2\/pages"}],"about":[{"href":"https:\/\/travelchair.de\/index.php?rest_route=\/wp\/v2\/types\/page"}],"author":[{"embeddable":true,"href":"https:\/\/travelchair.de\/index.php?rest_route=\/wp\/v2\/users\/1"}],"replies":[{"embeddable":true,"href":"https:\/\/travelchair.de\/index.php?rest_route=%2Fwp%2Fv2%2Fcomments&post=157"}],"version-history":[{"count":15,"href":"https:\/\/travelchair.de\/index.php?rest_route=\/wp\/v2\/pages\/157\/revisions"}],"predecessor-version":[{"id":392,"href":"https:\/\/travelchair.de\/index.php?rest_route=\/wp\/v2\/pages\/157\/revisions\/392"}],"wp:featuredmedia":[{"embeddable":true,"href":"https:\/\/travelchair.de\/index.php?rest_route=\/wp\/v2\/media\/208"}],"wp:attachment":[{"href":"https:\/\/travelchair.de\/index.php?rest_route=%2Fwp%2Fv2%2Fmedia&parent=157"}],"curies":[{"name":"wp","href":"https:\/\/api.w.org\/{rel}","templated":true}]}}