{"id":143,"date":"2020-01-22T21:06:40","date_gmt":"2020-01-22T21:06:40","guid":{"rendered":"http:\/\/travelchair.de\/?page_id=143"},"modified":"2020-03-07T23:35:09","modified_gmt":"2020-03-07T23:35:09","slug":"westfalenhallen","status":"publish","type":"page","link":"https:\/\/travelchair.de\/?page_id=143","title":{"rendered":"Westfalenhallen"},"content":{"rendered":"<p>WERBUNG, DA NENNUNG!<\/p>\n<h1><strong>Westfalenhalle 1<\/strong><\/h1>\n<p>Die Westfalenhalle 1 ist ein imposantes, wenn auch altes Geb\u00e4ude. Das spiegelt sich auch in der Barrierefreiheit wieder. Der Haupteingang ist barrierefrei, f\u00fcr Rollifahrer mit und ohne Begleitung gibt es eine separate Eingangst\u00fcr. Behindertenparkpl\u00e4tze werden von dem Parkplatzpersonal nach Vorlage des blauen Ausweises zugewiesen, sind aber je nach Veranstalter nicht kostenlos. Karten f\u00fcr die Veranstaltungen erh\u00e4lt man unter der unten genannten Mail oder \u00fcber die Hotline anderer Ticketportale, das kann dann schon mal 1-3 Tage dauern. Das mit einer Rampe zu befahrene Podest liegt im rechten hinteren Bereich des Innenraumes und somit weit entfernt von der B\u00fchne. Personal, das einen auf Wunsch die Rampe hoch schiebt, steht parat. Es gibt wenige rollstuhlgerechte WCs im Umlauf der Halle, die eigentlich bei Veranstaltungen ge\u00f6ffnet sein sollen. Falls nicht, beginnt eine lange Suche nach dem verantwortlichen Schl\u00fcsseltr\u00e4ger. Die normalen WCs f\u00fcr Herren befinden sich ebenfalls im Umlauf, die f\u00fcr die Damen auf dem Zwischenpodest zur ersten Etage. Ein Aufzug ist nicht vorhanden. Personen mit Rollstuhl, die noch Treppen laufen k\u00f6nnen, d\u00fcrfen aus Sicherheitsgr\u00fcnden keine Pl\u00e4tze in den oberen R\u00e4ngen belegen.<\/p>\n<p>1.2020<\/p>\n<h1><strong>Westfalenhalle 2<\/strong><\/h1>\n<p>Der Eingangsbereich der kleineren Hallen und des Messezentrums wurde renoviert. Zur Halle 2 gelangt man vom Parkplatz aus \u00fcber eine Rampe. An diesem Abend brauchte man gegen Vorlage des blauen Parkausweises keine Parkgeb\u00fchren zu zahlen ( ansonsten 7,-\u00a0 EUR).\u00a0 Wir bekamen einen Platz direkt vor der Halle zugewiesen. Im Foyer der Halle gibt es eine behindertengerechte Toilette, die mit dem EURO-Schl\u00fcssel zu \u00f6ffnen ist. Die normalen Toiletten und die Garderobe sind im Untergeschoss, einen Aufzug dorthin gibt es nicht. Bevor sich die Hallent\u00fcren \u00f6ffnen, kann man sich mit Getr\u00e4nken und kleinen Snacks am Kiosk st\u00e4rken. Die Halle selbst wurde nicht renoviert und pr\u00e4sentiert sich mit k\u00fchlem Messehallenflair. Mein Rollstuhlplatz lag am \u00e4u\u00dferen Rand im Parkett. Eigentlich h\u00e4tte ein Stuhl entfernt werden sollen, war er aber nicht.\u00a0 Da ich bei l\u00e4ngeren Veranstaltungen lieber auf einem normalen Stuhl sitze, war mir das recht. Die Veranstaltung war nicht ausverkauft und so konnten ich und meine Freundin weiter zur Mitte aufr\u00fccken, mit einem besseren Blick zur B\u00fchne.<\/p>\n<p>Westfalenhallen Unternehmensgruppe GmbH<br \/>\nStrobelallee 45<br \/>\n44139 Dortmund<\/p>\n<p>Telefon: 0231 \/ 12 04-0<\/p>\n<p>Veranstaltungsgebundene Besucherinformationen und Tickets:<br \/>\n<a class=\"external-link-new-window\" href=\"http:\/\/ticket.westfalenhallen.de\/\" target=\"_blank\" rel=\"noopener noreferrer\">http:\/\/ticket.westfalenhallen.de<\/a>\u00a0oder\u00a0<a class=\"mail\">shop[VIA]westfalenhallen.de<\/a><\/p>\n<p>2.2020<\/p>\n<div class=\"pvc_clear\"><\/div>\n<p id=\"pvc_stats_143\" class=\"pvc_stats all  \" data-element-id=\"143\" style=\"\"><i class=\"pvc-stats-icon medium\" aria-hidden=\"true\"><svg aria-hidden=\"true\" focusable=\"false\" data-prefix=\"far\" data-icon=\"chart-bar\" role=\"img\" xmlns=\"http:\/\/www.w3.org\/2000\/svg\" viewBox=\"0 0 512 512\" class=\"svg-inline--fa fa-chart-bar fa-w-16 fa-2x\"><path fill=\"currentColor\" d=\"M396.8 352h22.4c6.4 0 12.8-6.4 12.8-12.8V108.8c0-6.4-6.4-12.8-12.8-12.8h-22.4c-6.4 0-12.8 6.4-12.8 12.8v230.4c0 6.4 6.4 12.8 12.8 12.8zm-192 0h22.4c6.4 0 12.8-6.4 12.8-12.8V140.8c0-6.4-6.4-12.8-12.8-12.8h-22.4c-6.4 0-12.8 6.4-12.8 12.8v198.4c0 6.4 6.4 12.8 12.8 12.8zm96 0h22.4c6.4 0 12.8-6.4 12.8-12.8V204.8c0-6.4-6.4-12.8-12.8-12.8h-22.4c-6.4 0-12.8 6.4-12.8 12.8v134.4c0 6.4 6.4 12.8 12.8 12.8zM496 400H48V80c0-8.84-7.16-16-16-16H16C7.16 64 0 71.16 0 80v336c0 17.67 14.33 32 32 32h464c8.84 0 16-7.16 16-16v-16c0-8.84-7.16-16-16-16zm-387.2-48h22.4c6.4 0 12.8-6.4 12.8-12.8v-70.4c0-6.4-6.4-12.8-12.8-12.8h-22.4c-6.4 0-12.8 6.4-12.8 12.8v70.4c0 6.4 6.4 12.8 12.8 12.8z\" class=\"\"><\/path><\/svg><\/i> <img loading=\"lazy\" decoding=\"async\" width=\"16\" height=\"16\" alt=\"Loading\" src=\"https:\/\/travelchair.de\/wp-content\/plugins\/page-views-count\/ajax-loader-2x.gif\" border=0 \/><\/p>\n<div class=\"pvc_clear\"><\/div>\n","protected":false},"excerpt":{"rendered":"<p>WERBUNG, DA NENNUNG! Westfalenhalle 1 Die Westfalenhalle 1 ist ein imposantes, wenn auch altes Geb\u00e4ude. Das spiegelt sich auch in der Barrierefreiheit wieder. Der Haupteingang ist barrierefrei, f\u00fcr Rollifahrer mit und ohne Begleitung gibt es eine separate Eingangst\u00fcr. Behindertenparkpl\u00e4tze werden von dem Parkplatzpersonal nach Vorlage des blauen Ausweises zugewiesen, sind aber je nach Veranstalter nicht &hellip; <a href=\"https:\/\/travelchair.de\/?page_id=143\" class=\"more-link\"><span class=\"screen-reader-text\">Westfalenhallen<\/span> weiterlesen <span class=\"meta-nav\">&rarr;<\/span><\/a><\/p>\n<div class=\"pvc_clear\"><\/div>\n<p id=\"pvc_stats_143\" class=\"pvc_stats all  \" data-element-id=\"143\" style=\"\"><i class=\"pvc-stats-icon medium\" aria-hidden=\"true\"><svg aria-hidden=\"true\" focusable=\"false\" data-prefix=\"far\" data-icon=\"chart-bar\" role=\"img\" xmlns=\"http:\/\/www.w3.org\/2000\/svg\" viewBox=\"0 0 512 512\" class=\"svg-inline--fa fa-chart-bar fa-w-16 fa-2x\"><path fill=\"currentColor\" d=\"M396.8 352h22.4c6.4 0 12.8-6.4 12.8-12.8V108.8c0-6.4-6.4-12.8-12.8-12.8h-22.4c-6.4 0-12.8 6.4-12.8 12.8v230.4c0 6.4 6.4 12.8 12.8 12.8zm-192 0h22.4c6.4 0 12.8-6.4 12.8-12.8V140.8c0-6.4-6.4-12.8-12.8-12.8h-22.4c-6.4 0-12.8 6.4-12.8 12.8v198.4c0 6.4 6.4 12.8 12.8 12.8zm96 0h22.4c6.4 0 12.8-6.4 12.8-12.8V204.8c0-6.4-6.4-12.8-12.8-12.8h-22.4c-6.4 0-12.8 6.4-12.8 12.8v134.4c0 6.4 6.4 12.8 12.8 12.8zM496 400H48V80c0-8.84-7.16-16-16-16H16C7.16 64 0 71.16 0 80v336c0 17.67 14.33 32 32 32h464c8.84 0 16-7.16 16-16v-16c0-8.84-7.16-16-16-16zm-387.2-48h22.4c6.4 0 12.8-6.4 12.8-12.8v-70.4c0-6.4-6.4-12.8-12.8-12.8h-22.4c-6.4 0-12.8 6.4-12.8 12.8v70.4c0 6.4 6.4 12.8 12.8 12.8z\" class=\"\"><\/path><\/svg><\/i> <img loading=\"lazy\" decoding=\"async\" width=\"16\" height=\"16\" alt=\"Loading\" src=\"https:\/\/travelchair.de\/wp-content\/plugins\/page-views-count\/ajax-loader-2x.gif\" border=0 \/><\/p>\n<div class=\"pvc_clear\"><\/div>\n","protected":false},"author":1,"featured_media":0,"parent":0,"menu_order":0,"comment_status":"closed","ping_status":"closed","template":"","meta":{"footnotes":""},"class_list":["post-143","page","type-page","status-publish","hentry"],"a3_pvc":{"activated":true,"total_views":638,"today_views":0},"_links":{"self":[{"href":"https:\/\/travelchair.de\/index.php?rest_route=\/wp\/v2\/pages\/143","targetHints":{"allow":["GET"]}}],"collection":[{"href":"https:\/\/travelchair.de\/index.php?rest_route=\/wp\/v2\/pages"}],"about":[{"href":"https:\/\/travelchair.de\/index.php?rest_route=\/wp\/v2\/types\/page"}],"author":[{"embeddable":true,"href":"https:\/\/travelchair.de\/index.php?rest_route=\/wp\/v2\/users\/1"}],"replies":[{"embeddable":true,"href":"https:\/\/travelchair.de\/index.php?rest_route=%2Fwp%2Fv2%2Fcomments&post=143"}],"version-history":[{"count":12,"href":"https:\/\/travelchair.de\/index.php?rest_route=\/wp\/v2\/pages\/143\/revisions"}],"predecessor-version":[{"id":401,"href":"https:\/\/travelchair.de\/index.php?rest_route=\/wp\/v2\/pages\/143\/revisions\/401"}],"wp:attachment":[{"href":"https:\/\/travelchair.de\/index.php?rest_route=%2Fwp%2Fv2%2Fmedia&parent=143"}],"curies":[{"name":"wp","href":"https:\/\/api.w.org\/{rel}","templated":true}]}}