{"id":138,"date":"2020-01-22T21:00:31","date_gmt":"2020-01-22T21:00:31","guid":{"rendered":"http:\/\/travelchair.de\/?page_id=138"},"modified":"2020-03-07T23:30:03","modified_gmt":"2020-03-07T23:30:03","slug":"konzerthaus-dortmund","status":"publish","type":"page","link":"https:\/\/travelchair.de\/?page_id=138","title":{"rendered":"Konzerthaus Dortmund"},"content":{"rendered":"<p>WERBUNG, DA NENNUNG!<\/p>\n<h1>Konzerthaus<\/h1>\n<p>In der Fu\u00dfg\u00e4ngerzone rund um die Br\u00fcckstra\u00dfe liegt das Konzerthaus Dortmund. Wer in der N\u00e4he parken m\u00f6chte, dem bleibt nur das benachbarte Parkhaus, das jedoch nicht direkt mit dem Konzerthaus verbunden ist, bei Regen also nicht so ideal. Die beiden Eing\u00e4nge sind barrierefrei. Karten f\u00fcr Rollipl\u00e4tze m\u00fcssen telefonisch bestellt werden. Diese Pl\u00e4tze liegen in der ersten Reihe, jeweils rechts und links am Rand sowie auf dem Balkon. Begleitpersonen haben bei vorhandenem KZ\u00a0 &#8222;B&#8220; freien Eintritt. Allerdings kann es sein, je nachdem wie viele Rollstuhlpl\u00e4tze belegt sind, dass man nicht nebeneinander sitzt. Je nach Veranstaltung kaufe ich &#8222;normale&#8220; Karten, da ich noch kurze Strecken laufen kann. Der Rollstuhl oder Rollator wird vom Personal abseits geparkt und zur Pause bzw. zum Ende der Veranstaltung wieder vorgefahren. Die Etagen 1-3 sind per Aufzug erreichbar.\u00a0 Da es allerdings nur 2 Aufz\u00fcge sind, ist die Wartezeit gerade zum Veranstaltungsende sehr lang. Im Erdgeschoss gibt es rollstuhlgerechte WCs, die mit dem Euro-Schl\u00fcssel zu \u00f6ffnen sind oder vom Personal aufgeschlossen werden. Blinde oder stark sehbehinderte G\u00e4ste (auch mit Blindenhund) sowie Nutzer von H\u00f6rhilfen sollten sich vorab informieren unter T 0231 &#8211; 22 696 200.<\/p>\n<p><img loading=\"lazy\" decoding=\"async\" class=\"alignnone size-medium wp-image-214\" src=\"http:\/\/travelchair.de\/wp-content\/uploads\/2020\/02\/20191222_160244-300x225.jpg\" alt=\"\" width=\"300\" height=\"225\" srcset=\"https:\/\/travelchair.de\/wp-content\/uploads\/2020\/02\/20191222_160244-300x225.jpg 300w, https:\/\/travelchair.de\/wp-content\/uploads\/2020\/02\/20191222_160244-768x576.jpg 768w, https:\/\/travelchair.de\/wp-content\/uploads\/2020\/02\/20191222_160244.jpg 800w\" sizes=\"auto, (max-width: 300px) 100vw, 300px\" \/><\/p>\n<p>2. Balkon<\/p>\n<p><img loading=\"lazy\" decoding=\"async\" class=\"alignnone size-medium wp-image-238\" src=\"http:\/\/travelchair.de\/wp-content\/uploads\/2020\/02\/20200208_170505-300x225.jpg\" alt=\"\" width=\"300\" height=\"225\" srcset=\"https:\/\/travelchair.de\/wp-content\/uploads\/2020\/02\/20200208_170505-300x225.jpg 300w, https:\/\/travelchair.de\/wp-content\/uploads\/2020\/02\/20200208_170505-768x576.jpg 768w, https:\/\/travelchair.de\/wp-content\/uploads\/2020\/02\/20200208_170505.jpg 800w\" sizes=\"auto, (max-width: 300px) 100vw, 300px\" \/><\/p>\n<ol>\n<li>Balkon<\/li>\n<\/ol>\n<p>Die oberste Etage &#8222;Galerie&#8220; ist nicht barrierefrei. Der Aufzug geht nur bis zur dritten Etage, zur Galerie f\u00fchren nur Treppen. Die Sicht von dort oben ist sehr eingeschr\u00e4nkt, man hat nicht die ganze B\u00fchne im Blick. Normale Toiletten sind vorhanden sowie eine Au\u00dfenterrasse f\u00fcr die Raucher. F\u00fcr Getr\u00e4nke und Snacks muss man wieder in die unteren Etagen.<\/p>\n<p><img loading=\"lazy\" decoding=\"async\" class=\"alignnone size-medium wp-image-296\" src=\"http:\/\/travelchair.de\/wp-content\/uploads\/2020\/02\/20200222_195624-300x225.jpg\" alt=\"\" width=\"300\" height=\"225\" srcset=\"https:\/\/travelchair.de\/wp-content\/uploads\/2020\/02\/20200222_195624-300x225.jpg 300w, https:\/\/travelchair.de\/wp-content\/uploads\/2020\/02\/20200222_195624-768x576.jpg 768w, https:\/\/travelchair.de\/wp-content\/uploads\/2020\/02\/20200222_195624.jpg 800w\" sizes=\"auto, (max-width: 300px) 100vw, 300px\" \/><\/p>\n<p>Galerie<\/p>\n<p>&nbsp;<\/p>\n<p><img loading=\"lazy\" decoding=\"async\" class=\"alignnone size-medium wp-image-297\" src=\"http:\/\/travelchair.de\/wp-content\/uploads\/2020\/02\/20200222_194649-300x225.jpg\" alt=\"\" width=\"300\" height=\"225\" srcset=\"https:\/\/travelchair.de\/wp-content\/uploads\/2020\/02\/20200222_194649-300x225.jpg 300w, https:\/\/travelchair.de\/wp-content\/uploads\/2020\/02\/20200222_194649-768x576.jpg 768w, https:\/\/travelchair.de\/wp-content\/uploads\/2020\/02\/20200222_194649.jpg 800w\" sizes=\"auto, (max-width: 300px) 100vw, 300px\" \/><\/p>\n<p><img loading=\"lazy\" decoding=\"async\" class=\"alignnone size-medium wp-image-298\" src=\"http:\/\/travelchair.de\/wp-content\/uploads\/2020\/02\/20200222_194659-300x225.jpg\" alt=\"\" width=\"300\" height=\"225\" srcset=\"https:\/\/travelchair.de\/wp-content\/uploads\/2020\/02\/20200222_194659-300x225.jpg 300w, https:\/\/travelchair.de\/wp-content\/uploads\/2020\/02\/20200222_194659-768x576.jpg 768w, https:\/\/travelchair.de\/wp-content\/uploads\/2020\/02\/20200222_194659.jpg 800w\" sizes=\"auto, (max-width: 300px) 100vw, 300px\" \/><\/p>\n<p>Die barrierefreie Toilette im Erdgeschoss<\/p>\n<h6>Kartenkauf &amp; Informationen<\/h6>\n<p>Br\u00fcckstra\u00dfe 21<br \/>\n44135 Dortmund<\/p>\n<p>Telefon: +49 (0)231-22 696 200<\/p>\n<p><a href=\"https:\/\/www.konzerthaus-dortmund.de\">https:\/\/www.konzerthaus-dortmund.de<\/a><\/p>\n<p>1.2020<\/p>\n<div class=\"pvc_clear\"><\/div>\n<p id=\"pvc_stats_138\" class=\"pvc_stats all  \" data-element-id=\"138\" style=\"\"><i class=\"pvc-stats-icon medium\" aria-hidden=\"true\"><svg aria-hidden=\"true\" focusable=\"false\" data-prefix=\"far\" data-icon=\"chart-bar\" role=\"img\" xmlns=\"http:\/\/www.w3.org\/2000\/svg\" viewBox=\"0 0 512 512\" class=\"svg-inline--fa fa-chart-bar fa-w-16 fa-2x\"><path fill=\"currentColor\" d=\"M396.8 352h22.4c6.4 0 12.8-6.4 12.8-12.8V108.8c0-6.4-6.4-12.8-12.8-12.8h-22.4c-6.4 0-12.8 6.4-12.8 12.8v230.4c0 6.4 6.4 12.8 12.8 12.8zm-192 0h22.4c6.4 0 12.8-6.4 12.8-12.8V140.8c0-6.4-6.4-12.8-12.8-12.8h-22.4c-6.4 0-12.8 6.4-12.8 12.8v198.4c0 6.4 6.4 12.8 12.8 12.8zm96 0h22.4c6.4 0 12.8-6.4 12.8-12.8V204.8c0-6.4-6.4-12.8-12.8-12.8h-22.4c-6.4 0-12.8 6.4-12.8 12.8v134.4c0 6.4 6.4 12.8 12.8 12.8zM496 400H48V80c0-8.84-7.16-16-16-16H16C7.16 64 0 71.16 0 80v336c0 17.67 14.33 32 32 32h464c8.84 0 16-7.16 16-16v-16c0-8.84-7.16-16-16-16zm-387.2-48h22.4c6.4 0 12.8-6.4 12.8-12.8v-70.4c0-6.4-6.4-12.8-12.8-12.8h-22.4c-6.4 0-12.8 6.4-12.8 12.8v70.4c0 6.4 6.4 12.8 12.8 12.8z\" class=\"\"><\/path><\/svg><\/i> <img loading=\"lazy\" decoding=\"async\" width=\"16\" height=\"16\" alt=\"Loading\" src=\"https:\/\/travelchair.de\/wp-content\/plugins\/page-views-count\/ajax-loader-2x.gif\" border=0 \/><\/p>\n<div class=\"pvc_clear\"><\/div>\n","protected":false},"excerpt":{"rendered":"<p>WERBUNG, DA NENNUNG! Konzerthaus In der Fu\u00dfg\u00e4ngerzone rund um die Br\u00fcckstra\u00dfe liegt das Konzerthaus Dortmund. Wer in der N\u00e4he parken m\u00f6chte, dem bleibt nur das benachbarte Parkhaus, das jedoch nicht direkt mit dem Konzerthaus verbunden ist, bei Regen also nicht so ideal. Die beiden Eing\u00e4nge sind barrierefrei. Karten f\u00fcr Rollipl\u00e4tze m\u00fcssen telefonisch bestellt werden. Diese &hellip; <a href=\"https:\/\/travelchair.de\/?page_id=138\" class=\"more-link\"><span class=\"screen-reader-text\">Konzerthaus Dortmund<\/span> weiterlesen <span class=\"meta-nav\">&rarr;<\/span><\/a><\/p>\n<div class=\"pvc_clear\"><\/div>\n<p id=\"pvc_stats_138\" class=\"pvc_stats all  \" data-element-id=\"138\" style=\"\"><i class=\"pvc-stats-icon medium\" aria-hidden=\"true\"><svg aria-hidden=\"true\" focusable=\"false\" data-prefix=\"far\" data-icon=\"chart-bar\" role=\"img\" xmlns=\"http:\/\/www.w3.org\/2000\/svg\" viewBox=\"0 0 512 512\" class=\"svg-inline--fa fa-chart-bar fa-w-16 fa-2x\"><path fill=\"currentColor\" d=\"M396.8 352h22.4c6.4 0 12.8-6.4 12.8-12.8V108.8c0-6.4-6.4-12.8-12.8-12.8h-22.4c-6.4 0-12.8 6.4-12.8 12.8v230.4c0 6.4 6.4 12.8 12.8 12.8zm-192 0h22.4c6.4 0 12.8-6.4 12.8-12.8V140.8c0-6.4-6.4-12.8-12.8-12.8h-22.4c-6.4 0-12.8 6.4-12.8 12.8v198.4c0 6.4 6.4 12.8 12.8 12.8zm96 0h22.4c6.4 0 12.8-6.4 12.8-12.8V204.8c0-6.4-6.4-12.8-12.8-12.8h-22.4c-6.4 0-12.8 6.4-12.8 12.8v134.4c0 6.4 6.4 12.8 12.8 12.8zM496 400H48V80c0-8.84-7.16-16-16-16H16C7.16 64 0 71.16 0 80v336c0 17.67 14.33 32 32 32h464c8.84 0 16-7.16 16-16v-16c0-8.84-7.16-16-16-16zm-387.2-48h22.4c6.4 0 12.8-6.4 12.8-12.8v-70.4c0-6.4-6.4-12.8-12.8-12.8h-22.4c-6.4 0-12.8 6.4-12.8 12.8v70.4c0 6.4 6.4 12.8 12.8 12.8z\" class=\"\"><\/path><\/svg><\/i> <img loading=\"lazy\" decoding=\"async\" width=\"16\" height=\"16\" alt=\"Loading\" src=\"https:\/\/travelchair.de\/wp-content\/plugins\/page-views-count\/ajax-loader-2x.gif\" border=0 \/><\/p>\n<div class=\"pvc_clear\"><\/div>\n","protected":false},"author":1,"featured_media":300,"parent":0,"menu_order":0,"comment_status":"closed","ping_status":"closed","template":"","meta":{"footnotes":""},"class_list":["post-138","page","type-page","status-publish","has-post-thumbnail","hentry"],"a3_pvc":{"activated":true,"total_views":685,"today_views":1},"_links":{"self":[{"href":"https:\/\/travelchair.de\/index.php?rest_route=\/wp\/v2\/pages\/138","targetHints":{"allow":["GET"]}}],"collection":[{"href":"https:\/\/travelchair.de\/index.php?rest_route=\/wp\/v2\/pages"}],"about":[{"href":"https:\/\/travelchair.de\/index.php?rest_route=\/wp\/v2\/types\/page"}],"author":[{"embeddable":true,"href":"https:\/\/travelchair.de\/index.php?rest_route=\/wp\/v2\/users\/1"}],"replies":[{"embeddable":true,"href":"https:\/\/travelchair.de\/index.php?rest_route=%2Fwp%2Fv2%2Fcomments&post=138"}],"version-history":[{"count":13,"href":"https:\/\/travelchair.de\/index.php?rest_route=\/wp\/v2\/pages\/138\/revisions"}],"predecessor-version":[{"id":400,"href":"https:\/\/travelchair.de\/index.php?rest_route=\/wp\/v2\/pages\/138\/revisions\/400"}],"wp:featuredmedia":[{"embeddable":true,"href":"https:\/\/travelchair.de\/index.php?rest_route=\/wp\/v2\/media\/300"}],"wp:attachment":[{"href":"https:\/\/travelchair.de\/index.php?rest_route=%2Fwp%2Fv2%2Fmedia&parent=138"}],"curies":[{"name":"wp","href":"https:\/\/api.w.org\/{rel}","templated":true}]}}