{"id":40,"date":"2019-11-17T13:20:08","date_gmt":"2019-11-17T13:20:08","guid":{"rendered":"http:\/\/travelchair.de\/?page_id=40"},"modified":"2020-03-07T22:24:58","modified_gmt":"2020-03-07T22:24:58","slug":"fallschirmsprung","status":"publish","type":"page","link":"http:\/\/travelchair.de\/?page_id=40","title":{"rendered":"Fallschirmsprung 8.2019"},"content":{"rendered":"<h1>Nicht tr\u00e4umen, machen!<\/h1>\r\n<p>Meine Freundin Susanne hat mich mal nach meinen Tr\u00e4umen gefragt\u00a0 und ich habe ihr von dem Wunsch nach einem Fallschirmsprung erz\u00e4hlt.<br class=\"\" \/>Ihre Reaktion: &#8220; Nicht tr\u00e4umen, machen !&#8220;.\u00a0 Sie hat gegoogelt, ob und wo Tandemspr\u00fcnge f\u00fcr Menschen mit Handicap angeboten werden und ist auf Franzi und Bertl von <a class=\"\" href=\"https:\/\/deref-gmx.net\/mail\/client\/VpCEk2g30m8\/dereferrer\/?redirectUrl=http%3A%2F%2Ffallschirmsprung-tandem.de%2F\" target=\"_blank\" rel=\"noopener noreferrer\">Fallschirmsprung-tandem.de<\/a> gesto\u00dfen. Die Beratung per Telefon war unkompliziert und locker. Nach kurzer R\u00fccksprache mit mir hat sie gebucht und gemeinsam haben wir nach einer Unterkunft gesucht.<br class=\"\" \/><br class=\"\" \/>\u00dcbernachtet haben wir in Lohberg, bis zum Flughafen Klatovy in Tschechien, war es noch ca. eine Stunde Fahrt. Am Flugplatz angekommen, erwartete uns ein buntes Bild: eine Rasenpiste, ein Restaurant, eine gro\u00dfe Halle, ein Zirkuszelt und jede Menge Buden und Caravans. Nachdem wir den Wohnwagen von Bertl gefunden hatten, wurde erstmal die B\u00fcrokratie erledigt &#8211; Bezahlung, Vertrag, Foto\/Video-Paket.<br class=\"\" \/><br class=\"\" \/>Anschlie\u00dfend erfolgte die Einweisung von Bertl, was macht man wann und worauf muss man achten. Danach lernten wir unsere Tandemmaster Tan und Mike kennen. Mike hat bereits 9000 Spr\u00fcnge absolviert und eine Genehmigung f\u00fcr den Sprung mit Gehandicapten. Er hat mir alles nochmal genau erkl\u00e4rt, ich bekam einen Overall zum Anziehen und das spezielle Gurtsystem wurde angelegt. Daf\u00fcr wurden die Beine mit Gurten und Klettb\u00e4ndern zusammen gehalten. Eine &#8222;Flucht&#8220; war somit nicht mehr m\u00f6glich. F\u00fcr den Absprung wurden die Beine so fixiert, dass sie nach hinten angewinkelt werden. Nach dem freien Fall und dem Beginn der Gleitphase wird die Fixierung gel\u00f6st und die Beine werden vorne in &#8222;Sitzposition&#8220; per Karabiner eingehakt, dabei konnte ich mithelfen, indem ich die verschn\u00fcrten Beine am Gurt nach oben gezogen habe.<br class=\"\" \/><br class=\"\" \/>Pl\u00f6tzlich hatte ich eine kleine Videokamera vor der Nase und wurde von Bertl f\u00fcr mein Video interviewt und f\u00fcr den Flug motiviert.<br class=\"\" \/><br class=\"\" \/>Wegen eines Regenschauers verz\u00f6gerte sich der Sprung. Wir haben mit dem Team geplaudert und uns etwas umgeschaut. Da \u00fcberwiegend alles Rasenfl\u00e4che ist, war es etwas holperig. Eine rollstuhlgerechte Toilette ist nicht vorhanden. Insgesamt war es eine sehr entspannte und l\u00e4ssige Atmosph\u00e4re, so dass sich die Nervosit\u00e4t noch in Grenzen hielt. Nach einer ca. einst\u00fcndigen Wartezeit bekamen wir Bescheid, jetzt ging es endlich los. Mit dem Rolli ging es \u00fcber die Rasenpiste zum Flieger, eine recht abenteuerlich bemalte Propellermaschine. Mit zwei Mann wurde ich in den Flieger gehoben und zu meinem Sitzplatz auf dem Boden gezogen. Die Maschine f\u00fcllte sich nach und nach, insgesamt waren es vier Tandemspringer und ca. 20 Einzelspringer. Die Absprungreihenfolge wurde gekl\u00e4rt. Franzi und Bertl waren auch dabei, um Mike und mir vor dem Sprung zu helfen. Es ging hoch auf ca. 4300 Meter. Mike zeigte mir die Umgebung, erkl\u00e4rte nochmal den Ablauf und versicherte mir, dass die Erdanziehung auch in Tschechien funktioniert &#8211; sehr beruhigend ;-). Dann fing er an, mich an seinen Gurten einzuklinken und \u00fcberpr\u00fcfte alles mehrmals gewissenhaft.<br class=\"\" \/><br class=\"\" \/>Es wurde unruhig im Flieger und die ersten standen auf. Als die Klappe hinten aufging wurde mir doch mulmig.\u00a0 Es war wie ein gro\u00dfer, fliegender M\u00fclleimer, dessen Inhalt gleich nach draussen bef\u00f6rdert wird. Diejenigen, die vor uns sprangen waren schnell verschwunden. Pl\u00f6tzlich stand bzw. hing ich selber an der Kante und beim dem Blick nach unten wurde mir ganz anders. &#8220; Was tue ich hier eigentlich &#8222;, &#8220; das war&#8217;s dann wohl&#8220;&#8230;.alles m\u00f6gliche schoss mir durch den Kopf.<br class=\"\" \/>Mike legte meinen Kopf in den Nacken und dann ging es auch schon abw\u00e4rts. 60 Sekunden freier Fall mit ca. 126 kmh&#8230;.atemberaubend. Nach kurzem Schulter klopfen, breitete ich die Arme aus und versuchte in die Kamera zu l\u00e4cheln. Mike l\u00f6ste den Fallschirm aus und die Gleitphase begann. Nach einem Moment der Erleichterung wurde die hintere Fixierung der Beine gel\u00f6st und wie besprochen nach vorne verlegt. Ganz entspannt segelten wir durch die Luft und ich genoss die Aussicht und das schwerelose Gef\u00fchl. Nach ca. 8 Minuten ging es langsam in Richtung Landebahn. Ein paar Helfer standen schon parat, um uns zu helfen und viel zu schnell war ich zur\u00fcck auf dem Boden der Tatsachen.<br class=\"\" \/>Die Gurte wurden gel\u00f6st und ich wurde wieder in meinen Rolli gesetzt. <br class=\"\" \/><br class=\"\" \/>An dieser Stelle ein dickes Dankesch\u00f6n an Mike f\u00fcr Deine Hilfe, Deine Gelassenheit und Deinen Humor. Die Erdanziehung hat tats\u00e4chlich funktioniert!<br class=\"\" \/><br class=\"\" \/>Meine Freundin kam strahlend von ihrer Landung und wir fielen uns in die Arme &#8211; lachend, weinend, \u00fcberw\u00e4ltigt, gl\u00fccklich zugleich. F\u00fcr den restlichen Abend bekamen wir das Grinsen nicht mehr aus dem Gesicht. Bertl \u00fcberreichte uns unsere Urkunden. Wir verabschiedeten uns von ihm und Franzi. Ihr seid ein super Team, vielen lieben Dank!!!<br class=\"\" \/>Der Druck in den Ohren hielt noch ein Weilchen an, der Hunger meldete sich langsam zur\u00fcck. <br class=\"\" \/><br class=\"\" \/>Es war ein wunderbarer Tag mit einem Gl\u00fccksgef\u00fchl, das noch lange anhielt. Und es hat sich gezeigt, dass f\u00fcr Rollifahrer vieles m\u00f6glich ist. Nicht nur tr\u00e4umen, machen!!!!<\/p>\r\n<figure id=\"attachment_81\" aria-describedby=\"caption-attachment-81\" style=\"width: 300px\" class=\"wp-caption alignnone\"><img loading=\"lazy\" decoding=\"async\" class=\"size-medium wp-image-81\" src=\"http:\/\/travelchair.de\/wp-content\/uploads\/2020\/01\/Tandemsprung-116.png-300x169.jpg\" alt=\"\" width=\"300\" height=\"169\" srcset=\"http:\/\/travelchair.de\/wp-content\/uploads\/2020\/01\/Tandemsprung-116.png-300x169.jpg 300w, http:\/\/travelchair.de\/wp-content\/uploads\/2020\/01\/Tandemsprung-116.png-768x432.jpg 768w, http:\/\/travelchair.de\/wp-content\/uploads\/2020\/01\/Tandemsprung-116.png.jpg 800w\" sizes=\"auto, (max-width: 300px) 100vw, 300px\" \/><figcaption id=\"caption-attachment-81\" class=\"wp-caption-text\">Ab in den Flieger<\/figcaption><\/figure>\r\n<figure id=\"attachment_82\" aria-describedby=\"caption-attachment-82\" style=\"width: 300px\" class=\"wp-caption alignnone\"><img loading=\"lazy\" decoding=\"async\" class=\"size-medium wp-image-82\" src=\"http:\/\/travelchair.de\/wp-content\/uploads\/2020\/01\/Tandemsprung-213.png-300x169.jpg\" alt=\"\" width=\"300\" height=\"169\" srcset=\"http:\/\/travelchair.de\/wp-content\/uploads\/2020\/01\/Tandemsprung-213.png-300x169.jpg 300w, http:\/\/travelchair.de\/wp-content\/uploads\/2020\/01\/Tandemsprung-213.png-768x432.jpg 768w, http:\/\/travelchair.de\/wp-content\/uploads\/2020\/01\/Tandemsprung-213.png.jpg 800w\" sizes=\"auto, (max-width: 300px) 100vw, 300px\" \/><figcaption id=\"caption-attachment-82\" class=\"wp-caption-text\">Es geht hoch hinaus.<\/figcaption><\/figure>\r\n<figure id=\"attachment_86\" aria-describedby=\"caption-attachment-86\" style=\"width: 300px\" class=\"wp-caption alignnone\"><img loading=\"lazy\" decoding=\"async\" class=\"size-medium wp-image-86\" src=\"http:\/\/travelchair.de\/wp-content\/uploads\/2020\/01\/Tandemsprung-550.png-300x169.jpg\" alt=\"\" width=\"300\" height=\"169\" srcset=\"http:\/\/travelchair.de\/wp-content\/uploads\/2020\/01\/Tandemsprung-550.png-300x169.jpg 300w, http:\/\/travelchair.de\/wp-content\/uploads\/2020\/01\/Tandemsprung-550.png-768x432.jpg 768w, http:\/\/travelchair.de\/wp-content\/uploads\/2020\/01\/Tandemsprung-550.png.jpg 800w\" sizes=\"auto, (max-width: 300px) 100vw, 300px\" \/><figcaption id=\"caption-attachment-86\" class=\"wp-caption-text\">An der Absprungkante<\/figcaption><\/figure>\r\n<p><img loading=\"lazy\" decoding=\"async\" class=\"size-medium wp-image-90\" src=\"http:\/\/travelchair.de\/wp-content\/uploads\/2020\/01\/Tandemsprung-572.png-1-300x169.jpg\" alt=\"\" width=\"300\" height=\"169\" srcset=\"http:\/\/travelchair.de\/wp-content\/uploads\/2020\/01\/Tandemsprung-572.png-1-300x169.jpg 300w, http:\/\/travelchair.de\/wp-content\/uploads\/2020\/01\/Tandemsprung-572.png-1-768x432.jpg 768w, http:\/\/travelchair.de\/wp-content\/uploads\/2020\/01\/Tandemsprung-572.png-1.jpg 800w\" sizes=\"auto, (max-width: 300px) 100vw, 300px\" \/><\/p>\r\n<figure id=\"attachment_89\" aria-describedby=\"caption-attachment-89\" style=\"width: 300px\" class=\"wp-caption alignnone\"><img loading=\"lazy\" decoding=\"async\" class=\"size-medium wp-image-89\" src=\"http:\/\/travelchair.de\/wp-content\/uploads\/2020\/01\/Tandemsprung-625.png-300x169.jpg\" alt=\"\" width=\"300\" height=\"169\" srcset=\"http:\/\/travelchair.de\/wp-content\/uploads\/2020\/01\/Tandemsprung-625.png-300x169.jpg 300w, http:\/\/travelchair.de\/wp-content\/uploads\/2020\/01\/Tandemsprung-625.png-768x432.jpg 768w, http:\/\/travelchair.de\/wp-content\/uploads\/2020\/01\/Tandemsprung-625.png.jpg 800w\" sizes=\"auto, (max-width: 300px) 100vw, 300px\" \/><figcaption id=\"caption-attachment-89\" class=\"wp-caption-text\">freier Fall<\/figcaption><\/figure>\r\n<p><img loading=\"lazy\" decoding=\"async\" class=\"alignnone size-medium wp-image-88\" src=\"http:\/\/travelchair.de\/wp-content\/uploads\/2020\/01\/Tandemsprung-580.png-300x169.jpg\" alt=\"\" width=\"300\" height=\"169\" srcset=\"http:\/\/travelchair.de\/wp-content\/uploads\/2020\/01\/Tandemsprung-580.png-300x169.jpg 300w, http:\/\/travelchair.de\/wp-content\/uploads\/2020\/01\/Tandemsprung-580.png-768x432.jpg 768w, http:\/\/travelchair.de\/wp-content\/uploads\/2020\/01\/Tandemsprung-580.png.jpg 800w\" sizes=\"auto, (max-width: 300px) 100vw, 300px\" \/><\/p>\r\n<figure id=\"attachment_85\" aria-describedby=\"caption-attachment-85\" style=\"width: 300px\" class=\"wp-caption alignnone\"><img loading=\"lazy\" decoding=\"async\" class=\"size-medium wp-image-85\" src=\"http:\/\/travelchair.de\/wp-content\/uploads\/2020\/01\/Tandemsprung-389.png-300x169.jpg\" alt=\"\" width=\"300\" height=\"169\" srcset=\"http:\/\/travelchair.de\/wp-content\/uploads\/2020\/01\/Tandemsprung-389.png-300x169.jpg 300w, http:\/\/travelchair.de\/wp-content\/uploads\/2020\/01\/Tandemsprung-389.png-768x432.jpg 768w, http:\/\/travelchair.de\/wp-content\/uploads\/2020\/01\/Tandemsprung-389.png.jpg 800w\" sizes=\"auto, (max-width: 300px) 100vw, 300px\" \/><figcaption id=\"caption-attachment-85\" class=\"wp-caption-text\">Gleitflug<\/figcaption><\/figure>\r\n<p><img loading=\"lazy\" decoding=\"async\" class=\"alignnone size-medium wp-image-83\" src=\"http:\/\/travelchair.de\/wp-content\/uploads\/2020\/01\/Tandemsprung-330.png-300x169.jpg\" alt=\"\" width=\"300\" height=\"169\" srcset=\"http:\/\/travelchair.de\/wp-content\/uploads\/2020\/01\/Tandemsprung-330.png-300x169.jpg 300w, http:\/\/travelchair.de\/wp-content\/uploads\/2020\/01\/Tandemsprung-330.png-768x432.jpg 768w, http:\/\/travelchair.de\/wp-content\/uploads\/2020\/01\/Tandemsprung-330.png.jpg 800w\" sizes=\"auto, (max-width: 300px) 100vw, 300px\" \/>\u00a0<\/p>\r\n<p><img loading=\"lazy\" decoding=\"async\" class=\"alignnone size-medium wp-image-84\" src=\"http:\/\/travelchair.de\/wp-content\/uploads\/2020\/01\/Tandemsprung-371.png-300x169.jpg\" alt=\"\" width=\"300\" height=\"169\" srcset=\"http:\/\/travelchair.de\/wp-content\/uploads\/2020\/01\/Tandemsprung-371.png-300x169.jpg 300w, http:\/\/travelchair.de\/wp-content\/uploads\/2020\/01\/Tandemsprung-371.png-768x432.jpg 768w, http:\/\/travelchair.de\/wp-content\/uploads\/2020\/01\/Tandemsprung-371.png.jpg 800w\" sizes=\"auto, (max-width: 300px) 100vw, 300px\" \/><\/p>\r\n\r\n<p>&nbsp;<\/p>\r\n\r\n\r\n\r\n<figure class=\"wp-block-image size-large\"><a href=\"https:\/\/www.fallschirmsprung-tandem.de\/tandemsprung-mit-rollstuhl\/\">Bild anklicken f\u00fcr den Videofilm auf www.fallschirmsprung-tandem.de<img loading=\"lazy\" decoding=\"async\" width=\"1024\" height=\"576\" class=\"wp-image-51\" src=\"http:\/\/travelchair.de\/wp-content\/uploads\/2019\/11\/tandemsprung-599-1024x576.png\" alt=\"\" srcset=\"http:\/\/travelchair.de\/wp-content\/uploads\/2019\/11\/tandemsprung-599-1024x576.png 1024w, http:\/\/travelchair.de\/wp-content\/uploads\/2019\/11\/tandemsprung-599-300x169.png 300w, http:\/\/travelchair.de\/wp-content\/uploads\/2019\/11\/tandemsprung-599-768x432.png 768w, http:\/\/travelchair.de\/wp-content\/uploads\/2019\/11\/tandemsprung-599-1536x864.png 1536w, http:\/\/travelchair.de\/wp-content\/uploads\/2019\/11\/tandemsprung-599.png 1920w\" sizes=\"auto, (max-width: 1024px) 100vw, 1024px\" \/><\/a><\/figure>\r\n<div class=\"pvc_clear\"><\/div><p id=\"pvc_stats_40\" class=\"pvc_stats all  \" data-element-id=\"40\" style=\"\"><i class=\"pvc-stats-icon medium\" aria-hidden=\"true\"><svg aria-hidden=\"true\" focusable=\"false\" data-prefix=\"far\" data-icon=\"chart-bar\" role=\"img\" xmlns=\"http:\/\/www.w3.org\/2000\/svg\" viewBox=\"0 0 512 512\" class=\"svg-inline--fa fa-chart-bar fa-w-16 fa-2x\"><path fill=\"currentColor\" d=\"M396.8 352h22.4c6.4 0 12.8-6.4 12.8-12.8V108.8c0-6.4-6.4-12.8-12.8-12.8h-22.4c-6.4 0-12.8 6.4-12.8 12.8v230.4c0 6.4 6.4 12.8 12.8 12.8zm-192 0h22.4c6.4 0 12.8-6.4 12.8-12.8V140.8c0-6.4-6.4-12.8-12.8-12.8h-22.4c-6.4 0-12.8 6.4-12.8 12.8v198.4c0 6.4 6.4 12.8 12.8 12.8zm96 0h22.4c6.4 0 12.8-6.4 12.8-12.8V204.8c0-6.4-6.4-12.8-12.8-12.8h-22.4c-6.4 0-12.8 6.4-12.8 12.8v134.4c0 6.4 6.4 12.8 12.8 12.8zM496 400H48V80c0-8.84-7.16-16-16-16H16C7.16 64 0 71.16 0 80v336c0 17.67 14.33 32 32 32h464c8.84 0 16-7.16 16-16v-16c0-8.84-7.16-16-16-16zm-387.2-48h22.4c6.4 0 12.8-6.4 12.8-12.8v-70.4c0-6.4-6.4-12.8-12.8-12.8h-22.4c-6.4 0-12.8 6.4-12.8 12.8v70.4c0 6.4 6.4 12.8 12.8 12.8z\" class=\"\"><\/path><\/svg><\/i> <img loading=\"lazy\" decoding=\"async\" width=\"16\" height=\"16\" alt=\"Loading\" src=\"http:\/\/travelchair.de\/wp-content\/plugins\/page-views-count\/ajax-loader-2x.gif\" border=0 \/><\/p><div class=\"pvc_clear\"><\/div>","protected":false},"excerpt":{"rendered":"<p>Nicht tr\u00e4umen, machen! Meine Freundin Susanne hat mich mal nach meinen Tr\u00e4umen gefragt\u00a0 und ich habe ihr von dem Wunsch nach einem Fallschirmsprung erz\u00e4hlt.Ihre Reaktion: &#8220; Nicht tr\u00e4umen, machen !&#8220;.\u00a0 Sie hat gegoogelt, ob und wo Tandemspr\u00fcnge f\u00fcr Menschen mit Handicap angeboten werden und ist auf Franzi und Bertl von Fallschirmsprung-tandem.de gesto\u00dfen. Die Beratung per &hellip; <a href=\"http:\/\/travelchair.de\/?page_id=40\" class=\"more-link\"><span class=\"screen-reader-text\">Fallschirmsprung 8.2019<\/span> weiterlesen <span class=\"meta-nav\">&rarr;<\/span><\/a><\/p>\n<div class=\"pvc_clear\"><\/div>\n<p id=\"pvc_stats_40\" class=\"pvc_stats all  \" data-element-id=\"40\" style=\"\"><i class=\"pvc-stats-icon medium\" aria-hidden=\"true\"><svg aria-hidden=\"true\" focusable=\"false\" data-prefix=\"far\" data-icon=\"chart-bar\" role=\"img\" xmlns=\"http:\/\/www.w3.org\/2000\/svg\" viewBox=\"0 0 512 512\" class=\"svg-inline--fa fa-chart-bar fa-w-16 fa-2x\"><path fill=\"currentColor\" d=\"M396.8 352h22.4c6.4 0 12.8-6.4 12.8-12.8V108.8c0-6.4-6.4-12.8-12.8-12.8h-22.4c-6.4 0-12.8 6.4-12.8 12.8v230.4c0 6.4 6.4 12.8 12.8 12.8zm-192 0h22.4c6.4 0 12.8-6.4 12.8-12.8V140.8c0-6.4-6.4-12.8-12.8-12.8h-22.4c-6.4 0-12.8 6.4-12.8 12.8v198.4c0 6.4 6.4 12.8 12.8 12.8zm96 0h22.4c6.4 0 12.8-6.4 12.8-12.8V204.8c0-6.4-6.4-12.8-12.8-12.8h-22.4c-6.4 0-12.8 6.4-12.8 12.8v134.4c0 6.4 6.4 12.8 12.8 12.8zM496 400H48V80c0-8.84-7.16-16-16-16H16C7.16 64 0 71.16 0 80v336c0 17.67 14.33 32 32 32h464c8.84 0 16-7.16 16-16v-16c0-8.84-7.16-16-16-16zm-387.2-48h22.4c6.4 0 12.8-6.4 12.8-12.8v-70.4c0-6.4-6.4-12.8-12.8-12.8h-22.4c-6.4 0-12.8 6.4-12.8 12.8v70.4c0 6.4 6.4 12.8 12.8 12.8z\" class=\"\"><\/path><\/svg><\/i> <img loading=\"lazy\" decoding=\"async\" width=\"16\" height=\"16\" alt=\"Loading\" src=\"http:\/\/travelchair.de\/wp-content\/plugins\/page-views-count\/ajax-loader-2x.gif\" border=0 \/><\/p>\n<div class=\"pvc_clear\"><\/div>\n","protected":false},"author":1,"featured_media":100,"parent":0,"menu_order":0,"comment_status":"closed","ping_status":"closed","template":"","meta":{"footnotes":""},"class_list":["post-40","page","type-page","status-publish","has-post-thumbnail","hentry"],"a3_pvc":{"activated":true,"total_views":157,"today_views":0},"_links":{"self":[{"href":"http:\/\/travelchair.de\/index.php?rest_route=\/wp\/v2\/pages\/40","targetHints":{"allow":["GET"]}}],"collection":[{"href":"http:\/\/travelchair.de\/index.php?rest_route=\/wp\/v2\/pages"}],"about":[{"href":"http:\/\/travelchair.de\/index.php?rest_route=\/wp\/v2\/types\/page"}],"author":[{"embeddable":true,"href":"http:\/\/travelchair.de\/index.php?rest_route=\/wp\/v2\/users\/1"}],"replies":[{"embeddable":true,"href":"http:\/\/travelchair.de\/index.php?rest_route=%2Fwp%2Fv2%2Fcomments&post=40"}],"version-history":[{"count":11,"href":"http:\/\/travelchair.de\/index.php?rest_route=\/wp\/v2\/pages\/40\/revisions"}],"predecessor-version":[{"id":388,"href":"http:\/\/travelchair.de\/index.php?rest_route=\/wp\/v2\/pages\/40\/revisions\/388"}],"wp:featuredmedia":[{"embeddable":true,"href":"http:\/\/travelchair.de\/index.php?rest_route=\/wp\/v2\/media\/100"}],"wp:attachment":[{"href":"http:\/\/travelchair.de\/index.php?rest_route=%2Fwp%2Fv2%2Fmedia&parent=40"}],"curies":[{"name":"wp","href":"https:\/\/api.w.org\/{rel}","templated":true}]}}