{"id":154,"date":"2020-01-22T21:13:40","date_gmt":"2020-01-22T21:13:40","guid":{"rendered":"http:\/\/travelchair.de\/?page_id=154"},"modified":"2020-03-07T23:24:56","modified_gmt":"2020-03-07T23:24:56","slug":"theater-kleinkunst-konzerte","status":"publish","type":"page","link":"http:\/\/travelchair.de\/?page_id=154","title":{"rendered":"Theater, Kleinkunst, Konzerte"},"content":{"rendered":"<p>WERBUNG, DA NENNUNG!<\/p>\n<h1><strong>Cabaret Queue Dortmund<\/strong><\/h1>\n<p>Ein Kleinkunst-Theater mit wechselndem Programm in Dortmund H\u00f6rde. Der Eingang ist barrierefrei. Man gelangt zun\u00e4chst in ein Restaurant, das nach der Vorstellung noch Getr\u00e4nke anbietet. Dahinter liegt der kleine Saal, der sehr eng bestuhlt ist. So m\u00fcssen f\u00fcr einen Rollstuhl zun\u00e4chst die St\u00fchle der Reihen dahinter beiseite ger\u00e4umt werden, aber das Personal ist hilfsbereit. Getr\u00e4nke werden im Saal serviert. Die Toilette ist nicht barrierefrei, die T\u00fcr ist zu schmal und die Kabine nur mit akrobatischer Leistung zu schlie\u00dfen. Rollstuhlkarten sind telefonisch zu bestellen.<\/p>\n<p>TELEFON \/<strong> (0231) 41 31 46<\/strong><br \/>\nEMAIL\u00a0\/\u00a0<a href=\"mailto:info@cabaret-queue.de\"><strong>info@cabaret-queue.de<\/strong><\/a><br \/>\nADRESSE \/ Hermannstr. 74, 44263 Dortmund-H\u00f6rde<\/p>\n<p><a href=\"https:\/\/www.cabaretqueue.de\/\">https:\/\/www.cabaretqueue.de\/<\/a><\/p>\n<p>12.2019<\/p>\n<p>&nbsp;<\/p>\n<h1><strong>Hansa-Theater Dortmund<\/strong><\/h1>\n<p>Ein weiteres, kleines Theater in Dortmund-H\u00f6rde f\u00fcr Comedy, Revue und Konzerte. Der Eingang ist barrierefrei. Ein gro\u00dfer\u00a0 Parkplatz ist ausgeschildert. Rollstuhl-Karten sollten telefonisch bestellt werden, damit der normale Stuhl entfernt werden kann. Ein barrierefreies WC ist vorhanden. Das Stand-WC ist erh\u00f6ht, aber es gibt keine Haltegriffe.<\/p>\n<p>Eckardtstr. 4a<br \/>\n44263 Dortmund<\/p>\n<p>Tel: +49 231 94 14 748<br \/>\nFax: +49 231 94 61 051<\/p>\n<p>Email: info@hansa-theater-hoerde.de<\/p>\n<p><a href=\"https:\/\/www.hansa-theater-hoerde.de\/\">https:\/\/www.hansa-theater-hoerde.de\/<\/a><\/p>\n<p>1.2020<\/p>\n<p>&nbsp;<\/p>\n<h1><strong>Theater Olpketal Dortmund<br \/>\n<\/strong><\/h1>\n<p>Das Theater von Bruno &#8222;G\u00fcnna&#8220; Knust\u00a0 &#8211; mit allen Klischees, die es \u00fcber Ruhrpottler gibt. Mittlerweile stehen auch andere K\u00fcnstler auf der B\u00fchne. Da der Haupteingang \u00fcber Treppen f\u00fchrt, gelangen Rollifahrer \u00fcber die Au\u00dfenterrasse der Gastronomie in den Vorraum und schlie\u00dflich \u00fcber den K\u00fcnstlereingang in den Saal. Die Karten sind am besten telefonisch zu bestellen, damit das Personal informiert wird und man entscheiden kann, ob man im Rolli sitzen bleibt oder sich auf einen Stuhl umsetzt. Der Rolli wird so lange au\u00dferhalb geparkt. Die oberste Etage ist nur \u00fcber eine Treppe zu erreichen. Ein rollstuhlgerechtes WC ist nicht vorhanden.<\/p>\n<p>Olpketalstra\u00dfe 90<br \/>\n44229 Dortmund<\/p>\n<p>T 0231 532 000-20<br \/>\nF 0231 532 000-29<\/p>\n<p><a href=\"https:\/\/www.theater-olpketal.de\/\">www.theater-olpketal.de<\/a><br \/>\ninfo@theater-olpketal.de<\/p>\n<p>&nbsp;<\/p>\n<p>&nbsp;<\/p>\n<h1><strong>Rohrmeisterei Schwerte<\/strong><\/h1>\n<p>Eine Halle f\u00fcr kleine Messen, Veranstaltungen und Konzerte. Der Eingang und der Zugang zum Saal sind barrierefrei. Ein rollstuhlgerechtes WC ist vorhanden. Zwei Rolli-Parkpl\u00e4tze sind in unmittelbarer N\u00e4he des Geb\u00e4udes.<\/p>\n<p class=\"p3\"><span class=\"s3\">T<strong>. <\/strong><\/span>02304-2013001<\/p>\n<p class=\"p4\">durchg\u00e4ngig per E-Mail<br \/>\n<span class=\"s3\">E-Mail<\/span>: <a href=\"mailto:info@rohrmeisterei-schwerte.de\"><span class=\"s4\">info@rohrmeisterei-schwerte.de<\/span><\/a><\/p>\n<p><a href=\"https:\/\/www.rohrmeisterei-schwerte.de\">www.rohrmeisterei-schwerte.de<\/a><\/p>\n<p>6.2019<\/p>\n<p>&nbsp;<\/p>\n<h1><strong>Erich G\u00f6pfert Stadthalle Unna<\/strong><\/h1>\n<p>Der Eingang ist barrierefrei, der Zugang zum Saal erfolgt \u00fcber einen Aufzug. Ein rollstuhlgerechtes WC ist vorhanden. Direkt an der Halle sind \u00fcber 500 kostenlose Parkpl\u00e4tze.<\/p>\n<p>Parkstr. 44<\/p>\n<p>59425 Unna<\/p>\n<p>Telefon: 02303 \/ 96 80 50<\/p>\n<p>Telefax: 02303 \/ 96 80 521<\/p>\n<p>E-Mail: info@unna-Marketing.de<\/p>\n<p><a href=\"http:\/\/www.unna-marketing.de\">http:\/\/www.unna-marketing.de<\/a><\/p>\n<p>2.2019<\/p>\n<p>&nbsp;<\/p>\n<div class=\"pvc_clear\"><\/div>\n<p id=\"pvc_stats_154\" class=\"pvc_stats all  \" data-element-id=\"154\" style=\"\"><i class=\"pvc-stats-icon medium\" aria-hidden=\"true\"><svg aria-hidden=\"true\" focusable=\"false\" data-prefix=\"far\" data-icon=\"chart-bar\" role=\"img\" xmlns=\"http:\/\/www.w3.org\/2000\/svg\" viewBox=\"0 0 512 512\" class=\"svg-inline--fa fa-chart-bar fa-w-16 fa-2x\"><path fill=\"currentColor\" d=\"M396.8 352h22.4c6.4 0 12.8-6.4 12.8-12.8V108.8c0-6.4-6.4-12.8-12.8-12.8h-22.4c-6.4 0-12.8 6.4-12.8 12.8v230.4c0 6.4 6.4 12.8 12.8 12.8zm-192 0h22.4c6.4 0 12.8-6.4 12.8-12.8V140.8c0-6.4-6.4-12.8-12.8-12.8h-22.4c-6.4 0-12.8 6.4-12.8 12.8v198.4c0 6.4 6.4 12.8 12.8 12.8zm96 0h22.4c6.4 0 12.8-6.4 12.8-12.8V204.8c0-6.4-6.4-12.8-12.8-12.8h-22.4c-6.4 0-12.8 6.4-12.8 12.8v134.4c0 6.4 6.4 12.8 12.8 12.8zM496 400H48V80c0-8.84-7.16-16-16-16H16C7.16 64 0 71.16 0 80v336c0 17.67 14.33 32 32 32h464c8.84 0 16-7.16 16-16v-16c0-8.84-7.16-16-16-16zm-387.2-48h22.4c6.4 0 12.8-6.4 12.8-12.8v-70.4c0-6.4-6.4-12.8-12.8-12.8h-22.4c-6.4 0-12.8 6.4-12.8 12.8v70.4c0 6.4 6.4 12.8 12.8 12.8z\" class=\"\"><\/path><\/svg><\/i> <img loading=\"lazy\" decoding=\"async\" width=\"16\" height=\"16\" alt=\"Loading\" src=\"http:\/\/travelchair.de\/wp-content\/plugins\/page-views-count\/ajax-loader-2x.gif\" border=0 \/><\/p>\n<div class=\"pvc_clear\"><\/div>\n","protected":false},"excerpt":{"rendered":"<p>WERBUNG, DA NENNUNG! Cabaret Queue Dortmund Ein Kleinkunst-Theater mit wechselndem Programm in Dortmund H\u00f6rde. Der Eingang ist barrierefrei. Man gelangt zun\u00e4chst in ein Restaurant, das nach der Vorstellung noch Getr\u00e4nke anbietet. Dahinter liegt der kleine Saal, der sehr eng bestuhlt ist. So m\u00fcssen f\u00fcr einen Rollstuhl zun\u00e4chst die St\u00fchle der Reihen dahinter beiseite ger\u00e4umt werden, &hellip; <a href=\"http:\/\/travelchair.de\/?page_id=154\" class=\"more-link\"><span class=\"screen-reader-text\">Theater, Kleinkunst, Konzerte<\/span> weiterlesen <span class=\"meta-nav\">&rarr;<\/span><\/a><\/p>\n<div class=\"pvc_clear\"><\/div>\n<p id=\"pvc_stats_154\" class=\"pvc_stats all  \" data-element-id=\"154\" style=\"\"><i class=\"pvc-stats-icon medium\" aria-hidden=\"true\"><svg aria-hidden=\"true\" focusable=\"false\" data-prefix=\"far\" data-icon=\"chart-bar\" role=\"img\" xmlns=\"http:\/\/www.w3.org\/2000\/svg\" viewBox=\"0 0 512 512\" class=\"svg-inline--fa fa-chart-bar fa-w-16 fa-2x\"><path fill=\"currentColor\" d=\"M396.8 352h22.4c6.4 0 12.8-6.4 12.8-12.8V108.8c0-6.4-6.4-12.8-12.8-12.8h-22.4c-6.4 0-12.8 6.4-12.8 12.8v230.4c0 6.4 6.4 12.8 12.8 12.8zm-192 0h22.4c6.4 0 12.8-6.4 12.8-12.8V140.8c0-6.4-6.4-12.8-12.8-12.8h-22.4c-6.4 0-12.8 6.4-12.8 12.8v198.4c0 6.4 6.4 12.8 12.8 12.8zm96 0h22.4c6.4 0 12.8-6.4 12.8-12.8V204.8c0-6.4-6.4-12.8-12.8-12.8h-22.4c-6.4 0-12.8 6.4-12.8 12.8v134.4c0 6.4 6.4 12.8 12.8 12.8zM496 400H48V80c0-8.84-7.16-16-16-16H16C7.16 64 0 71.16 0 80v336c0 17.67 14.33 32 32 32h464c8.84 0 16-7.16 16-16v-16c0-8.84-7.16-16-16-16zm-387.2-48h22.4c6.4 0 12.8-6.4 12.8-12.8v-70.4c0-6.4-6.4-12.8-12.8-12.8h-22.4c-6.4 0-12.8 6.4-12.8 12.8v70.4c0 6.4 6.4 12.8 12.8 12.8z\" class=\"\"><\/path><\/svg><\/i> <img loading=\"lazy\" decoding=\"async\" width=\"16\" height=\"16\" alt=\"Loading\" src=\"http:\/\/travelchair.de\/wp-content\/plugins\/page-views-count\/ajax-loader-2x.gif\" border=0 \/><\/p>\n<div class=\"pvc_clear\"><\/div>\n","protected":false},"author":1,"featured_media":0,"parent":0,"menu_order":0,"comment_status":"closed","ping_status":"closed","template":"","meta":{"footnotes":""},"class_list":["post-154","page","type-page","status-publish","hentry"],"a3_pvc":{"activated":true,"total_views":292,"today_views":0},"_links":{"self":[{"href":"http:\/\/travelchair.de\/index.php?rest_route=\/wp\/v2\/pages\/154","targetHints":{"allow":["GET"]}}],"collection":[{"href":"http:\/\/travelchair.de\/index.php?rest_route=\/wp\/v2\/pages"}],"about":[{"href":"http:\/\/travelchair.de\/index.php?rest_route=\/wp\/v2\/types\/page"}],"author":[{"embeddable":true,"href":"http:\/\/travelchair.de\/index.php?rest_route=\/wp\/v2\/users\/1"}],"replies":[{"embeddable":true,"href":"http:\/\/travelchair.de\/index.php?rest_route=%2Fwp%2Fv2%2Fcomments&post=154"}],"version-history":[{"count":14,"href":"http:\/\/travelchair.de\/index.php?rest_route=\/wp\/v2\/pages\/154\/revisions"}],"predecessor-version":[{"id":399,"href":"http:\/\/travelchair.de\/index.php?rest_route=\/wp\/v2\/pages\/154\/revisions\/399"}],"wp:attachment":[{"href":"http:\/\/travelchair.de\/index.php?rest_route=%2Fwp%2Fv2%2Fmedia&parent=154"}],"curies":[{"name":"wp","href":"https:\/\/api.w.org\/{rel}","templated":true}]}}